{"id":8911,"date":"2019-06-04T07:28:49","date_gmt":"2019-06-04T06:28:49","guid":{"rendered":"http:\/\/vhrc.fr\/?page_id=8911"},"modified":"2025-07-08T09:23:25","modified_gmt":"2025-07-08T08:23:25","slug":"2019-m4-grenoble","status":"publish","type":"page","link":"https:\/\/vhrc.fr\/en\/historique\/vhrc-lhistorique\/2019-vhrc\/2019-m4-grenoble\/","title":{"rendered":"2019 M4 Grenoble"},"content":{"rendered":"<p>MANCHE 4 Les\u00a0 22\/23 JUIN 2019,<br \/>\nCircuit Grenoble \/Club RACG<\/p>\n<p>Rte du bois Fran\u00e7ais\/ Montbonnot -St Martin38330<\/p>\n<figure id=\"attachment_8915\" aria-describedby=\"caption-attachment-8915\" style=\"width: 640px\" class=\"wp-caption alignnone\"><img loading=\"lazy\" decoding=\"async\" class=\"size-large wp-image-8915\" src=\"http:\/\/vhrc.fr\/wp-content\/uploads\/2019\/06\/vhrc2019-m4-grenoble-01-800x600.jpg\" alt=\"\" width=\"640\" height=\"480\" srcset=\"https:\/\/vhrc.fr\/wp-content\/uploads\/2019\/06\/vhrc2019-m4-grenoble-01-800x600.jpg 800w, https:\/\/vhrc.fr\/wp-content\/uploads\/2019\/06\/vhrc2019-m4-grenoble-01-400x300.jpg 400w, https:\/\/vhrc.fr\/wp-content\/uploads\/2019\/06\/vhrc2019-m4-grenoble-01-768x576.jpg 768w\" sizes=\"auto, (max-width: 640px) 100vw, 640px\" \/><figcaption id=\"caption-attachment-8915\" class=\"wp-caption-text\">vhrc2019 grenoble<\/figcaption><\/figure>\n<h1>Compte rendu ,M4 Grenoble Juin 2019<\/h1>\n<p>Nous voil\u00e0 sur le circuit de \u00a0\u00ab Montbonnot\u00a0 \u00ab\u00a0 en Is\u00e9re, le samedi 22Juin apr\u00e8s la pluie du matin,le soleil est venu s\u00eacher le circuit \u00e0 14h tous pr\u00e9sents ou presque !<\/p>\n<p>Laurent BASTIEN engag\u00e9 ne sera pas pr\u00e9sent retenu pour raison familiale et Laurent LOPPER ne pourra faire le d\u00e9placement .<\/p>\n<p>7 pilotes au compteur ? Une bonne apr\u00e8s midi de r\u00e9glages et monte pneu nous voil\u00e0 fin pr\u00eats pour demain dimanche.<\/p>\n<p>Une bonne nuit et un bon petit d\u00e9jeuner et de bonne heure nous voila sur ce fabuleux circuit\u00a0!<\/p>\n<p>La journ\u00e9e s&rsquo;annonce tr\u00e8s chaude (temp\u00e9rature). Au menu 3 qualifs de 10&prime;.<\/p>\n<p>All\u00e9chant tout cela\u00a0!L&rsquo;organisation sur toute la journ\u00e9e nous fera un timing de choix,que le \u00ab\u00a0paddock\u00a0\u00bb du VHRC\u00a0!a assur\u00e9.<\/p>\n<h2>9h30 ,en qualifs<\/h2>\n<p>Daniel BEGOU rencontrera un probl\u00e8me de roulement de platine de transmission et sa cloche d&#8217;embrayage se dessoudera,tout cela sera \u00e0 \u00a0r\u00e9parer !<\/p>\n<p>Maurice BLANES apprendra le circuit avec des sorties spectaculaires,sa Porsche tr\u00e8s fiable et rapide sera r\u00e9par\u00e9e, il sera en finale.<\/p>\n<p>Christophe MENOUD Mercedes C11 le m\u00e9tronome nous fera un festival de pilotage ,nouveau moteur zen&#8230;.. de\u00a0 29cm3 au couple ph\u00e9nom\u00e9nal\u00a0\u00bb\u00a0 intouchable&rsquo; en pneu mousse.<\/p>\n<p>Olivier MARTI turbo 5 rencontrera la perte d&rsquo;un cardan et l&rsquo;attache rapide de chaine qui a voulu prendre des vacances dans cette belle r\u00e9gion\u00a0!<\/p>\n<p>Philippe PEROTTET barquette \u00e9lectrique avait mont\u00e9 \u00a0un gros moteur et le pilote fera des \u00ab \u00e9tincelles \u00bb en pilotage aux trajectoires fines.<\/p>\n<p>Jean Daniel CHENAUX Alpine A110 rencontrera des probl\u00e8mes avec ses pneus et restera prudent.<\/p>\n<p>Luc GIARDINI 905 Spider ,un rythme r\u00e9gulier avec une bonne auto .<\/p>\n<p>&nbsp;<\/p>\n<p>R\u00e9sultats des qualifs\u00a0:<\/p>\n<p>1 Menoud Ch . 2 Begou D .3 \u00a0Giardini \u00a0L . 4 Perrottet P. 5 Marti O .6 Blanes M. 7 Chenaux JD\u2026\u2026\u2026\u2026\u2026\u2026\u2026\u2026\u2026\u2026\u2026..<\/p>\n<p>Apr\u00e8s un repas pris en commun au \u00ab club HOUSE \u00bb la classe, bon accueil et du confort, un repas simple au prix de 10\u20ac.<\/p>\n<h2>Le boulot nous attend a 14h ,trois finales de 15&prime; avec intervalle de 30&prime;.<\/h2>\n<p>D\u00e9part en \u00e9pi, g\u00e9nial ,pas d&rsquo;accrochage,les finales se sont bien \u00a0d\u00e9roul\u00e9es certes qq touchettes et passage sur et dans\u00a0 le gazon ,d&rsquo;ailleurs \u00ab MAUDIT \u00bbJ&rsquo;arr\u00eate de faire du cin\u00e9ma.<\/p>\n<p>Tous les pilotes ont fini\u00a0 ,les deux premi\u00e8res finales seront remport\u00e9es par : Christophe Menoud , il\u00a0 ne fera pas la 3\u00e9, qui sera remport\u00e9e par Daniel BEGOU qui avait mis deux turbos !<\/p>\n<p>Nos conclusions\u00a0:<\/p>\n<p>Super Week-end de course comme on les aime au VHRC , le timing de choix\u00a0: nous avons beaucoup roul\u00e9\u00a0 ,un r\u00e9gal ce circuit,\u00a0 mais il fallait surtout pas sortir\u00a0!<\/p>\n<p>Une manche en 2020 est pr\u00e9vu a Grenoble ,nous avons vu de belles autos bien pr\u00e9par\u00e9es ,les \u00ab\u00a0zenoah\u00a0\u00bb ont bien r\u00e9sonn\u00e9 dans le creux de ces montagnes.<\/p>\n<p>Les pilotes ont pris du plaisir avec de belles courses et du fairplay, la bonne humeur et la bi\u00e9re ont coul\u00e9\u00a0 a \u00ab flot \u00bb.<\/p>\n<p>RDV\u00a0 &#8230;&#8230;&#8230;&#8230;&#8230;&#8230;&#8230;.dimanche prochain le 23 JUIN a st Affrique ,les moteurs vont souffrir avec la fameuse ligne droite mythique du circuit .<\/p>\n<p>Nous n\u2019aurons que du plaisir.<\/p>\n<h2>Podium Grenoble 2019 M4, VHRC \u00bc.<\/h2>\n<figure id=\"attachment_8929\" aria-describedby=\"caption-attachment-8929\" style=\"width: 730px\" class=\"wp-caption alignnone\"><img loading=\"lazy\" decoding=\"async\" class=\"size-full wp-image-8929\" src=\"http:\/\/vhrc.fr\/wp-content\/uploads\/2019\/06\/vhrc2019-m4-grenoble-15.jpg\" alt=\"\" width=\"730\" height=\"548\" srcset=\"https:\/\/vhrc.fr\/wp-content\/uploads\/2019\/06\/vhrc2019-m4-grenoble-15.jpg 730w, https:\/\/vhrc.fr\/wp-content\/uploads\/2019\/06\/vhrc2019-m4-grenoble-15-400x300.jpg 400w\" sizes=\"auto, (max-width: 730px) 100vw, 730px\" \/><figcaption id=\"caption-attachment-8929\" class=\"wp-caption-text\">vhrc2019 grenoble<\/figcaption><\/figure>\n<p>1 )Ch MENOUD .\u00a0\u00a0 2) L\u00a0 GIARDINI.\u00a0 3) P\u00a0 PERROTTET.<\/p>\n<div id='gallery-1' class='gallery galleryid-8911 gallery-columns-3 gallery-size-colormag-featured-image'><figure class='gallery-item'>\n\t\t\t<div class='gallery-icon landscape'>\n\t\t\t\t<a href='https:\/\/vhrc.fr\/wp-content\/uploads\/2019\/06\/vhrc2019-m4-grenoble-02.jpg'><img loading=\"lazy\" decoding=\"async\" width=\"593\" height=\"445\" src=\"https:\/\/vhrc.fr\/wp-content\/uploads\/2019\/06\/vhrc2019-m4-grenoble-02.jpg\" class=\"attachment-colormag-featured-image size-colormag-featured-image\" alt=\"\" aria-describedby=\"gallery-1-8916\" srcset=\"https:\/\/vhrc.fr\/wp-content\/uploads\/2019\/06\/vhrc2019-m4-grenoble-02.jpg 730w, https:\/\/vhrc.fr\/wp-content\/uploads\/2019\/06\/vhrc2019-m4-grenoble-02-400x300.jpg 400w\" sizes=\"auto, (max-width: 593px) 100vw, 593px\" \/><\/a>\n\t\t\t<\/div>\n\t\t\t\t<figcaption class='wp-caption-text gallery-caption' id='gallery-1-8916'>\n\t\t\t\tvhrc2019 grenoble\n\t\t\t\t<\/figcaption><\/figure><figure class='gallery-item'>\n\t\t\t<div class='gallery-icon landscape'>\n\t\t\t\t<a href='https:\/\/vhrc.fr\/wp-content\/uploads\/2019\/06\/vhrc2019-m4-grenoble-03.jpg'><img loading=\"lazy\" decoding=\"async\" width=\"593\" height=\"445\" src=\"https:\/\/vhrc.fr\/wp-content\/uploads\/2019\/06\/vhrc2019-m4-grenoble-03.jpg\" class=\"attachment-colormag-featured-image size-colormag-featured-image\" alt=\"\" aria-describedby=\"gallery-1-8917\" srcset=\"https:\/\/vhrc.fr\/wp-content\/uploads\/2019\/06\/vhrc2019-m4-grenoble-03.jpg 730w, https:\/\/vhrc.fr\/wp-content\/uploads\/2019\/06\/vhrc2019-m4-grenoble-03-400x300.jpg 400w\" sizes=\"auto, (max-width: 593px) 100vw, 593px\" \/><\/a>\n\t\t\t<\/div>\n\t\t\t\t<figcaption class='wp-caption-text gallery-caption' id='gallery-1-8917'>\n\t\t\t\tvhrc2019 grenoble\n\t\t\t\t<\/figcaption><\/figure><figure class='gallery-item'>\n\t\t\t<div class='gallery-icon landscape'>\n\t\t\t\t<a href='https:\/\/vhrc.fr\/wp-content\/uploads\/2019\/06\/vhrc2019-m4-grenoble-04.jpg'><img loading=\"lazy\" decoding=\"async\" width=\"593\" height=\"445\" src=\"https:\/\/vhrc.fr\/wp-content\/uploads\/2019\/06\/vhrc2019-m4-grenoble-04.jpg\" class=\"attachment-colormag-featured-image size-colormag-featured-image\" alt=\"\" aria-describedby=\"gallery-1-8918\" srcset=\"https:\/\/vhrc.fr\/wp-content\/uploads\/2019\/06\/vhrc2019-m4-grenoble-04.jpg 730w, https:\/\/vhrc.fr\/wp-content\/uploads\/2019\/06\/vhrc2019-m4-grenoble-04-400x300.jpg 400w\" sizes=\"auto, (max-width: 593px) 100vw, 593px\" \/><\/a>\n\t\t\t<\/div>\n\t\t\t\t<figcaption class='wp-caption-text gallery-caption' id='gallery-1-8918'>\n\t\t\t\tvhrc2019 grenoble\n\t\t\t\t<\/figcaption><\/figure><figure class='gallery-item'>\n\t\t\t<div class='gallery-icon landscape'>\n\t\t\t\t<a href='https:\/\/vhrc.fr\/wp-content\/uploads\/2019\/06\/vhrc2019-m4-grenoble-05.jpg'><img loading=\"lazy\" decoding=\"async\" width=\"593\" height=\"445\" src=\"https:\/\/vhrc.fr\/wp-content\/uploads\/2019\/06\/vhrc2019-m4-grenoble-05.jpg\" class=\"attachment-colormag-featured-image size-colormag-featured-image\" alt=\"\" aria-describedby=\"gallery-1-8919\" srcset=\"https:\/\/vhrc.fr\/wp-content\/uploads\/2019\/06\/vhrc2019-m4-grenoble-05.jpg 730w, https:\/\/vhrc.fr\/wp-content\/uploads\/2019\/06\/vhrc2019-m4-grenoble-05-400x300.jpg 400w\" sizes=\"auto, (max-width: 593px) 100vw, 593px\" \/><\/a>\n\t\t\t<\/div>\n\t\t\t\t<figcaption class='wp-caption-text gallery-caption' id='gallery-1-8919'>\n\t\t\t\tvhrc2019 grenoble\n\t\t\t\t<\/figcaption><\/figure><figure class='gallery-item'>\n\t\t\t<div class='gallery-icon landscape'>\n\t\t\t\t<a href='https:\/\/vhrc.fr\/wp-content\/uploads\/2019\/06\/vhrc2019-m4-grenoble-06.jpg'><img loading=\"lazy\" decoding=\"async\" width=\"593\" height=\"445\" src=\"https:\/\/vhrc.fr\/wp-content\/uploads\/2019\/06\/vhrc2019-m4-grenoble-06.jpg\" class=\"attachment-colormag-featured-image size-colormag-featured-image\" alt=\"\" aria-describedby=\"gallery-1-8920\" srcset=\"https:\/\/vhrc.fr\/wp-content\/uploads\/2019\/06\/vhrc2019-m4-grenoble-06.jpg 730w, https:\/\/vhrc.fr\/wp-content\/uploads\/2019\/06\/vhrc2019-m4-grenoble-06-400x300.jpg 400w\" sizes=\"auto, (max-width: 593px) 100vw, 593px\" \/><\/a>\n\t\t\t<\/div>\n\t\t\t\t<figcaption class='wp-caption-text gallery-caption' id='gallery-1-8920'>\n\t\t\t\tvhrc2019 grenoble\n\t\t\t\t<\/figcaption><\/figure><figure class='gallery-item'>\n\t\t\t<div class='gallery-icon landscape'>\n\t\t\t\t<a href='https:\/\/vhrc.fr\/wp-content\/uploads\/2019\/06\/vhrc2019-m4-grenoble-07.jpg'><img loading=\"lazy\" decoding=\"async\" width=\"593\" height=\"445\" src=\"https:\/\/vhrc.fr\/wp-content\/uploads\/2019\/06\/vhrc2019-m4-grenoble-07.jpg\" class=\"attachment-colormag-featured-image size-colormag-featured-image\" alt=\"\" aria-describedby=\"gallery-1-8921\" srcset=\"https:\/\/vhrc.fr\/wp-content\/uploads\/2019\/06\/vhrc2019-m4-grenoble-07.jpg 730w, https:\/\/vhrc.fr\/wp-content\/uploads\/2019\/06\/vhrc2019-m4-grenoble-07-400x300.jpg 400w\" sizes=\"auto, (max-width: 593px) 100vw, 593px\" \/><\/a>\n\t\t\t<\/div>\n\t\t\t\t<figcaption class='wp-caption-text gallery-caption' id='gallery-1-8921'>\n\t\t\t\tvhrc2019 grenoble\n\t\t\t\t<\/figcaption><\/figure><figure class='gallery-item'>\n\t\t\t<div class='gallery-icon landscape'>\n\t\t\t\t<a href='https:\/\/vhrc.fr\/wp-content\/uploads\/2019\/06\/vhrc2019-m4-grenoble-08.jpg'><img loading=\"lazy\" decoding=\"async\" width=\"593\" height=\"445\" src=\"https:\/\/vhrc.fr\/wp-content\/uploads\/2019\/06\/vhrc2019-m4-grenoble-08.jpg\" class=\"attachment-colormag-featured-image size-colormag-featured-image\" alt=\"\" aria-describedby=\"gallery-1-8922\" srcset=\"https:\/\/vhrc.fr\/wp-content\/uploads\/2019\/06\/vhrc2019-m4-grenoble-08.jpg 730w, https:\/\/vhrc.fr\/wp-content\/uploads\/2019\/06\/vhrc2019-m4-grenoble-08-400x300.jpg 400w\" sizes=\"auto, (max-width: 593px) 100vw, 593px\" \/><\/a>\n\t\t\t<\/div>\n\t\t\t\t<figcaption class='wp-caption-text gallery-caption' id='gallery-1-8922'>\n\t\t\t\tvhrc2019 grenoble\n\t\t\t\t<\/figcaption><\/figure><figure class='gallery-item'>\n\t\t\t<div class='gallery-icon landscape'>\n\t\t\t\t<a href='https:\/\/vhrc.fr\/wp-content\/uploads\/2019\/06\/vhrc2019-m4-grenoble-09.jpg'><img loading=\"lazy\" decoding=\"async\" width=\"593\" height=\"445\" src=\"https:\/\/vhrc.fr\/wp-content\/uploads\/2019\/06\/vhrc2019-m4-grenoble-09.jpg\" class=\"attachment-colormag-featured-image size-colormag-featured-image\" alt=\"\" aria-describedby=\"gallery-1-8923\" srcset=\"https:\/\/vhrc.fr\/wp-content\/uploads\/2019\/06\/vhrc2019-m4-grenoble-09.jpg 730w, https:\/\/vhrc.fr\/wp-content\/uploads\/2019\/06\/vhrc2019-m4-grenoble-09-400x300.jpg 400w\" sizes=\"auto, (max-width: 593px) 100vw, 593px\" \/><\/a>\n\t\t\t<\/div>\n\t\t\t\t<figcaption class='wp-caption-text gallery-caption' id='gallery-1-8923'>\n\t\t\t\tvhrc2019 grenoble\n\t\t\t\t<\/figcaption><\/figure><figure class='gallery-item'>\n\t\t\t<div class='gallery-icon landscape'>\n\t\t\t\t<a href='https:\/\/vhrc.fr\/wp-content\/uploads\/2019\/06\/vhrc2019-m4-grenoble-10.jpg'><img loading=\"lazy\" decoding=\"async\" width=\"593\" height=\"445\" src=\"https:\/\/vhrc.fr\/wp-content\/uploads\/2019\/06\/vhrc2019-m4-grenoble-10.jpg\" class=\"attachment-colormag-featured-image size-colormag-featured-image\" alt=\"\" aria-describedby=\"gallery-1-8924\" srcset=\"https:\/\/vhrc.fr\/wp-content\/uploads\/2019\/06\/vhrc2019-m4-grenoble-10.jpg 730w, https:\/\/vhrc.fr\/wp-content\/uploads\/2019\/06\/vhrc2019-m4-grenoble-10-400x300.jpg 400w\" sizes=\"auto, (max-width: 593px) 100vw, 593px\" \/><\/a>\n\t\t\t<\/div>\n\t\t\t\t<figcaption class='wp-caption-text gallery-caption' id='gallery-1-8924'>\n\t\t\t\tvhrc2019 grenoble\n\t\t\t\t<\/figcaption><\/figure><figure class='gallery-item'>\n\t\t\t<div class='gallery-icon landscape'>\n\t\t\t\t<a href='https:\/\/vhrc.fr\/wp-content\/uploads\/2019\/06\/vhrc2019-m4-grenoble-11.jpg'><img loading=\"lazy\" decoding=\"async\" width=\"593\" height=\"445\" src=\"https:\/\/vhrc.fr\/wp-content\/uploads\/2019\/06\/vhrc2019-m4-grenoble-11.jpg\" class=\"attachment-colormag-featured-image size-colormag-featured-image\" alt=\"\" aria-describedby=\"gallery-1-8925\" srcset=\"https:\/\/vhrc.fr\/wp-content\/uploads\/2019\/06\/vhrc2019-m4-grenoble-11.jpg 730w, https:\/\/vhrc.fr\/wp-content\/uploads\/2019\/06\/vhrc2019-m4-grenoble-11-400x300.jpg 400w\" sizes=\"auto, (max-width: 593px) 100vw, 593px\" \/><\/a>\n\t\t\t<\/div>\n\t\t\t\t<figcaption class='wp-caption-text gallery-caption' id='gallery-1-8925'>\n\t\t\t\tvhrc2019 grenoble\n\t\t\t\t<\/figcaption><\/figure><figure class='gallery-item'>\n\t\t\t<div class='gallery-icon landscape'>\n\t\t\t\t<a href='https:\/\/vhrc.fr\/wp-content\/uploads\/2019\/06\/vhrc2019-m4-grenoble-12.jpg'><img loading=\"lazy\" decoding=\"async\" width=\"593\" height=\"445\" src=\"https:\/\/vhrc.fr\/wp-content\/uploads\/2019\/06\/vhrc2019-m4-grenoble-12.jpg\" class=\"attachment-colormag-featured-image size-colormag-featured-image\" alt=\"\" aria-describedby=\"gallery-1-8926\" srcset=\"https:\/\/vhrc.fr\/wp-content\/uploads\/2019\/06\/vhrc2019-m4-grenoble-12.jpg 730w, https:\/\/vhrc.fr\/wp-content\/uploads\/2019\/06\/vhrc2019-m4-grenoble-12-400x300.jpg 400w\" sizes=\"auto, (max-width: 593px) 100vw, 593px\" \/><\/a>\n\t\t\t<\/div>\n\t\t\t\t<figcaption class='wp-caption-text gallery-caption' id='gallery-1-8926'>\n\t\t\t\tvhrc2019 grenoble\n\t\t\t\t<\/figcaption><\/figure><figure class='gallery-item'>\n\t\t\t<div class='gallery-icon landscape'>\n\t\t\t\t<a href='https:\/\/vhrc.fr\/wp-content\/uploads\/2019\/06\/vhrc2019-m4-grenoble-13.jpg'><img loading=\"lazy\" decoding=\"async\" width=\"593\" height=\"445\" src=\"https:\/\/vhrc.fr\/wp-content\/uploads\/2019\/06\/vhrc2019-m4-grenoble-13.jpg\" class=\"attachment-colormag-featured-image size-colormag-featured-image\" alt=\"\" aria-describedby=\"gallery-1-8927\" srcset=\"https:\/\/vhrc.fr\/wp-content\/uploads\/2019\/06\/vhrc2019-m4-grenoble-13.jpg 730w, https:\/\/vhrc.fr\/wp-content\/uploads\/2019\/06\/vhrc2019-m4-grenoble-13-400x300.jpg 400w\" sizes=\"auto, (max-width: 593px) 100vw, 593px\" \/><\/a>\n\t\t\t<\/div>\n\t\t\t\t<figcaption class='wp-caption-text gallery-caption' id='gallery-1-8927'>\n\t\t\t\tvhrc2019 grenoble\n\t\t\t\t<\/figcaption><\/figure><figure class='gallery-item'>\n\t\t\t<div class='gallery-icon landscape'>\n\t\t\t\t<a href='https:\/\/vhrc.fr\/wp-content\/uploads\/2019\/06\/vhrc2019-m4-grenoble-14.jpg'><img loading=\"lazy\" decoding=\"async\" width=\"593\" height=\"445\" src=\"https:\/\/vhrc.fr\/wp-content\/uploads\/2019\/06\/vhrc2019-m4-grenoble-14.jpg\" class=\"attachment-colormag-featured-image size-colormag-featured-image\" alt=\"\" aria-describedby=\"gallery-1-8928\" srcset=\"https:\/\/vhrc.fr\/wp-content\/uploads\/2019\/06\/vhrc2019-m4-grenoble-14.jpg 730w, https:\/\/vhrc.fr\/wp-content\/uploads\/2019\/06\/vhrc2019-m4-grenoble-14-400x300.jpg 400w\" sizes=\"auto, (max-width: 593px) 100vw, 593px\" \/><\/a>\n\t\t\t<\/div>\n\t\t\t\t<figcaption class='wp-caption-text gallery-caption' id='gallery-1-8928'>\n\t\t\t\tvhrc2019 grenoble\n\t\t\t\t<\/figcaption><\/figure>\n\t\t<\/div>","protected":false},"excerpt":{"rendered":"<p>MANCHE 4 Les\u00a0 22\/23 JUIN 2019, Circuit Grenoble \/Club RACG Rte du bois Fran\u00e7ais\/ Montbonnot -St Martin38330 Compte rendu ,M4<\/p>","protected":false},"author":5,"featured_media":7626,"parent":8694,"menu_order":0,"comment_status":"closed","ping_status":"closed","template":"","meta":{"colormag_page_container_layout":"default_layout","colormag_page_sidebar_layout":"default_layout","footnotes":""},"class_list":["post-8911","page","type-page","status-publish","has-post-thumbnail","hentry"],"_links":{"self":[{"href":"https:\/\/vhrc.fr\/en\/wp-json\/wp\/v2\/pages\/8911","targetHints":{"allow":["GET"]}}],"collection":[{"href":"https:\/\/vhrc.fr\/en\/wp-json\/wp\/v2\/pages"}],"about":[{"href":"https:\/\/vhrc.fr\/en\/wp-json\/wp\/v2\/types\/page"}],"author":[{"embeddable":true,"href":"https:\/\/vhrc.fr\/en\/wp-json\/wp\/v2\/users\/5"}],"replies":[{"embeddable":true,"href":"https:\/\/vhrc.fr\/en\/wp-json\/wp\/v2\/comments?post=8911"}],"version-history":[{"count":3,"href":"https:\/\/vhrc.fr\/en\/wp-json\/wp\/v2\/pages\/8911\/revisions"}],"predecessor-version":[{"id":8930,"href":"https:\/\/vhrc.fr\/en\/wp-json\/wp\/v2\/pages\/8911\/revisions\/8930"}],"up":[{"embeddable":true,"href":"https:\/\/vhrc.fr\/en\/wp-json\/wp\/v2\/pages\/8694"}],"wp:featuredmedia":[{"embeddable":true,"href":"https:\/\/vhrc.fr\/en\/wp-json\/wp\/v2\/media\/7626"}],"wp:attachment":[{"href":"https:\/\/vhrc.fr\/en\/wp-json\/wp\/v2\/media?parent=8911"}],"curies":[{"name":"wp","href":"https:\/\/api.w.org\/{rel}","templated":true}]}}