{"id":8934,"date":"2019-07-09T07:52:19","date_gmt":"2019-07-09T06:52:19","guid":{"rendered":"http:\/\/vhrc.fr\/?page_id=8934"},"modified":"2025-07-08T09:23:25","modified_gmt":"2025-07-08T08:23:25","slug":"2019-m5-st-affrique","status":"publish","type":"page","link":"https:\/\/vhrc.fr\/en\/historique\/vhrc-lhistorique\/2019-vhrc\/2019-m5-st-affrique\/","title":{"rendered":"2019 M5 St Affrique"},"content":{"rendered":"<h1>Manche 5 : VHRC 2019 \u2013 St Affrique<\/h1>\n<p>Pour cette cinqui\u00e8me manche du VHRC 2019, nous retrouvons 7 pilotes inscrits, historique et libre m\u00e9lang\u00e9s.<\/p>\n<figure id=\"attachment_8939\" aria-describedby=\"caption-attachment-8939\" style=\"width: 730px\" class=\"wp-caption alignnone\"><img loading=\"lazy\" decoding=\"async\" class=\"size-full wp-image-8939\" src=\"http:\/\/vhrc.fr\/wp-content\/uploads\/2019\/07\/GEDC2771.jpg\" alt=\"\" width=\"730\" height=\"548\" srcset=\"https:\/\/vhrc.fr\/wp-content\/uploads\/2019\/07\/GEDC2771.jpg 730w, https:\/\/vhrc.fr\/wp-content\/uploads\/2019\/07\/GEDC2771-400x300.jpg 400w\" sizes=\"auto, (max-width: 730px) 100vw, 730px\" \/><figcaption id=\"caption-attachment-8939\" class=\"wp-caption-text\">St Affrique 2019<\/figcaption><\/figure>\n<p>Marc C, Julien V, Jean-Claude L, R\u00e9mi C et Daniel B arriveront le samedi pour faire des essais sur la piste. Julien V rodera son moteur neuf pour l\u2019occasion.<\/p>\n<p>Luc G, et Maurice B arriveront au lev\u00e9 du jour le dimanche matin.<\/p>\n<p>La monte pneumatique sera uniquement des pneus F1 1\/5, majoritairement de marque GRP, sauf Marc C en PMT.<\/p>\n<h2>Les Qualifications<\/h2>\n<figure id=\"attachment_8940\" aria-describedby=\"caption-attachment-8940\" style=\"width: 730px\" class=\"wp-caption alignnone\"><img loading=\"lazy\" decoding=\"async\" class=\"size-full wp-image-8940\" src=\"http:\/\/vhrc.fr\/wp-content\/uploads\/2019\/07\/GEDC2775.jpg\" alt=\"\" width=\"730\" height=\"548\" srcset=\"https:\/\/vhrc.fr\/wp-content\/uploads\/2019\/07\/GEDC2775.jpg 730w, https:\/\/vhrc.fr\/wp-content\/uploads\/2019\/07\/GEDC2775-400x300.jpg 400w\" sizes=\"auto, (max-width: 730px) 100vw, 730px\" \/><figcaption id=\"caption-attachment-8940\" class=\"wp-caption-text\">St Affrique 2019<\/figcaption><\/figure>\n<p>les qualifications seront tr\u00e8s disput\u00e9es.<\/p>\n<p>R\u00e9mi C d\u00e9crochera la p\u00f4le en 26 tours en 10 min 19, devant Julien V en 25 tours en 10 min 05. Luc G se placera tout proche en 25 tours en 10 min 08, suivi de Marc C en 25 tours en 10 min 17 et Daniel B en 24 tours en 10 min 16. Maurice se placera en 6\u00e8me position avec 18 tours en 10 min 05, devant Jean-Claude L avec 14 tours en 10 min 14.<\/p>\n<p>R\u00e9sultats des qualifications :<br \/>\nR\u00e9mi C, Julien V, Luc G, Marc C, Daniel B, Maurice B, et Jean-Claude L.<\/p>\n<h2>Les finales<\/h2>\n<figure id=\"attachment_8942\" aria-describedby=\"caption-attachment-8942\" style=\"width: 730px\" class=\"wp-caption alignnone\"><img loading=\"lazy\" decoding=\"async\" class=\"size-full wp-image-8942\" src=\"http:\/\/vhrc.fr\/wp-content\/uploads\/2019\/07\/GEDC2777.jpg\" alt=\"\" width=\"730\" height=\"548\" srcset=\"https:\/\/vhrc.fr\/wp-content\/uploads\/2019\/07\/GEDC2777.jpg 730w, https:\/\/vhrc.fr\/wp-content\/uploads\/2019\/07\/GEDC2777-400x300.jpg 400w\" sizes=\"auto, (max-width: 730px) 100vw, 730px\" \/><figcaption id=\"caption-attachment-8942\" class=\"wp-caption-text\">St Affrique 2019<\/figcaption><\/figure>\n<p>Finale 1 :<br \/>\nR\u00e9mi C s&rsquo;\u00e9lance en t\u00eate suivi par Julien V, et Luc G. Luc G doublera Julien V et essayera de creuser l\u2019\u00e9cart.<\/p>\n<p>Pendant ce temps Daniel B et Marc C se battront pour la 4\u00e8me position. Combat propre, portes ferm\u00e9es. Daniel B finira par c\u00e9der au moteur sur la longue ligne droite. Marc C s\u2019envolera alors pour essayer de remonter 3\u00e8me, en vain.<\/p>\n<p>Luc G qui s\u2019\u00e9tait creus\u00e9 un \u00e9cart confortable, verra Julien V revenir dans ses r\u00e9troviseurs. Julien V reprendra la 2nd position en fin de course et finira la course sans faute.<\/p>\n<p>Jean-Claude se verra contraint \u00e0 l\u2019abandon\u00a0: direction bloqu\u00e9e. Maurice B abandonnera apr\u00e8s 9 tours de course\u00a0: chapes arri\u00e8res arrach\u00e9es. Reprendra la piste en fin de course, pour la plaisir.<\/p>\n<h2>Finale 2 :<\/h2>\n<p>R\u00e9mi C s&rsquo;\u00e9lance en t\u00eate. Julien V ne se fera pas avoir et conservera sa position d\u00e8s le d\u00e9but de la course. Luc G restera au contact sans arriver \u00e0 se rapprocher suffisamment. Marc C s\u2019accrochera dans le trafic et devra abandonner pr\u00e9matur\u00e9ment\u00a0: chape arri\u00e8re arrach\u00e9e. Daniel passera alors 4\u00e8me mais n\u2019arrivera pas \u00e0 se rapprocher de Luc G malgr\u00e9 un pilotage soign\u00e9.<\/p>\n<p>Jean-Claude s\u2019accrochera avec Maurice B dans le premier tour\u00a0; Jean-Claude abandonnera.<\/p>\n<p>Maurice suivra le paquet devant lui, et fera une belle finale\u00a0; en fin de course il verra ses bouchons de fus\u00e9es sortir de leurs logements.<\/p>\n<p>En fin de course Julien abandonnera\u00a0: clips de la couronne qui s\u2019est enlev\u00e9. Luc G n\u2019arrivera pas \u00e0 combler son retard et finira 3\u00e8me juste devant Daniel B, R\u00e9mi C gardera sa premi\u00e8re place.<\/p>\n<p>Finale 3 :<br \/>\nR\u00e9mi C et Julien V prendront un bon d\u00e9part et creuseront l\u2019\u00e9cart dans les premiers tours.<\/p>\n<p>Luc G, Marc C et Daniel B suivent. Daniel B s\u2019arr\u00eatera\u00a0puis reprendra la piste : son moteur \u00e9tant devenu inr\u00e9glable.<\/p>\n<p>Maurice abandonnera pr\u00e9matur\u00e9ment\u00a0: chapes arri\u00e8res hs et pneus arri\u00e8res trop chauds.<\/p>\n<p>R\u00e9mi C fera une faute devant le podium\u00a0: perdra la premi\u00e8re place. A la remise des gaz, entendra un bruit de transmission\u00a0: abandonnera pour ne pas endommager l\u2019auto\u00a0: roulement axe de transmission \u00e9clat\u00e9 par la chaleur. Julien remontera alors 1er, Luc 2nd, Marc 3\u00e8me, suivi de Daniel et Maurice.<\/p>\n<p>Jean-Claude ne prendra pas le d\u00e9part de cette manche.<\/p>\n<p>Meilleurs temps :<br \/>\nR\u00e9mi C : 22.803<\/p>\n<p>Julien V : 23.294<\/p>\n<p>Marc C : 23.708<\/p>\n<p>Daniel B : 24.551<\/p>\n<p>Luc G : 23.682<\/p>\n<p>Jean-Claude L : &#8212;<\/p>\n<p>Maurice B\u00a0: 28.411<\/p>\n<h2>R\u00e9sultats des finales :<\/h2>\n<figure id=\"attachment_8935\" aria-describedby=\"caption-attachment-8935\" style=\"width: 640px\" class=\"wp-caption alignnone\"><img loading=\"lazy\" decoding=\"async\" class=\"size-large wp-image-8935\" src=\"http:\/\/vhrc.fr\/wp-content\/uploads\/2019\/07\/GEDC2778-800x600.jpg\" alt=\"\" width=\"640\" height=\"480\" srcset=\"https:\/\/vhrc.fr\/wp-content\/uploads\/2019\/07\/GEDC2778-800x600.jpg 800w, https:\/\/vhrc.fr\/wp-content\/uploads\/2019\/07\/GEDC2778-400x300.jpg 400w, https:\/\/vhrc.fr\/wp-content\/uploads\/2019\/07\/GEDC2778-768x576.jpg 768w, https:\/\/vhrc.fr\/wp-content\/uploads\/2019\/07\/GEDC2778.jpg 1095w\" sizes=\"auto, (max-width: 640px) 100vw, 640px\" \/><figcaption id=\"caption-attachment-8935\" class=\"wp-caption-text\">podium St Affrique 2019<\/figcaption><\/figure>\n<p>Les deux meilleures finales seront retenues pour \u00e9tablir le classement du jour.<\/p>\n<p>R\u00e9mi C, Julien V, Luc G, Marc C, Daniel B, Maurice B et Jean-Claude L.<\/p>\n<p>Un grand merci \u00e0 Luc G qui s\u2019efforce de fait vivre le VHRC depuis de nombreuses ann\u00e9es.<\/p>\n<p>Merci au club de St Affrique de nous avoir re\u00e7u\u00a0: comptage\/restauration\/b\u00e9n\u00e9voles\/pr\u00e9sident.<\/p>\n<h2>Les prochaines dates\u00a0:<\/h2>\n<p>6 et 7 juillet \u2013 rassemblement Vintage \u00e0 Macon<br \/>\n28 juillet \u2013 amicale \u00e0 Castelsarrasin\u00a0: 1\/4 et 1\/5<br \/>\nM6 VHRC \u2013 Montpellier 15 septembre<br \/>\n28-29 septembre \u2013 Course 1\/4 \u00e0 Dijon Longvic<\/p>\n<p>R\u00e9mi C<\/p>\n<div id='gallery-1' class='gallery galleryid-8934 gallery-columns-3 gallery-size-colormag-featured-image'><figure class='gallery-item'>\n\t\t\t<div class='gallery-icon landscape'>\n\t\t\t\t<a href='https:\/\/vhrc.fr\/wp-content\/uploads\/2019\/07\/GEDC2778.jpg'><img loading=\"lazy\" decoding=\"async\" width=\"594\" height=\"445\" src=\"https:\/\/vhrc.fr\/wp-content\/uploads\/2019\/07\/GEDC2778.jpg\" class=\"attachment-colormag-featured-image size-colormag-featured-image\" alt=\"\" aria-describedby=\"gallery-1-8935\" srcset=\"https:\/\/vhrc.fr\/wp-content\/uploads\/2019\/07\/GEDC2778.jpg 1095w, https:\/\/vhrc.fr\/wp-content\/uploads\/2019\/07\/GEDC2778-400x300.jpg 400w, https:\/\/vhrc.fr\/wp-content\/uploads\/2019\/07\/GEDC2778-768x576.jpg 768w, https:\/\/vhrc.fr\/wp-content\/uploads\/2019\/07\/GEDC2778-800x600.jpg 800w\" sizes=\"auto, (max-width: 594px) 100vw, 594px\" \/><\/a>\n\t\t\t<\/div>\n\t\t\t\t<figcaption class='wp-caption-text gallery-caption' id='gallery-1-8935'>\n\t\t\t\tpodium St Affrique 2019\n\t\t\t\t<\/figcaption><\/figure><figure class='gallery-item'>\n\t\t\t<div class='gallery-icon landscape'>\n\t\t\t\t<a href='https:\/\/vhrc.fr\/wp-content\/uploads\/2019\/07\/GEDC2769.jpg'><img loading=\"lazy\" decoding=\"async\" width=\"593\" height=\"445\" src=\"https:\/\/vhrc.fr\/wp-content\/uploads\/2019\/07\/GEDC2769.jpg\" class=\"attachment-colormag-featured-image size-colormag-featured-image\" alt=\"\" aria-describedby=\"gallery-1-8937\" srcset=\"https:\/\/vhrc.fr\/wp-content\/uploads\/2019\/07\/GEDC2769.jpg 730w, https:\/\/vhrc.fr\/wp-content\/uploads\/2019\/07\/GEDC2769-400x300.jpg 400w\" sizes=\"auto, (max-width: 593px) 100vw, 593px\" \/><\/a>\n\t\t\t<\/div>\n\t\t\t\t<figcaption class='wp-caption-text gallery-caption' id='gallery-1-8937'>\n\t\t\t\tSt Affrique 2019\n\t\t\t\t<\/figcaption><\/figure><figure class='gallery-item'>\n\t\t\t<div class='gallery-icon landscape'>\n\t\t\t\t<a href='https:\/\/vhrc.fr\/wp-content\/uploads\/2019\/07\/GEDC2768.jpg'><img loading=\"lazy\" decoding=\"async\" width=\"593\" height=\"445\" src=\"https:\/\/vhrc.fr\/wp-content\/uploads\/2019\/07\/GEDC2768.jpg\" class=\"attachment-colormag-featured-image size-colormag-featured-image\" alt=\"\" aria-describedby=\"gallery-1-8936\" srcset=\"https:\/\/vhrc.fr\/wp-content\/uploads\/2019\/07\/GEDC2768.jpg 730w, https:\/\/vhrc.fr\/wp-content\/uploads\/2019\/07\/GEDC2768-400x300.jpg 400w\" sizes=\"auto, (max-width: 593px) 100vw, 593px\" \/><\/a>\n\t\t\t<\/div>\n\t\t\t\t<figcaption class='wp-caption-text gallery-caption' id='gallery-1-8936'>\n\t\t\t\tSt Affrique 2019 Marquette\n\t\t\t\t<\/figcaption><\/figure><figure class='gallery-item'>\n\t\t\t<div class='gallery-icon landscape'>\n\t\t\t\t<a href='https:\/\/vhrc.fr\/wp-content\/uploads\/2019\/07\/GEDC2770.jpg'><img loading=\"lazy\" decoding=\"async\" width=\"593\" height=\"445\" src=\"https:\/\/vhrc.fr\/wp-content\/uploads\/2019\/07\/GEDC2770.jpg\" class=\"attachment-colormag-featured-image size-colormag-featured-image\" alt=\"\" aria-describedby=\"gallery-1-8938\" srcset=\"https:\/\/vhrc.fr\/wp-content\/uploads\/2019\/07\/GEDC2770.jpg 730w, https:\/\/vhrc.fr\/wp-content\/uploads\/2019\/07\/GEDC2770-400x300.jpg 400w\" sizes=\"auto, (max-width: 593px) 100vw, 593px\" \/><\/a>\n\t\t\t<\/div>\n\t\t\t\t<figcaption class='wp-caption-text gallery-caption' id='gallery-1-8938'>\n\t\t\t\tSt Affrique 2019\n\t\t\t\t<\/figcaption><\/figure><figure class='gallery-item'>\n\t\t\t<div class='gallery-icon landscape'>\n\t\t\t\t<a href='https:\/\/vhrc.fr\/wp-content\/uploads\/2019\/07\/GEDC2771.jpg'><img loading=\"lazy\" decoding=\"async\" width=\"593\" height=\"445\" src=\"https:\/\/vhrc.fr\/wp-content\/uploads\/2019\/07\/GEDC2771.jpg\" class=\"attachment-colormag-featured-image size-colormag-featured-image\" alt=\"\" aria-describedby=\"gallery-1-8939\" srcset=\"https:\/\/vhrc.fr\/wp-content\/uploads\/2019\/07\/GEDC2771.jpg 730w, https:\/\/vhrc.fr\/wp-content\/uploads\/2019\/07\/GEDC2771-400x300.jpg 400w\" sizes=\"auto, (max-width: 593px) 100vw, 593px\" \/><\/a>\n\t\t\t<\/div>\n\t\t\t\t<figcaption class='wp-caption-text gallery-caption' id='gallery-1-8939'>\n\t\t\t\tSt Affrique 2019\n\t\t\t\t<\/figcaption><\/figure><figure class='gallery-item'>\n\t\t\t<div class='gallery-icon landscape'>\n\t\t\t\t<a href='https:\/\/vhrc.fr\/wp-content\/uploads\/2019\/07\/GEDC2775.jpg'><img loading=\"lazy\" decoding=\"async\" width=\"593\" height=\"445\" src=\"https:\/\/vhrc.fr\/wp-content\/uploads\/2019\/07\/GEDC2775.jpg\" class=\"attachment-colormag-featured-image size-colormag-featured-image\" alt=\"\" aria-describedby=\"gallery-1-8940\" srcset=\"https:\/\/vhrc.fr\/wp-content\/uploads\/2019\/07\/GEDC2775.jpg 730w, https:\/\/vhrc.fr\/wp-content\/uploads\/2019\/07\/GEDC2775-400x300.jpg 400w\" sizes=\"auto, (max-width: 593px) 100vw, 593px\" \/><\/a>\n\t\t\t<\/div>\n\t\t\t\t<figcaption class='wp-caption-text gallery-caption' id='gallery-1-8940'>\n\t\t\t\tSt Affrique 2019\n\t\t\t\t<\/figcaption><\/figure><figure class='gallery-item'>\n\t\t\t<div class='gallery-icon landscape'>\n\t\t\t\t<a href='https:\/\/vhrc.fr\/wp-content\/uploads\/2019\/07\/GEDC2776.jpg'><img loading=\"lazy\" decoding=\"async\" width=\"593\" height=\"445\" src=\"https:\/\/vhrc.fr\/wp-content\/uploads\/2019\/07\/GEDC2776.jpg\" class=\"attachment-colormag-featured-image size-colormag-featured-image\" alt=\"\" aria-describedby=\"gallery-1-8941\" srcset=\"https:\/\/vhrc.fr\/wp-content\/uploads\/2019\/07\/GEDC2776.jpg 730w, https:\/\/vhrc.fr\/wp-content\/uploads\/2019\/07\/GEDC2776-400x300.jpg 400w\" sizes=\"auto, (max-width: 593px) 100vw, 593px\" \/><\/a>\n\t\t\t<\/div>\n\t\t\t\t<figcaption class='wp-caption-text gallery-caption' id='gallery-1-8941'>\n\t\t\t\tSt Affrique 2019\n\t\t\t\t<\/figcaption><\/figure><figure class='gallery-item'>\n\t\t\t<div class='gallery-icon landscape'>\n\t\t\t\t<a href='https:\/\/vhrc.fr\/wp-content\/uploads\/2019\/07\/GEDC2777.jpg'><img loading=\"lazy\" decoding=\"async\" width=\"593\" height=\"445\" src=\"https:\/\/vhrc.fr\/wp-content\/uploads\/2019\/07\/GEDC2777.jpg\" class=\"attachment-colormag-featured-image size-colormag-featured-image\" alt=\"\" aria-describedby=\"gallery-1-8942\" srcset=\"https:\/\/vhrc.fr\/wp-content\/uploads\/2019\/07\/GEDC2777.jpg 730w, https:\/\/vhrc.fr\/wp-content\/uploads\/2019\/07\/GEDC2777-400x300.jpg 400w\" sizes=\"auto, (max-width: 593px) 100vw, 593px\" \/><\/a>\n\t\t\t<\/div>\n\t\t\t\t<figcaption class='wp-caption-text gallery-caption' id='gallery-1-8942'>\n\t\t\t\tSt Affrique 2019\n\t\t\t\t<\/figcaption><\/figure>\n\t\t<\/div>","protected":false},"excerpt":{"rendered":"<p>Manche 5 : VHRC 2019 \u2013 St Affrique Pour cette cinqui\u00e8me manche du VHRC 2019, nous retrouvons 7 pilotes inscrits,<\/p>","protected":false},"author":5,"featured_media":7638,"parent":8694,"menu_order":0,"comment_status":"closed","ping_status":"closed","template":"","meta":{"colormag_page_container_layout":"default_layout","colormag_page_sidebar_layout":"default_layout","footnotes":""},"class_list":["post-8934","page","type-page","status-publish","has-post-thumbnail","hentry"],"_links":{"self":[{"href":"https:\/\/vhrc.fr\/en\/wp-json\/wp\/v2\/pages\/8934","targetHints":{"allow":["GET"]}}],"collection":[{"href":"https:\/\/vhrc.fr\/en\/wp-json\/wp\/v2\/pages"}],"about":[{"href":"https:\/\/vhrc.fr\/en\/wp-json\/wp\/v2\/types\/page"}],"author":[{"embeddable":true,"href":"https:\/\/vhrc.fr\/en\/wp-json\/wp\/v2\/users\/5"}],"replies":[{"embeddable":true,"href":"https:\/\/vhrc.fr\/en\/wp-json\/wp\/v2\/comments?post=8934"}],"version-history":[{"count":1,"href":"https:\/\/vhrc.fr\/en\/wp-json\/wp\/v2\/pages\/8934\/revisions"}],"predecessor-version":[{"id":8943,"href":"https:\/\/vhrc.fr\/en\/wp-json\/wp\/v2\/pages\/8934\/revisions\/8943"}],"up":[{"embeddable":true,"href":"https:\/\/vhrc.fr\/en\/wp-json\/wp\/v2\/pages\/8694"}],"wp:featuredmedia":[{"embeddable":true,"href":"https:\/\/vhrc.fr\/en\/wp-json\/wp\/v2\/media\/7638"}],"wp:attachment":[{"href":"https:\/\/vhrc.fr\/en\/wp-json\/wp\/v2\/media?parent=8934"}],"curies":[{"name":"wp","href":"https:\/\/api.w.org\/{rel}","templated":true}]}}