{"id":8950,"date":"2019-09-24T13:25:02","date_gmt":"2019-09-24T12:25:02","guid":{"rendered":"http:\/\/vhrc.fr\/?page_id=8950"},"modified":"2025-07-08T09:23:25","modified_gmt":"2025-07-08T08:23:25","slug":"2019-m6-montpellier","status":"publish","type":"page","link":"https:\/\/vhrc.fr\/en\/historique\/vhrc-lhistorique\/2019-vhrc\/2019-m6-montpellier\/","title":{"rendered":"2019 M6 Montpellier"},"content":{"rendered":"<p>Pour cette sixi\u00e8me manche du VHRC 2019, nous retrouvons 8 pilotes inscrits, historique et libre m\u00e9lang\u00e9s.<\/p>\n<p><a href=\"http:\/\/vhrc.fr\/wp-content\/uploads\/2019\/09\/GEDC2787.jpg\"><img loading=\"lazy\" decoding=\"async\" class=\"alignnone size-full wp-image-8960\" src=\"http:\/\/vhrc.fr\/wp-content\/uploads\/2019\/09\/GEDC2787.jpg\" alt=\"\" width=\"146\" height=\"110\" \/><\/a><\/p>\n<p>Marc C, Jean-Claude L, R\u00e9mi C, Laurent B, Luc G, Maurice B, et Daniel B arriveront de bonne heure pour s\u2019installer dans les stands. Pour cette course de ligue, la place ne manque pas\u00a0! En 1\/5, seulement 16 pilotes pr\u00e9sents (GT et FF).<\/p>\n<p>Brice G nous fera son retour sur la piste avec une adorable Mini Cooper Yankee. Brice utilisera des pneus 1\/5 vieux d\u2019une bonne dizaine d\u2019ann\u00e9e.<\/p>\n<p>La monte pneumatique sera uniquement des pneus F1 1\/5, majoritairement de marque GRP, sauf Marc C en PMT et Luc en Roadies.<\/p>\n<h3>Les Qualifications<\/h3>\n<figure id=\"attachment_8954\" aria-describedby=\"caption-attachment-8954\" style=\"width: 730px\" class=\"wp-caption alignnone\"><a href=\"http:\/\/vhrc.fr\/wp-content\/uploads\/2019\/09\/GEDC2781.jpg\"><img loading=\"lazy\" decoding=\"async\" class=\"size-full wp-image-8954\" src=\"http:\/\/vhrc.fr\/wp-content\/uploads\/2019\/09\/GEDC2781.jpg\" alt=\"\" width=\"730\" height=\"548\" srcset=\"https:\/\/vhrc.fr\/wp-content\/uploads\/2019\/09\/GEDC2781.jpg 730w, https:\/\/vhrc.fr\/wp-content\/uploads\/2019\/09\/GEDC2781-400x300.jpg 400w\" sizes=\"auto, (max-width: 730px) 100vw, 730px\" \/><\/a><figcaption id=\"caption-attachment-8954\" class=\"wp-caption-text\">m6 montpellier 2019<\/figcaption><\/figure>\n<p>Les qualifications seront tr\u00e8s disput\u00e9es entre Marc, Luc et Laurent B.<\/p>\n<p>R\u00e9mi ne fera qu\u2019un tour\u00a0: probl\u00e8me de transmission l\u2019obligeant \u00e0 rester au stand.<\/p>\n<p>Brice d\u00e9crochera la p\u00f4le avec un 24 tours en 10 min 01, suivi de Marc C avec 23 tours. Avec un tour de moins, on retrouve Luc G, Puis Laurent B, Daniel B, Maurice B, et Jean-Claude L.<\/p>\n<p>R\u00e9sultats des qualifications :<br \/>\nBrice G, Marc C, Luc G, Laurent B, Daniel B, Maurice B, et Jean-Claude L.<\/p>\n<h3>Les finales<br \/>\n<a href=\"http:\/\/vhrc.fr\/wp-content\/uploads\/2019\/09\/70904638_10219771123645449_918442042869153792_o.jpg\"><img loading=\"lazy\" decoding=\"async\" class=\"alignnone size-large wp-image-8952\" src=\"http:\/\/vhrc.fr\/wp-content\/uploads\/2019\/09\/70904638_10219771123645449_918442042869153792_o-800x600.jpg\" alt=\"\" width=\"640\" height=\"480\" srcset=\"https:\/\/vhrc.fr\/wp-content\/uploads\/2019\/09\/70904638_10219771123645449_918442042869153792_o-800x600.jpg 800w, https:\/\/vhrc.fr\/wp-content\/uploads\/2019\/09\/70904638_10219771123645449_918442042869153792_o-400x300.jpg 400w, https:\/\/vhrc.fr\/wp-content\/uploads\/2019\/09\/70904638_10219771123645449_918442042869153792_o-768x576.jpg 768w, https:\/\/vhrc.fr\/wp-content\/uploads\/2019\/09\/70904638_10219771123645449_918442042869153792_o.jpg 2048w\" sizes=\"auto, (max-width: 640px) 100vw, 640px\" \/><\/a><\/h3>\n<p>Finale 1 :<br \/>\nBrice s\u2019\u00e9lancera en t\u00eate\u00a0; Marc C essayera de suivre le rythme de la petite Mini cooper. Luc G d\u00e9fendra sa position face \u00e0 Laurent B et Daniel B qui suivent. Maurice B restera tout proche afin de gagner des positions. Jean-Claude suivra \u00e0 son rythme le groupe de t\u00eate.<\/p>\n<p>Luc G s\u2019accrochera en d\u00e9but de course avec un autre pilote\u00a0: levier de direction cass\u00e9. Daniel B calera en milieu de piste\u00a0: embrayage HS.<\/p>\n<p>A la fin des 10 minutes de course, Brice passe la ligne de comptage en t\u00eate de la course avec de superbes chronos.<\/p>\n<p>Marc C finira 2nd, suivi de Laurent B, Maurice remontera au 4\u00e8me rang, puis Jean-Claude L.<\/p>\n<p>Finale 2 :<br \/>\nLe d\u00e9part est donn\u00e9 et Luc G est absent sur la grille, tout comme Daniel qui remonte son embrayage.<\/p>\n<p>Brice conservera sa premi\u00e8re position et attaquera afin de battre ses propres temps au tour.<\/p>\n<p>Marc C devra se mettre \u00e0 l\u2019abri de Laurent B qui le talonne. Luc prendra le d\u00e9part des stands apr\u00e8s avoir loup\u00e9 le d\u00e9but de la course. Maurice devra abandonner apr\u00e8s 9 tours de course \u00e0 la suite d\u2019un probl\u00e8me m\u00e9canique.<\/p>\n<p>Jean-Claude fera une course sur un rythme r\u00e9gulier en laissant passer les pilotes plus rapides.<\/p>\n<p>Daniel prendra la piste course. Laurent B abandonnera en fin de course\u00a0: perte d\u2019une roue arri\u00e8re.<\/p>\n<p>A la fin de la course, Brice passe la ligne en t\u00eate avec 2 tours d\u2019avance, suivi de Marc, Luc G, Jean-Claude L, Maurice B, Laurent B et Daniel B.<\/p>\n<p>Finale 3 :<br \/>\nLes pilotes se positionnent sur la grille de d\u00e9part\u00a0: Laurent B est absent sur la grille\u00a0: probl\u00e8me roue arri\u00e8re gauche.<\/p>\n<p>Brice partira en t\u00eate mais glissera dans le premier virage. Marc C m\u00e8nera 3 tours de la course avant de laisser passer Brice G alors plus rapide.<\/p>\n<p>Luc G suivra Marc et finira dans le m\u00eame tour de la course. Daniel B se prot\u00e9gera de Maurice B et creusera l\u2019\u00e9cart. Jean-Claude L abimera un triangle avant et donc abandonnera.<\/p>\n<p>Brice finira la course en t\u00eate avec un tour d\u2019avance sur Marc et Luc.<\/p>\n<p>&nbsp;<\/p>\n<p>Meilleurs temps :<br \/>\nBrice G\u00a0: \u00a0\u00a0\u00a0\u00a0\u00a0\u00a0\u00a0\u00a0\u00a0\u00a0\u00a0\u00a0\u00a0\u00a0\u00a0\u00a0\u00a0\u00a0\u00a0 24.160<\/p>\n<p>Marc C :\u00a0\u00a0\u00a0\u00a0\u00a0\u00a0\u00a0\u00a0\u00a0\u00a0\u00a0\u00a0\u00a0\u00a0\u00a0\u00a0\u00a0\u00a0\u00a0\u00a0 26.635<\/p>\n<p>Daniel B :\u00a0\u00a0\u00a0\u00a0\u00a0\u00a0\u00a0\u00a0\u00a0\u00a0\u00a0\u00a0\u00a0\u00a0\u00a0\u00a0\u00a0\u00a0 28.427<\/p>\n<p>Luc G : \u00a0\u00a0\u00a0\u00a0\u00a0\u00a0\u00a0\u00a0\u00a0\u00a0\u00a0\u00a0\u00a0\u00a0\u00a0\u00a0\u00a0\u00a0\u00a0\u00a0\u00a0\u00a0\u00a0\u00a0\u00a0\u00a0\u00a0\u00a0\u00a0\u00a0\u00a0\u00a0\u00a0\u00a0\u00a0\u00a0\u00a0 26.979<\/p>\n<p>Jean-Claude L :\u00a0\u00a0\u00a0\u00a0\u00a0\u00a0\u00a0\u00a0\u00a0\u00a0\u00a0\u00a0\u00a0\u00a0\u00a0\u00a0\u00a0\u00a0\u00a0\u00a0\u00a0\u00a0\u00a0\u00a0\u00a0\u00a0 37.092<\/p>\n<p>Maurice B\u00a0: \u00a0\u00a0\u00a0\u00a0\u00a0\u00a0\u00a0\u00a0\u00a0\u00a0\u00a0\u00a0\u00a0\u00a0\u00a0\u00a0\u00a0\u00a0\u00a0\u00a0\u00a0\u00a0\u00a0\u00a0\u00a0\u00a0\u00a0\u00a0\u00a0\u00a0\u00a0 30.163<\/p>\n<p>Laurent B\u00a0: \u00a0\u00a0\u00a0\u00a0\u00a0\u00a0\u00a0\u00a0\u00a0\u00a0\u00a0\u00a0\u00a0\u00a0\u00a0 28.033<\/p>\n<p>&nbsp;<\/p>\n<p>R\u00e9sultats des finales :<br \/>\nLes deux meilleures finales seront retenues pour \u00e9tablir le classement du jour.<\/p>\n<p>Brice G, Marc C, Luc G, Laurent B, Maurice B, Jean-Claude L et Daniel B.<\/p>\n<p><a href=\"http:\/\/vhrc.fr\/wp-content\/uploads\/2019\/09\/70690736_10219771122005408_5502938495951306752_n.jpg\"><img loading=\"lazy\" decoding=\"async\" class=\"alignnone size-large wp-image-8951\" src=\"http:\/\/vhrc.fr\/wp-content\/uploads\/2019\/09\/70690736_10219771122005408_5502938495951306752_n-533x800.jpg\" alt=\"\" width=\"533\" height=\"800\" srcset=\"https:\/\/vhrc.fr\/wp-content\/uploads\/2019\/09\/70690736_10219771122005408_5502938495951306752_n-533x800.jpg 533w, https:\/\/vhrc.fr\/wp-content\/uploads\/2019\/09\/70690736_10219771122005408_5502938495951306752_n-267x400.jpg 267w, https:\/\/vhrc.fr\/wp-content\/uploads\/2019\/09\/70690736_10219771122005408_5502938495951306752_n.jpg 640w\" sizes=\"auto, (max-width: 533px) 100vw, 533px\" \/><\/a><\/p>\n<p>Un grand merci \u00e0 Luc G et aux pilotes du VHRC pr\u00e9sents.<\/p>\n<p>Merci au club de l\u2019AMO de nous avoir re\u00e7u\u00a0: comptage\/restauration\/b\u00e9n\u00e9voles\/pr\u00e9sident.<\/p>\n<div id='gallery-1' class='gallery galleryid-8950 gallery-columns-3 gallery-size-colormag-featured-image'><figure class='gallery-item'>\n\t\t\t<div class='gallery-icon landscape'>\n\t\t\t\t<a href='https:\/\/vhrc.fr\/wp-content\/uploads\/2019\/09\/GEDC2780.jpg'><img loading=\"lazy\" decoding=\"async\" width=\"593\" height=\"445\" src=\"https:\/\/vhrc.fr\/wp-content\/uploads\/2019\/09\/GEDC2780.jpg\" class=\"attachment-colormag-featured-image size-colormag-featured-image\" alt=\"\" aria-describedby=\"gallery-1-8953\" srcset=\"https:\/\/vhrc.fr\/wp-content\/uploads\/2019\/09\/GEDC2780.jpg 730w, https:\/\/vhrc.fr\/wp-content\/uploads\/2019\/09\/GEDC2780-400x300.jpg 400w\" sizes=\"auto, (max-width: 593px) 100vw, 593px\" \/><\/a>\n\t\t\t<\/div>\n\t\t\t\t<figcaption class='wp-caption-text gallery-caption' id='gallery-1-8953'>\n\t\t\t\tm6 montpellier 2019\n\t\t\t\t<\/figcaption><\/figure><figure class='gallery-item'>\n\t\t\t<div class='gallery-icon landscape'>\n\t\t\t\t<a href='https:\/\/vhrc.fr\/wp-content\/uploads\/2019\/09\/GEDC2781.jpg'><img loading=\"lazy\" decoding=\"async\" width=\"593\" height=\"445\" src=\"https:\/\/vhrc.fr\/wp-content\/uploads\/2019\/09\/GEDC2781.jpg\" class=\"attachment-colormag-featured-image size-colormag-featured-image\" alt=\"\" aria-describedby=\"gallery-1-8954\" srcset=\"https:\/\/vhrc.fr\/wp-content\/uploads\/2019\/09\/GEDC2781.jpg 730w, https:\/\/vhrc.fr\/wp-content\/uploads\/2019\/09\/GEDC2781-400x300.jpg 400w\" sizes=\"auto, (max-width: 593px) 100vw, 593px\" \/><\/a>\n\t\t\t<\/div>\n\t\t\t\t<figcaption class='wp-caption-text gallery-caption' id='gallery-1-8954'>\n\t\t\t\tm6 montpellier 2019\n\t\t\t\t<\/figcaption><\/figure><figure class='gallery-item'>\n\t\t\t<div class='gallery-icon landscape'>\n\t\t\t\t<a href='https:\/\/vhrc.fr\/wp-content\/uploads\/2019\/09\/GEDC2782.jpg'><img loading=\"lazy\" decoding=\"async\" width=\"593\" height=\"445\" src=\"https:\/\/vhrc.fr\/wp-content\/uploads\/2019\/09\/GEDC2782.jpg\" class=\"attachment-colormag-featured-image size-colormag-featured-image\" alt=\"\" aria-describedby=\"gallery-1-8955\" srcset=\"https:\/\/vhrc.fr\/wp-content\/uploads\/2019\/09\/GEDC2782.jpg 730w, https:\/\/vhrc.fr\/wp-content\/uploads\/2019\/09\/GEDC2782-400x300.jpg 400w\" sizes=\"auto, (max-width: 593px) 100vw, 593px\" \/><\/a>\n\t\t\t<\/div>\n\t\t\t\t<figcaption class='wp-caption-text gallery-caption' id='gallery-1-8955'>\n\t\t\t\tm6 montpellier 2019\n\t\t\t\t<\/figcaption><\/figure><figure class='gallery-item'>\n\t\t\t<div class='gallery-icon landscape'>\n\t\t\t\t<a href='https:\/\/vhrc.fr\/wp-content\/uploads\/2019\/09\/GEDC2783.jpg'><img loading=\"lazy\" decoding=\"async\" width=\"593\" height=\"445\" src=\"https:\/\/vhrc.fr\/wp-content\/uploads\/2019\/09\/GEDC2783.jpg\" class=\"attachment-colormag-featured-image size-colormag-featured-image\" alt=\"\" aria-describedby=\"gallery-1-8956\" srcset=\"https:\/\/vhrc.fr\/wp-content\/uploads\/2019\/09\/GEDC2783.jpg 730w, https:\/\/vhrc.fr\/wp-content\/uploads\/2019\/09\/GEDC2783-400x300.jpg 400w\" sizes=\"auto, (max-width: 593px) 100vw, 593px\" \/><\/a>\n\t\t\t<\/div>\n\t\t\t\t<figcaption class='wp-caption-text gallery-caption' id='gallery-1-8956'>\n\t\t\t\tm6 montpellier 2019\n\t\t\t\t<\/figcaption><\/figure><figure class='gallery-item'>\n\t\t\t<div class='gallery-icon landscape'>\n\t\t\t\t<a href='https:\/\/vhrc.fr\/wp-content\/uploads\/2019\/09\/GEDC2784.jpg'><img loading=\"lazy\" decoding=\"async\" width=\"593\" height=\"445\" src=\"https:\/\/vhrc.fr\/wp-content\/uploads\/2019\/09\/GEDC2784.jpg\" class=\"attachment-colormag-featured-image size-colormag-featured-image\" alt=\"\" aria-describedby=\"gallery-1-8957\" srcset=\"https:\/\/vhrc.fr\/wp-content\/uploads\/2019\/09\/GEDC2784.jpg 730w, https:\/\/vhrc.fr\/wp-content\/uploads\/2019\/09\/GEDC2784-400x300.jpg 400w\" sizes=\"auto, (max-width: 593px) 100vw, 593px\" \/><\/a>\n\t\t\t<\/div>\n\t\t\t\t<figcaption class='wp-caption-text gallery-caption' id='gallery-1-8957'>\n\t\t\t\tm6 montpellier 2019\n\t\t\t\t<\/figcaption><\/figure><figure class='gallery-item'>\n\t\t\t<div class='gallery-icon landscape'>\n\t\t\t\t<a href='https:\/\/vhrc.fr\/wp-content\/uploads\/2019\/09\/GEDC2785.jpg'><img loading=\"lazy\" decoding=\"async\" width=\"593\" height=\"445\" src=\"https:\/\/vhrc.fr\/wp-content\/uploads\/2019\/09\/GEDC2785.jpg\" class=\"attachment-colormag-featured-image size-colormag-featured-image\" alt=\"\" aria-describedby=\"gallery-1-8958\" srcset=\"https:\/\/vhrc.fr\/wp-content\/uploads\/2019\/09\/GEDC2785.jpg 730w, https:\/\/vhrc.fr\/wp-content\/uploads\/2019\/09\/GEDC2785-400x300.jpg 400w\" sizes=\"auto, (max-width: 593px) 100vw, 593px\" \/><\/a>\n\t\t\t<\/div>\n\t\t\t\t<figcaption class='wp-caption-text gallery-caption' id='gallery-1-8958'>\n\t\t\t\tm6 montpellier 2019\n\t\t\t\t<\/figcaption><\/figure><figure class='gallery-item'>\n\t\t\t<div class='gallery-icon landscape'>\n\t\t\t\t<a href='https:\/\/vhrc.fr\/wp-content\/uploads\/2019\/09\/GEDC2786.jpg'><img loading=\"lazy\" decoding=\"async\" width=\"593\" height=\"445\" src=\"https:\/\/vhrc.fr\/wp-content\/uploads\/2019\/09\/GEDC2786.jpg\" class=\"attachment-colormag-featured-image size-colormag-featured-image\" alt=\"\" aria-describedby=\"gallery-1-8959\" srcset=\"https:\/\/vhrc.fr\/wp-content\/uploads\/2019\/09\/GEDC2786.jpg 730w, https:\/\/vhrc.fr\/wp-content\/uploads\/2019\/09\/GEDC2786-400x300.jpg 400w\" sizes=\"auto, (max-width: 593px) 100vw, 593px\" \/><\/a>\n\t\t\t<\/div>\n\t\t\t\t<figcaption class='wp-caption-text gallery-caption' id='gallery-1-8959'>\n\t\t\t\tm6 montpellier 2019\n\t\t\t\t<\/figcaption><\/figure><figure class='gallery-item'>\n\t\t\t<div class='gallery-icon landscape'>\n\t\t\t\t<a href='https:\/\/vhrc.fr\/wp-content\/uploads\/2019\/09\/GEDC2788.jpg'><img loading=\"lazy\" decoding=\"async\" width=\"593\" height=\"445\" src=\"https:\/\/vhrc.fr\/wp-content\/uploads\/2019\/09\/GEDC2788.jpg\" class=\"attachment-colormag-featured-image size-colormag-featured-image\" alt=\"\" aria-describedby=\"gallery-1-8961\" srcset=\"https:\/\/vhrc.fr\/wp-content\/uploads\/2019\/09\/GEDC2788.jpg 730w, https:\/\/vhrc.fr\/wp-content\/uploads\/2019\/09\/GEDC2788-400x300.jpg 400w\" sizes=\"auto, (max-width: 593px) 100vw, 593px\" \/><\/a>\n\t\t\t<\/div>\n\t\t\t\t<figcaption class='wp-caption-text gallery-caption' id='gallery-1-8961'>\n\t\t\t\tm6 montpellier 2019\n\t\t\t\t<\/figcaption><\/figure><figure class='gallery-item'>\n\t\t\t<div class='gallery-icon landscape'>\n\t\t\t\t<a href='https:\/\/vhrc.fr\/wp-content\/uploads\/2019\/09\/GEDC2789.jpg'><img loading=\"lazy\" decoding=\"async\" width=\"593\" height=\"445\" src=\"https:\/\/vhrc.fr\/wp-content\/uploads\/2019\/09\/GEDC2789.jpg\" class=\"attachment-colormag-featured-image size-colormag-featured-image\" alt=\"\" aria-describedby=\"gallery-1-8962\" srcset=\"https:\/\/vhrc.fr\/wp-content\/uploads\/2019\/09\/GEDC2789.jpg 730w, https:\/\/vhrc.fr\/wp-content\/uploads\/2019\/09\/GEDC2789-400x300.jpg 400w\" sizes=\"auto, (max-width: 593px) 100vw, 593px\" \/><\/a>\n\t\t\t<\/div>\n\t\t\t\t<figcaption class='wp-caption-text gallery-caption' id='gallery-1-8962'>\n\t\t\t\tm6 montpellier 2019\n\t\t\t\t<\/figcaption><\/figure><figure class='gallery-item'>\n\t\t\t<div class='gallery-icon landscape'>\n\t\t\t\t<a href='https:\/\/vhrc.fr\/wp-content\/uploads\/2019\/09\/GEDC2790.jpg'><img loading=\"lazy\" decoding=\"async\" width=\"593\" height=\"445\" src=\"https:\/\/vhrc.fr\/wp-content\/uploads\/2019\/09\/GEDC2790.jpg\" class=\"attachment-colormag-featured-image size-colormag-featured-image\" alt=\"\" aria-describedby=\"gallery-1-8963\" srcset=\"https:\/\/vhrc.fr\/wp-content\/uploads\/2019\/09\/GEDC2790.jpg 730w, https:\/\/vhrc.fr\/wp-content\/uploads\/2019\/09\/GEDC2790-400x300.jpg 400w\" sizes=\"auto, (max-width: 593px) 100vw, 593px\" \/><\/a>\n\t\t\t<\/div>\n\t\t\t\t<figcaption class='wp-caption-text gallery-caption' id='gallery-1-8963'>\n\t\t\t\tm6 montpellier 2019\n\t\t\t\t<\/figcaption><\/figure><figure class='gallery-item'>\n\t\t\t<div class='gallery-icon landscape'>\n\t\t\t\t<a href='https:\/\/vhrc.fr\/wp-content\/uploads\/2019\/09\/GEDC2791.jpg'><img loading=\"lazy\" decoding=\"async\" width=\"593\" height=\"445\" src=\"https:\/\/vhrc.fr\/wp-content\/uploads\/2019\/09\/GEDC2791.jpg\" class=\"attachment-colormag-featured-image size-colormag-featured-image\" alt=\"\" aria-describedby=\"gallery-1-8964\" srcset=\"https:\/\/vhrc.fr\/wp-content\/uploads\/2019\/09\/GEDC2791.jpg 730w, https:\/\/vhrc.fr\/wp-content\/uploads\/2019\/09\/GEDC2791-400x300.jpg 400w\" sizes=\"auto, (max-width: 593px) 100vw, 593px\" \/><\/a>\n\t\t\t<\/div>\n\t\t\t\t<figcaption class='wp-caption-text gallery-caption' id='gallery-1-8964'>\n\t\t\t\tm6 montpellier 2019\n\t\t\t\t<\/figcaption><\/figure><figure class='gallery-item'>\n\t\t\t<div class='gallery-icon landscape'>\n\t\t\t\t<a href='https:\/\/vhrc.fr\/wp-content\/uploads\/2019\/09\/GEDC2792.jpg'><img loading=\"lazy\" decoding=\"async\" width=\"593\" height=\"445\" src=\"https:\/\/vhrc.fr\/wp-content\/uploads\/2019\/09\/GEDC2792.jpg\" class=\"attachment-colormag-featured-image size-colormag-featured-image\" alt=\"\" aria-describedby=\"gallery-1-8965\" srcset=\"https:\/\/vhrc.fr\/wp-content\/uploads\/2019\/09\/GEDC2792.jpg 730w, https:\/\/vhrc.fr\/wp-content\/uploads\/2019\/09\/GEDC2792-400x300.jpg 400w\" sizes=\"auto, (max-width: 593px) 100vw, 593px\" \/><\/a>\n\t\t\t<\/div>\n\t\t\t\t<figcaption class='wp-caption-text gallery-caption' id='gallery-1-8965'>\n\t\t\t\tm6 montpellier 2019\n\t\t\t\t<\/figcaption><\/figure><figure class='gallery-item'>\n\t\t\t<div class='gallery-icon landscape'>\n\t\t\t\t<a href='https:\/\/vhrc.fr\/wp-content\/uploads\/2019\/09\/GEDC2793.jpg'><img loading=\"lazy\" decoding=\"async\" width=\"593\" height=\"445\" src=\"https:\/\/vhrc.fr\/wp-content\/uploads\/2019\/09\/GEDC2793.jpg\" class=\"attachment-colormag-featured-image size-colormag-featured-image\" alt=\"\" aria-describedby=\"gallery-1-8966\" srcset=\"https:\/\/vhrc.fr\/wp-content\/uploads\/2019\/09\/GEDC2793.jpg 730w, https:\/\/vhrc.fr\/wp-content\/uploads\/2019\/09\/GEDC2793-400x300.jpg 400w\" sizes=\"auto, (max-width: 593px) 100vw, 593px\" \/><\/a>\n\t\t\t<\/div>\n\t\t\t\t<figcaption class='wp-caption-text gallery-caption' id='gallery-1-8966'>\n\t\t\t\tm6 montpellier 2019\n\t\t\t\t<\/figcaption><\/figure>\n\t\t<\/div>\n\n<p>R\u00e9mi C<\/p>","protected":false},"excerpt":{"rendered":"<p>Pour cette sixi\u00e8me manche du VHRC 2019, nous retrouvons 8 pilotes inscrits, historique et libre m\u00e9lang\u00e9s. Marc C, Jean-Claude L,<\/p>","protected":false},"author":5,"featured_media":2135,"parent":8694,"menu_order":0,"comment_status":"closed","ping_status":"closed","template":"","meta":{"colormag_page_container_layout":"default_layout","colormag_page_sidebar_layout":"default_layout","footnotes":""},"class_list":["post-8950","page","type-page","status-publish","has-post-thumbnail","hentry"],"_links":{"self":[{"href":"https:\/\/vhrc.fr\/en\/wp-json\/wp\/v2\/pages\/8950","targetHints":{"allow":["GET"]}}],"collection":[{"href":"https:\/\/vhrc.fr\/en\/wp-json\/wp\/v2\/pages"}],"about":[{"href":"https:\/\/vhrc.fr\/en\/wp-json\/wp\/v2\/types\/page"}],"author":[{"embeddable":true,"href":"https:\/\/vhrc.fr\/en\/wp-json\/wp\/v2\/users\/5"}],"replies":[{"embeddable":true,"href":"https:\/\/vhrc.fr\/en\/wp-json\/wp\/v2\/comments?post=8950"}],"version-history":[{"count":1,"href":"https:\/\/vhrc.fr\/en\/wp-json\/wp\/v2\/pages\/8950\/revisions"}],"predecessor-version":[{"id":8967,"href":"https:\/\/vhrc.fr\/en\/wp-json\/wp\/v2\/pages\/8950\/revisions\/8967"}],"up":[{"embeddable":true,"href":"https:\/\/vhrc.fr\/en\/wp-json\/wp\/v2\/pages\/8694"}],"wp:featuredmedia":[{"embeddable":true,"href":"https:\/\/vhrc.fr\/en\/wp-json\/wp\/v2\/media\/2135"}],"wp:attachment":[{"href":"https:\/\/vhrc.fr\/en\/wp-json\/wp\/v2\/media?parent=8950"}],"curies":[{"name":"wp","href":"https:\/\/api.w.org\/{rel}","templated":true}]}}