{"id":8968,"date":"2019-09-24T13:45:13","date_gmt":"2019-09-24T12:45:13","guid":{"rendered":"http:\/\/vhrc.fr\/?page_id=8968"},"modified":"2025-07-08T09:22:05","modified_gmt":"2025-07-08T08:22:05","slug":"gp-longvic-historique-14-2019","status":"publish","type":"page","link":"https:\/\/vhrc.fr\/en\/expos\/gp-longvic-historique-14-2019\/","title":{"rendered":"GP Longvic Historique 1:4 2019"},"content":{"rendered":"<p>Course \u00e9chelle 1\/4 \u00e0 Dijon &#8211; Longvic !Inscription sur le site de la f\u00e9d\u00e9 <a href=\"https:\/\/www.ffvrcweb.fr\/inscription\/etape2.php?course=5134\">29 septembre 2019 &#8211; MRCL LONGVIC &#8211; Piste 1\/4<\/a><\/p>\n<figure id=\"attachment_8969\" aria-describedby=\"caption-attachment-8969\" style=\"width: 341px\" class=\"wp-caption alignnone\"><a href=\"http:\/\/vhrc.fr\/wp-content\/uploads\/2019\/09\/69618744_10219594500949992_7825763002694500352_n.jpg\"><img loading=\"lazy\" decoding=\"async\" class=\"wp-image-8969\" src=\"http:\/\/vhrc.fr\/wp-content\/uploads\/2019\/09\/69618744_10219594500949992_7825763002694500352_n-566x800.jpg\" alt=\"GP Longvic Historique 1:4 2019\" width=\"341\" height=\"482\" srcset=\"https:\/\/vhrc.fr\/wp-content\/uploads\/2019\/09\/69618744_10219594500949992_7825763002694500352_n-566x800.jpg 566w, https:\/\/vhrc.fr\/wp-content\/uploads\/2019\/09\/69618744_10219594500949992_7825763002694500352_n-283x400.jpg 283w, https:\/\/vhrc.fr\/wp-content\/uploads\/2019\/09\/69618744_10219594500949992_7825763002694500352_n.jpg 679w\" sizes=\"auto, (max-width: 341px) 100vw, 341px\" \/><\/a><figcaption id=\"caption-attachment-8969\" class=\"wp-caption-text\">GP Longvic Historique 1:4 2019<\/figcaption><\/figure>\n<div class=\"tribe-events-meta-group tribe-events-meta-group-venue\">\n<h2 class=\"tribe-events-single-section-title\">Lieu<\/h2>\n<dl>\n<dd class=\"tribe-venue\">Mini Racing Car<\/dd>\n<dd class=\"tribe-venue-location\">\n<address class=\"tribe-events-address\"><span class=\"tribe-address\"> <span class=\"tribe-street-address\">Circuit R\/C Longvic Boulevard des Industries<\/span><br \/>\n<span class=\"tribe-locality\">Longvic<\/span><span class=\"tribe-delimiter\">,<\/span> <span class=\"tribe-postal-code\">21600<\/span> <span class=\"tribe-country-name\">France<\/span> <\/span> <a class=\"tribe-events-gmap\" title=\"Cliquez pour voir une carte Google Maps\" href=\"https:\/\/maps.google.com\/maps?f=q&amp;source=s_q&amp;hl=en&amp;geocode=&amp;q=Circuit+R%2FC+Longvic+Boulevard+des+Industries+Longvic+21600+France\" target=\"_blank\" rel=\"noopener noreferrer\">+ Google Map<\/a><\/address>\n<\/dd>\n<dt class=\"tribe-venue-url-label\">Site Web : <a href=\"http:\/\/www.alc-longvic-mrc.fr\" target=\"_self\" rel=\"noopener noreferrer\">www.alc-longvic-mrc.fr<\/a><\/dt>\n<\/dl>\n<\/div>","protected":false},"excerpt":{"rendered":"<p>Course \u00e9chelle 1\/4 \u00e0 Dijon &#8211; Longvic !Inscription sur le site de la f\u00e9d\u00e9 29 septembre 2019 &#8211; MRCL LONGVIC<\/p>","protected":false},"author":5,"featured_media":8969,"parent":8423,"menu_order":0,"comment_status":"closed","ping_status":"closed","template":"","meta":{"colormag_page_container_layout":"default_layout","colormag_page_sidebar_layout":"default_layout","footnotes":""},"class_list":["post-8968","page","type-page","status-publish","has-post-thumbnail","hentry"],"_links":{"self":[{"href":"https:\/\/vhrc.fr\/en\/wp-json\/wp\/v2\/pages\/8968","targetHints":{"allow":["GET"]}}],"collection":[{"href":"https:\/\/vhrc.fr\/en\/wp-json\/wp\/v2\/pages"}],"about":[{"href":"https:\/\/vhrc.fr\/en\/wp-json\/wp\/v2\/types\/page"}],"author":[{"embeddable":true,"href":"https:\/\/vhrc.fr\/en\/wp-json\/wp\/v2\/users\/5"}],"replies":[{"embeddable":true,"href":"https:\/\/vhrc.fr\/en\/wp-json\/wp\/v2\/comments?post=8968"}],"version-history":[{"count":4,"href":"https:\/\/vhrc.fr\/en\/wp-json\/wp\/v2\/pages\/8968\/revisions"}],"predecessor-version":[{"id":8973,"href":"https:\/\/vhrc.fr\/en\/wp-json\/wp\/v2\/pages\/8968\/revisions\/8973"}],"up":[{"embeddable":true,"href":"https:\/\/vhrc.fr\/en\/wp-json\/wp\/v2\/pages\/8423"}],"wp:featuredmedia":[{"embeddable":true,"href":"https:\/\/vhrc.fr\/en\/wp-json\/wp\/v2\/media\/8969"}],"wp:attachment":[{"href":"https:\/\/vhrc.fr\/en\/wp-json\/wp\/v2\/media?parent=8968"}],"curies":[{"name":"wp","href":"https:\/\/api.w.org\/{rel}","templated":true}]}}