{"id":9379,"date":"2020-01-07T09:58:32","date_gmt":"2020-01-07T08:58:32","guid":{"rendered":"http:\/\/vhrc.fr\/?page_id=9379"},"modified":"2025-07-08T09:23:25","modified_gmt":"2025-07-08T08:23:25","slug":"metal-hoby","status":"publish","type":"page","link":"https:\/\/vhrc.fr\/en\/voitures\/metal-hoby\/","title":{"rendered":"Metal hoby"},"content":{"rendered":"<p>Metal hobi est un fabriquant Turc \/ Allemand qui a produit des pi\u00e8ces et une voiture 1:4.<\/p>\n<p><img loading=\"lazy\" decoding=\"async\" class=\"alignnone size-full wp-image-9391\" src=\"http:\/\/vhrc.fr\/wp-content\/uploads\/2020\/01\/metal-hobi-logo-web.png\" alt=\"\" width=\"391\" height=\"93\" \/><br \/>\nIl est sp\u00e9cialis\u00e9 maintenant dans les camions RC 1:14 et les engins de chantier haut de gamme<\/p>\n<p>la dodge charger 1970 qu&rsquo;ils ont fabriqu\u00e9 a un V8 fonctionnel avec marche arri\u00e8re, jantes alu, feux, int\u00e9rieur d\u00e9taill\u00e9,fauteuils cuirs, etc&#8230;<\/p>\n<div id='gallery-1' class='gallery galleryid-9379 gallery-columns-3 gallery-size-colormag-featured-image'><figure class='gallery-item'>\n\t\t\t<div class='gallery-icon portrait'>\n\t\t\t\t<a href='https:\/\/vhrc.fr\/wp-content\/uploads\/2020\/01\/metal-hobi-01.jpg'><img loading=\"lazy\" decoding=\"async\" width=\"334\" height=\"445\" src=\"https:\/\/vhrc.fr\/wp-content\/uploads\/2020\/01\/metal-hobi-01.jpg\" class=\"attachment-colormag-featured-image size-colormag-featured-image\" alt=\"\" aria-describedby=\"gallery-1-9380\" srcset=\"https:\/\/vhrc.fr\/wp-content\/uploads\/2020\/01\/metal-hobi-01.jpg 405w, https:\/\/vhrc.fr\/wp-content\/uploads\/2020\/01\/metal-hobi-01-300x400.jpg 300w\" sizes=\"auto, (max-width: 334px) 100vw, 334px\" \/><\/a>\n\t\t\t<\/div>\n\t\t\t\t<figcaption class='wp-caption-text gallery-caption' id='gallery-1-9380'>\n\t\t\t\tmetal hobi voiture RC 1:4\n\t\t\t\t<\/figcaption><\/figure><figure class='gallery-item'>\n\t\t\t<div class='gallery-icon landscape'>\n\t\t\t\t<a href='https:\/\/vhrc.fr\/wp-content\/uploads\/2020\/01\/metal-hobi-02.jpg'><img loading=\"lazy\" decoding=\"async\" width=\"791\" height=\"445\" src=\"https:\/\/vhrc.fr\/wp-content\/uploads\/2020\/01\/metal-hobi-02.jpg\" class=\"attachment-colormag-featured-image size-colormag-featured-image\" alt=\"\" aria-describedby=\"gallery-1-9381\" srcset=\"https:\/\/vhrc.fr\/wp-content\/uploads\/2020\/01\/metal-hobi-02.jpg 960w, https:\/\/vhrc.fr\/wp-content\/uploads\/2020\/01\/metal-hobi-02-400x225.jpg 400w, https:\/\/vhrc.fr\/wp-content\/uploads\/2020\/01\/metal-hobi-02-800x450.jpg 800w, https:\/\/vhrc.fr\/wp-content\/uploads\/2020\/01\/metal-hobi-02-768x432.jpg 768w\" sizes=\"auto, (max-width: 791px) 100vw, 791px\" \/><\/a>\n\t\t\t<\/div>\n\t\t\t\t<figcaption class='wp-caption-text gallery-caption' id='gallery-1-9381'>\n\t\t\t\tmetal hobi voiture RC 1:4\n\t\t\t\t<\/figcaption><\/figure><figure class='gallery-item'>\n\t\t\t<div class='gallery-icon landscape'>\n\t\t\t\t<a href='https:\/\/vhrc.fr\/wp-content\/uploads\/2020\/01\/metal-hobi-03.jpg'><img loading=\"lazy\" decoding=\"async\" width=\"593\" height=\"445\" src=\"https:\/\/vhrc.fr\/wp-content\/uploads\/2020\/01\/metal-hobi-03.jpg\" class=\"attachment-colormag-featured-image size-colormag-featured-image\" alt=\"\" aria-describedby=\"gallery-1-9382\" srcset=\"https:\/\/vhrc.fr\/wp-content\/uploads\/2020\/01\/metal-hobi-03.jpg 720w, https:\/\/vhrc.fr\/wp-content\/uploads\/2020\/01\/metal-hobi-03-400x300.jpg 400w\" sizes=\"auto, (max-width: 593px) 100vw, 593px\" \/><\/a>\n\t\t\t<\/div>\n\t\t\t\t<figcaption class='wp-caption-text gallery-caption' id='gallery-1-9382'>\n\t\t\t\tmetal hobi voiture RC 1:4\n\t\t\t\t<\/figcaption><\/figure><figure class='gallery-item'>\n\t\t\t<div class='gallery-icon portrait'>\n\t\t\t\t<a href='https:\/\/vhrc.fr\/wp-content\/uploads\/2020\/01\/metal-hobi-04.jpg'><img loading=\"lazy\" decoding=\"async\" width=\"334\" height=\"445\" src=\"https:\/\/vhrc.fr\/wp-content\/uploads\/2020\/01\/metal-hobi-04.jpg\" class=\"attachment-colormag-featured-image size-colormag-featured-image\" alt=\"\" aria-describedby=\"gallery-1-9383\" srcset=\"https:\/\/vhrc.fr\/wp-content\/uploads\/2020\/01\/metal-hobi-04.jpg 405w, https:\/\/vhrc.fr\/wp-content\/uploads\/2020\/01\/metal-hobi-04-300x400.jpg 300w\" sizes=\"auto, (max-width: 334px) 100vw, 334px\" \/><\/a>\n\t\t\t<\/div>\n\t\t\t\t<figcaption class='wp-caption-text gallery-caption' id='gallery-1-9383'>\n\t\t\t\tmetal hobi voiture RC 1:4\n\t\t\t\t<\/figcaption><\/figure><figure class='gallery-item'>\n\t\t\t<div class='gallery-icon landscape'>\n\t\t\t\t<a href='https:\/\/vhrc.fr\/wp-content\/uploads\/2020\/01\/metal-hobi-05.jpg'><img loading=\"lazy\" decoding=\"async\" width=\"593\" height=\"445\" src=\"https:\/\/vhrc.fr\/wp-content\/uploads\/2020\/01\/metal-hobi-05.jpg\" class=\"attachment-colormag-featured-image size-colormag-featured-image\" alt=\"\" aria-describedby=\"gallery-1-9384\" srcset=\"https:\/\/vhrc.fr\/wp-content\/uploads\/2020\/01\/metal-hobi-05.jpg 720w, https:\/\/vhrc.fr\/wp-content\/uploads\/2020\/01\/metal-hobi-05-400x300.jpg 400w\" sizes=\"auto, (max-width: 593px) 100vw, 593px\" \/><\/a>\n\t\t\t<\/div>\n\t\t\t\t<figcaption class='wp-caption-text gallery-caption' id='gallery-1-9384'>\n\t\t\t\tmetal hobi voiture RC 1:4\n\t\t\t\t<\/figcaption><\/figure><figure class='gallery-item'>\n\t\t\t<div class='gallery-icon landscape'>\n\t\t\t\t<a href='https:\/\/vhrc.fr\/wp-content\/uploads\/2020\/01\/metal-hobi-06.jpg'><img loading=\"lazy\" decoding=\"async\" width=\"791\" height=\"445\" src=\"https:\/\/vhrc.fr\/wp-content\/uploads\/2020\/01\/metal-hobi-06.jpg\" class=\"attachment-colormag-featured-image size-colormag-featured-image\" alt=\"\" aria-describedby=\"gallery-1-9385\" srcset=\"https:\/\/vhrc.fr\/wp-content\/uploads\/2020\/01\/metal-hobi-06.jpg 960w, https:\/\/vhrc.fr\/wp-content\/uploads\/2020\/01\/metal-hobi-06-400x225.jpg 400w, https:\/\/vhrc.fr\/wp-content\/uploads\/2020\/01\/metal-hobi-06-800x450.jpg 800w, https:\/\/vhrc.fr\/wp-content\/uploads\/2020\/01\/metal-hobi-06-768x432.jpg 768w\" sizes=\"auto, (max-width: 791px) 100vw, 791px\" \/><\/a>\n\t\t\t<\/div>\n\t\t\t\t<figcaption class='wp-caption-text gallery-caption' id='gallery-1-9385'>\n\t\t\t\tmetal hobi voiture RC 1:4\n\t\t\t\t<\/figcaption><\/figure><figure class='gallery-item'>\n\t\t\t<div class='gallery-icon landscape'>\n\t\t\t\t<a href='https:\/\/vhrc.fr\/wp-content\/uploads\/2020\/01\/metal-hobi-07.jpg'><img loading=\"lazy\" decoding=\"async\" width=\"593\" height=\"445\" src=\"https:\/\/vhrc.fr\/wp-content\/uploads\/2020\/01\/metal-hobi-07.jpg\" class=\"attachment-colormag-featured-image size-colormag-featured-image\" alt=\"\" aria-describedby=\"gallery-1-9386\" srcset=\"https:\/\/vhrc.fr\/wp-content\/uploads\/2020\/01\/metal-hobi-07.jpg 720w, https:\/\/vhrc.fr\/wp-content\/uploads\/2020\/01\/metal-hobi-07-400x300.jpg 400w\" sizes=\"auto, (max-width: 593px) 100vw, 593px\" \/><\/a>\n\t\t\t<\/div>\n\t\t\t\t<figcaption class='wp-caption-text gallery-caption' id='gallery-1-9386'>\n\t\t\t\tmetal hobi voiture RC 1:4\n\t\t\t\t<\/figcaption><\/figure><figure class='gallery-item'>\n\t\t\t<div class='gallery-icon landscape'>\n\t\t\t\t<a href='https:\/\/vhrc.fr\/wp-content\/uploads\/2020\/01\/metal-hobi-08.jpg'><img loading=\"lazy\" decoding=\"async\" width=\"791\" height=\"445\" src=\"https:\/\/vhrc.fr\/wp-content\/uploads\/2020\/01\/metal-hobi-08.jpg\" class=\"attachment-colormag-featured-image size-colormag-featured-image\" alt=\"\" aria-describedby=\"gallery-1-9387\" srcset=\"https:\/\/vhrc.fr\/wp-content\/uploads\/2020\/01\/metal-hobi-08.jpg 960w, https:\/\/vhrc.fr\/wp-content\/uploads\/2020\/01\/metal-hobi-08-400x225.jpg 400w, https:\/\/vhrc.fr\/wp-content\/uploads\/2020\/01\/metal-hobi-08-800x450.jpg 800w, https:\/\/vhrc.fr\/wp-content\/uploads\/2020\/01\/metal-hobi-08-768x432.jpg 768w\" sizes=\"auto, (max-width: 791px) 100vw, 791px\" \/><\/a>\n\t\t\t<\/div>\n\t\t\t\t<figcaption class='wp-caption-text gallery-caption' id='gallery-1-9387'>\n\t\t\t\tmetal hobi voiture RC 1:4\n\t\t\t\t<\/figcaption><\/figure><figure class='gallery-item'>\n\t\t\t<div class='gallery-icon landscape'>\n\t\t\t\t<a href='https:\/\/vhrc.fr\/wp-content\/uploads\/2020\/01\/metal-hobi-09.jpg'><img loading=\"lazy\" decoding=\"async\" width=\"791\" height=\"445\" src=\"https:\/\/vhrc.fr\/wp-content\/uploads\/2020\/01\/metal-hobi-09.jpg\" class=\"attachment-colormag-featured-image size-colormag-featured-image\" alt=\"\" aria-describedby=\"gallery-1-9388\" srcset=\"https:\/\/vhrc.fr\/wp-content\/uploads\/2020\/01\/metal-hobi-09.jpg 960w, https:\/\/vhrc.fr\/wp-content\/uploads\/2020\/01\/metal-hobi-09-400x225.jpg 400w, https:\/\/vhrc.fr\/wp-content\/uploads\/2020\/01\/metal-hobi-09-800x450.jpg 800w, https:\/\/vhrc.fr\/wp-content\/uploads\/2020\/01\/metal-hobi-09-768x432.jpg 768w\" sizes=\"auto, (max-width: 791px) 100vw, 791px\" \/><\/a>\n\t\t\t<\/div>\n\t\t\t\t<figcaption class='wp-caption-text gallery-caption' id='gallery-1-9388'>\n\t\t\t\tmetal hobi voiture RC 1:4\n\t\t\t\t<\/figcaption><\/figure><figure class='gallery-item'>\n\t\t\t<div class='gallery-icon landscape'>\n\t\t\t\t<a href='https:\/\/vhrc.fr\/wp-content\/uploads\/2020\/01\/metal-hobi-10.jpg'><img loading=\"lazy\" decoding=\"async\" width=\"800\" height=\"382\" src=\"https:\/\/vhrc.fr\/wp-content\/uploads\/2020\/01\/metal-hobi-10.jpg\" class=\"attachment-colormag-featured-image size-colormag-featured-image\" alt=\"\" aria-describedby=\"gallery-1-9389\" srcset=\"https:\/\/vhrc.fr\/wp-content\/uploads\/2020\/01\/metal-hobi-10.jpg 960w, https:\/\/vhrc.fr\/wp-content\/uploads\/2020\/01\/metal-hobi-10-400x191.jpg 400w, https:\/\/vhrc.fr\/wp-content\/uploads\/2020\/01\/metal-hobi-10-800x382.jpg 800w, https:\/\/vhrc.fr\/wp-content\/uploads\/2020\/01\/metal-hobi-10-768x366.jpg 768w\" sizes=\"auto, (max-width: 800px) 100vw, 800px\" \/><\/a>\n\t\t\t<\/div>\n\t\t\t\t<figcaption class='wp-caption-text gallery-caption' id='gallery-1-9389'>\n\t\t\t\tmetal hobi voiture RC 1:4\n\t\t\t\t<\/figcaption><\/figure><figure class='gallery-item'>\n\t\t\t<div class='gallery-icon landscape'>\n\t\t\t\t<a href='https:\/\/vhrc.fr\/wp-content\/uploads\/2020\/01\/metal-hobi-11.jpg'><img loading=\"lazy\" decoding=\"async\" width=\"667\" height=\"445\" src=\"https:\/\/vhrc.fr\/wp-content\/uploads\/2020\/01\/metal-hobi-11.jpg\" class=\"attachment-colormag-featured-image size-colormag-featured-image\" alt=\"\" aria-describedby=\"gallery-1-9390\" srcset=\"https:\/\/vhrc.fr\/wp-content\/uploads\/2020\/01\/metal-hobi-11.jpg 809w, https:\/\/vhrc.fr\/wp-content\/uploads\/2020\/01\/metal-hobi-11-400x267.jpg 400w, https:\/\/vhrc.fr\/wp-content\/uploads\/2020\/01\/metal-hobi-11-800x534.jpg 800w, https:\/\/vhrc.fr\/wp-content\/uploads\/2020\/01\/metal-hobi-11-768x513.jpg 768w\" sizes=\"auto, (max-width: 667px) 100vw, 667px\" \/><\/a>\n\t\t\t<\/div>\n\t\t\t\t<figcaption class='wp-caption-text gallery-caption' id='gallery-1-9390'>\n\t\t\t\tmetal hobi voiture RC 1:4\n\t\t\t\t<\/figcaption><\/figure>\n\t\t<\/div>\n\n<p>la dodge charger 1970 source d&rsquo;inspiration de la voiture au 1:4<\/p>\n<figure id=\"attachment_9395\" aria-describedby=\"caption-attachment-9395\" style=\"width: 400px\" class=\"wp-caption alignnone\"><img loading=\"lazy\" decoding=\"async\" class=\"size-medium wp-image-9395\" src=\"http:\/\/vhrc.fr\/wp-content\/uploads\/2020\/01\/1970-DODGE-CHARGER-000-400x225.png\" alt=\"\" width=\"400\" height=\"225\" srcset=\"https:\/\/vhrc.fr\/wp-content\/uploads\/2020\/01\/1970-DODGE-CHARGER-000-400x225.png 400w, https:\/\/vhrc.fr\/wp-content\/uploads\/2020\/01\/1970-DODGE-CHARGER-000.png 640w\" sizes=\"auto, (max-width: 400px) 100vw, 400px\" \/><figcaption id=\"caption-attachment-9395\" class=\"wp-caption-text\">dodge charger 1970 1:4<\/figcaption><\/figure>","protected":false},"excerpt":{"rendered":"<p>Metal hobi est un fabriquant Turc \/ Allemand qui a produit des pi\u00e8ces et une voiture 1:4. Il est sp\u00e9cialis\u00e9<\/p>","protected":false},"author":5,"featured_media":9391,"parent":138,"menu_order":0,"comment_status":"closed","ping_status":"closed","template":"","meta":{"colormag_page_container_layout":"default_layout","colormag_page_sidebar_layout":"default_layout","footnotes":""},"class_list":["post-9379","page","type-page","status-publish","has-post-thumbnail","hentry"],"_links":{"self":[{"href":"https:\/\/vhrc.fr\/en\/wp-json\/wp\/v2\/pages\/9379","targetHints":{"allow":["GET"]}}],"collection":[{"href":"https:\/\/vhrc.fr\/en\/wp-json\/wp\/v2\/pages"}],"about":[{"href":"https:\/\/vhrc.fr\/en\/wp-json\/wp\/v2\/types\/page"}],"author":[{"embeddable":true,"href":"https:\/\/vhrc.fr\/en\/wp-json\/wp\/v2\/users\/5"}],"replies":[{"embeddable":true,"href":"https:\/\/vhrc.fr\/en\/wp-json\/wp\/v2\/comments?post=9379"}],"version-history":[{"count":4,"href":"https:\/\/vhrc.fr\/en\/wp-json\/wp\/v2\/pages\/9379\/revisions"}],"predecessor-version":[{"id":9396,"href":"https:\/\/vhrc.fr\/en\/wp-json\/wp\/v2\/pages\/9379\/revisions\/9396"}],"up":[{"embeddable":true,"href":"https:\/\/vhrc.fr\/en\/wp-json\/wp\/v2\/pages\/138"}],"wp:featuredmedia":[{"embeddable":true,"href":"https:\/\/vhrc.fr\/en\/wp-json\/wp\/v2\/media\/9391"}],"wp:attachment":[{"href":"https:\/\/vhrc.fr\/en\/wp-json\/wp\/v2\/media?parent=9379"}],"curies":[{"name":"wp","href":"https:\/\/api.w.org\/{rel}","templated":true}]}}