{"id":9397,"date":"2020-01-07T10:34:21","date_gmt":"2020-01-07T09:34:21","guid":{"rendered":"http:\/\/vhrc.fr\/?page_id=9397"},"modified":"2025-07-08T09:23:25","modified_gmt":"2025-07-08T08:23:25","slug":"wcm","status":"publish","type":"page","link":"https:\/\/vhrc.fr\/en\/voitures\/wcm\/","title":{"rendered":"WCM"},"content":{"rendered":"<h1>WCM Racing<\/h1>\n<p>fabriquant am\u00e9ricain de voitures stock car, nascar,sprint car&#8230;<\/p>\n<p><a href=\"http:\/\/wcmracing.com\/\">http:\/\/wcmracing.com\/<\/a><\/p>\n<p><a href=\"http:\/\/vhrc.fr\/wp-content\/uploads\/2020\/01\/wcm-wcm-sprint_cr.jpg\"><img loading=\"lazy\" decoding=\"async\" class=\"alignnone size-medium wp-image-9401\" src=\"http:\/\/vhrc.fr\/wp-content\/uploads\/2020\/01\/wcm-wcm-sprint_cr-400x267.jpg\" alt=\"\" width=\"400\" height=\"267\" srcset=\"https:\/\/vhrc.fr\/wp-content\/uploads\/2020\/01\/wcm-wcm-sprint_cr-400x267.jpg 400w, https:\/\/vhrc.fr\/wp-content\/uploads\/2020\/01\/wcm-wcm-sprint_cr-800x533.jpg 800w, https:\/\/vhrc.fr\/wp-content\/uploads\/2020\/01\/wcm-wcm-sprint_cr-768x512.jpg 768w, https:\/\/vhrc.fr\/wp-content\/uploads\/2020\/01\/wcm-wcm-sprint_cr.jpg 810w\" sizes=\"auto, (max-width: 400px) 100vw, 400px\" \/><\/a><\/p>\n<p><a href=\"http:\/\/vhrc.fr\/wp-content\/uploads\/2020\/01\/wcm-wcm2017EVO1_2048x2048_cr.jpg\"><img loading=\"lazy\" decoding=\"async\" class=\"alignnone size-medium wp-image-9400\" src=\"http:\/\/vhrc.fr\/wp-content\/uploads\/2020\/01\/wcm-wcm2017EVO1_2048x2048_cr-400x225.jpg\" alt=\"\" width=\"400\" height=\"225\" srcset=\"https:\/\/vhrc.fr\/wp-content\/uploads\/2020\/01\/wcm-wcm2017EVO1_2048x2048_cr-400x225.jpg 400w, https:\/\/vhrc.fr\/wp-content\/uploads\/2020\/01\/wcm-wcm2017EVO1_2048x2048_cr-800x450.jpg 800w, https:\/\/vhrc.fr\/wp-content\/uploads\/2020\/01\/wcm-wcm2017EVO1_2048x2048_cr-768x432.jpg 768w, https:\/\/vhrc.fr\/wp-content\/uploads\/2020\/01\/wcm-wcm2017EVO1_2048x2048_cr.jpg 960w\" sizes=\"auto, (max-width: 400px) 100vw, 400px\" \/><\/a><\/p>\n<p><a href=\"http:\/\/vhrc.fr\/wp-content\/uploads\/2020\/01\/wcm-29063756_2337546849592639_209615908115593916_o.jpg\"><img loading=\"lazy\" decoding=\"async\" class=\"alignnone size-medium wp-image-9399\" src=\"http:\/\/vhrc.fr\/wp-content\/uploads\/2020\/01\/wcm-29063756_2337546849592639_209615908115593916_o-400x300.jpg\" alt=\"\" width=\"400\" height=\"300\" srcset=\"https:\/\/vhrc.fr\/wp-content\/uploads\/2020\/01\/wcm-29063756_2337546849592639_209615908115593916_o-400x300.jpg 400w, https:\/\/vhrc.fr\/wp-content\/uploads\/2020\/01\/wcm-29063756_2337546849592639_209615908115593916_o.jpg 720w\" sizes=\"auto, (max-width: 400px) 100vw, 400px\" \/><\/a><\/p>\n<p><span class=\"tlid-translation translation\" lang=\"fr\">\u00c0 propos de nous<\/p>\n<p>WCM Racing est d\u00e9tenu et entretenu par le p\u00e8re et le fils, Mark et Chris Hogue et Terrence Garret. Nous ne sommes que quelques fous passionn\u00e9s de courses de voitures jouets. Nous sommes fortement impliqu\u00e9s dans le hobby RC depuis pr\u00e8s de 30 ans. Tout courir, des voitures \u00e0 tapis aux v\u00e9hicules tout-terrain et m\u00eame aux avions et h\u00e9licopt\u00e8res. Il y a environ 6 ans, nous avons \u00e9t\u00e9 mordus par le bug du quart d&rsquo;\u00e9chelle &#8230; et mordus durement. Nous avons commenc\u00e9 \u00e0 courir \u00e0 l&rsquo;\u00e9chelle du quart en 2010 lorsque Mark a achet\u00e9 un ancien coureur au son d&rsquo;un camion (litt\u00e9ralement) de vieilles voitures et pi\u00e8ces WCM. Alors que nous progressions dans nos courses et apprenions le sport, nous avions besoin de pi\u00e8ces et de fournitures. Ils \u00e9taient difficiles \u00e0 obtenir. WCM \u00e0 l&rsquo;\u00e9poque appartenait \u00e0 Rick Binniker, qui est souvent consid\u00e9r\u00e9 comme l&rsquo;un des pionniers de l&rsquo;\u00e9chelle du quart. Nous avons contact\u00e9 Rick dans le but d&rsquo;obtenir des voitures et des pi\u00e8ces, mais nous avons appris qu&rsquo;il ne faisait plus rien. Nous savions que nous voulions courir et nous voulions courir des WCM donc, apr\u00e8s un peu de grattage de t\u00eate, nous d\u00e9cid\u00e2mes tous les trois d&rsquo;approcher Rick au sujet de l&rsquo;achat de WCM, la prochaine chose que vous savez, Mark et Terrence se dirigent vers le Texas avec une remorque en remorque pour reprendre notre nouvelle entreprise de voitures jouets &#8230;. et le reste appartient \u00e0 l&rsquo;histoire.<\/p>\n<p>Nous savions que nous avions du pain sur la planche pour reconstruire l&rsquo;une des marques les plus anciennes et les plus respect\u00e9es \u00e0 l&rsquo;\u00e9chelle du quart. Beaucoup de gens ont m\u00eame dit que nous \u00e9tions fous (ce qui est vrai) et que WCM \u00e9tait mort; nous n&rsquo;avons pas \u00e9cout\u00e9. En utilisant la base de connaissances diversifi\u00e9e de nos groupes, nous avons imm\u00e9diatement travaill\u00e9 \u00e0 am\u00e9liorer nos performances sur piste, la qualit\u00e9 des pi\u00e8ces et, surtout, la disponibilit\u00e9 pour tous en temps opportun. Nous nous effor\u00e7ons continuellement d&rsquo;innover et d&rsquo;am\u00e9liorer nos produits et le sport des courses \u00e0 l&rsquo;\u00e9chelle du quart dans son ensemble.<\/p>\n<p>Un peu de notre \u00e9quipe:<\/p>\n<p>Mark Hogue: propri\u00e9taire, PDG, directeur du marketing<\/p>\n<p>Mark Hogue a commenc\u00e9 sa vie amoureuse avec la course quand, en 1966, il a commenc\u00e9 \u00e0 courir le sprint Go Karts sur le l\u00e9gendaire Whiteland Raceway. Ayant grandi \u00e0 Greenfield, dans l&rsquo;Indiana, la maison de Comet Kart Sales, le plus grand magasin de karting au monde. Mark a \u00e9t\u00e9 accueilli par la famille Dismore et a fait partie de l&rsquo;\u00e9quipe de gars qui ont couru dans ce magasin. De nombreux pilotes notables sont sortis de ce groupe, Mark Dismore, vainqueur du Mans, vainqueur de Rolex 24, pilote Indy Car, et de nombreux champions du monde de karting, Tony Stewart, Nascar et champion USAC, les gars d&rsquo;Andretti et bien d&rsquo;autres. Mark n&rsquo;\u00e9tait pas l&rsquo;un d&rsquo;eux &#8230; mais s&rsquo;est bien pass\u00e9. Alors que ce groupe de gars poursuivait sa course professionnelle, Mark poursuivait son autre passion, le divertissement en direct. Mark est devenu l&rsquo;un des meilleurs professionnels de la production de musique live, travaillant avec des artistes comme Chicago, Aerosmith, Poison, The Moody Blues, Matchbox Twenty, Bob Seger et bien d&rsquo;autres dans une carri\u00e8re de plus de 40 ans en tant qu&rsquo;ing\u00e9nieur du son et production \/ Tour Manager, consultant constructeur audio et consultant promoteur. Organisation et gestion de tourn\u00e9es mondiales. Tout en gardant vivante sa passion pour la course. De retour \u00e0 Sprint et Enduro Karting en 1983, puis \u00e0 SCCA Formula Vee (o\u00f9 il a rencontr\u00e9 la famille Garrett) puis \u00e0 Formula Ford 2000. Mark a \u00e9t\u00e9 un observateur pour un certain nombre d&rsquo;\u00e9quipes Indy Car, instructeur d&rsquo;auto-\u00e9cole, officiel de course FIA, et un passionn\u00e9 de course de voitures RC depuis plus de 30 ans lorsque Chris l&rsquo;a tra\u00een\u00e9 \u00e0 coups de pied et \u00e0 crier dans une passion qui a conduit au WCM<\/p>\n<p>Terrence Garrett: CFM Racing CFO et Business Mentor.<\/p>\n<p>Terrence a jou\u00e9 un r\u00f4le d\u00e9terminant dans la mise en place des bases de notre entreprise et nous a aid\u00e9s \u00e0 d\u00e9marrer. Il est propri\u00e9taire d&rsquo;une entreprise commerciale g\u00e9n\u00e9rale prosp\u00e8re et est un homme d&rsquo;affaires extraordinaire. Terrence est aussi un coureur de bout en bout. Il a activement particip\u00e9 \u00e0 des courses de voitures de sport dans la SCCA et a \u00e9galement \u00e9t\u00e9 commissaire principal des \u00e9v\u00e9nements de la SCCA. Non seulement Terrence a couru lui-m\u00eame, mais il a \u00e9galement \u00e9t\u00e9 un observateur pour un certain nombre de pilotes de l&rsquo;Indy 500.<\/p>\n<p>Chris Hogue: Directeur technique, ing\u00e9nieur en chef, Web Guy et Order Filler de WCM Racing.<\/p>\n<p>Chris \u00e9tait accro \u00e0 la course RC depuis l&rsquo;\u00e2ge de 7 ans, lorsque son p\u00e8re a ramen\u00e9 sa premi\u00e8re voiture RC du Japon, une Tamiya Striker. Il pilote tous les types de voitures RC depuis pr\u00e8s de 30 ans. Non seulement la RC \u00e9tait une passion, mais la course \u00e0 grande \u00e9chelle l&rsquo;\u00e9tait aussi. Il a grandi en travaillant sur les voitures de formule de son p\u00e8re et a fait du karting et a un peu couru lui-m\u00eame. \u00c0 l&rsquo;\u00e2ge m\u00fbr de 19 ans, il a d\u00e9cid\u00e9 de prendre sa passion pour la course et d&rsquo;en vivre. Pendant les 15 ann\u00e9es suivantes, Chris a travaill\u00e9 sur des voitures de sport et des prototypes de voitures de sport en tant que m\u00e9canicien et chef d&rsquo;\u00e9quipe, voyageant partout dans le monde. Les aspects techniques de la course et ce qui rend les voitures de course rapides l&rsquo;ont toujours intrigu\u00e9 et il apporte cette connaissance au WCM. R\u00e9cemment, Chris s&rsquo;est retir\u00e9 du monde en \u00e9volution rapide du sport automobile professionnel pour \u00eatre \u00e0 la maison avec sa nouvelle famille et se concentrer sur WCM.<\/p>\n<p>WCM Racing tient \u00e9galement \u00e0 remercier certains amis du programme. Sans ces personnes, nous n&rsquo;aurions jamais pu d\u00e9coller.<\/span><\/p>\n<p><span class=\"tlid-translation translation\" lang=\"fr\"><span title=\"\">JR et Tina Parlsey: Sans ces deux-l\u00e0, nous ne serions nulle part.<\/span> <span class=\"\" title=\"\">Avant d&rsquo;avoir le site Web, JR et Tina ont r\u00e9pondu au t\u00e9l\u00e9phone, ont pris manuellement toutes les commandes et ont fait la plupart des commandes pendant que Mark et Chris voyageaient pour leur travail.<\/span> <span class=\"\" title=\"\">Leurs efforts inlassables et leurs appels t\u00e9l\u00e9phoniques \u00e0 toutes les heures de la journ\u00e9e nous ont aid\u00e9s \u00e0 rester \u00e0 flot pendant que nous d\u00e9veloppions notre entreprise.<\/span> <span class=\"\" title=\"\">JR et Tina, nous sommes \u00e0 jamais dans votre dette.<\/span><\/p>\n<p><span class=\"\" title=\"\">Jeff Grahn, Gregg Grahn et Steve Riddle: Ce groupe de personnages n&rsquo;est pas seulement des pilotes d&rsquo;\u00e9quipe pour WCM, mais il aide \u00e9galement \u00e0 la production, au d\u00e9veloppement de produits et au support produit en piste.<\/span> <span class=\"\" title=\"\">Leur d\u00e9vouement au sport et \u00e0 la marque est sans pareil.<\/span> <span class=\"\" title=\"\">Merci pour tout ce que vous faites pour nous.<\/span><\/span><\/p>","protected":false},"excerpt":{"rendered":"<p>WCM Racing fabriquant am\u00e9ricain de voitures stock car, nascar,sprint car&#8230; http:\/\/wcmracing.com\/ \u00c0 propos de nous WCM Racing est d\u00e9tenu et<\/p>","protected":false},"author":5,"featured_media":9398,"parent":138,"menu_order":0,"comment_status":"closed","ping_status":"closed","template":"","meta":{"colormag_page_container_layout":"default_layout","colormag_page_sidebar_layout":"default_layout","footnotes":""},"class_list":["post-9397","page","type-page","status-publish","has-post-thumbnail","hentry"],"_links":{"self":[{"href":"https:\/\/vhrc.fr\/en\/wp-json\/wp\/v2\/pages\/9397","targetHints":{"allow":["GET"]}}],"collection":[{"href":"https:\/\/vhrc.fr\/en\/wp-json\/wp\/v2\/pages"}],"about":[{"href":"https:\/\/vhrc.fr\/en\/wp-json\/wp\/v2\/types\/page"}],"author":[{"embeddable":true,"href":"https:\/\/vhrc.fr\/en\/wp-json\/wp\/v2\/users\/5"}],"replies":[{"embeddable":true,"href":"https:\/\/vhrc.fr\/en\/wp-json\/wp\/v2\/comments?post=9397"}],"version-history":[{"count":3,"href":"https:\/\/vhrc.fr\/en\/wp-json\/wp\/v2\/pages\/9397\/revisions"}],"predecessor-version":[{"id":9547,"href":"https:\/\/vhrc.fr\/en\/wp-json\/wp\/v2\/pages\/9397\/revisions\/9547"}],"up":[{"embeddable":true,"href":"https:\/\/vhrc.fr\/en\/wp-json\/wp\/v2\/pages\/138"}],"wp:featuredmedia":[{"embeddable":true,"href":"https:\/\/vhrc.fr\/en\/wp-json\/wp\/v2\/media\/9398"}],"wp:attachment":[{"href":"https:\/\/vhrc.fr\/en\/wp-json\/wp\/v2\/media?parent=9397"}],"curies":[{"name":"wp","href":"https:\/\/api.w.org\/{rel}","templated":true}]}}