{"id":9406,"date":"2020-01-07T16:31:39","date_gmt":"2020-01-07T15:31:39","guid":{"rendered":"http:\/\/vhrc.fr\/?page_id=9406"},"modified":"2025-07-08T09:22:05","modified_gmt":"2025-07-08T08:22:05","slug":"menoud-days","status":"publish","type":"page","link":"https:\/\/vhrc.fr\/en\/expos\/menoud-days\/","title":{"rendered":"Menoud Days"},"content":{"rendered":"<p>Les rassemblements de la marque suisse Menoud<\/p>\n<div class=\"pt-cv-wrapper\"><div class=\"pt-cv-view pt-cv-grid pt-cv-colsys\" id=\"pt-cv-view-aa35a12rmq\"><div data-id=\"pt-cv-page-1\" class=\"pt-cv-page\" data-cvc=\"2\"><div class=\"col-md-6 col-sm-6 col-xs-12 pt-cv-content-item pt-cv-1-col\" ><div class='pt-cv-ifield'><a href=\"https:\/\/vhrc.fr\/en\/expos\/menoud-days\/menoud-days-2017\/\" class=\"_self pt-cv-href-thumbnail pt-cv-thumb-default\" target=\"_self\" ><img loading=\"lazy\" decoding=\"async\" width=\"400\" height=\"267\" src=\"https:\/\/vhrc.fr\/wp-content\/uploads\/2017\/03\/20264658_1491619070881268_8573915704704338590_n-500x334.jpg\" class=\"pt-cv-thumbnail\" alt=\"\" srcset=\"https:\/\/vhrc.fr\/wp-content\/uploads\/2017\/03\/20264658_1491619070881268_8573915704704338590_n-500x334.jpg 500w, https:\/\/vhrc.fr\/wp-content\/uploads\/2017\/03\/20264658_1491619070881268_8573915704704338590_n.jpg 625w\" sizes=\"auto, (max-width: 400px) 100vw, 400px\" \/><\/a>\n<h4 class=\"pt-cv-title\"><a href=\"https:\/\/vhrc.fr\/en\/expos\/menoud-days\/menoud-days-2017\/\" class=\"_self\" target=\"_self\" >Menoud Days 2017<\/a><\/h4>\n<div class=\"pt-cv-content\">22&amp;23 Juillet 2017 rencontre des mod\u00e8les Menoud ...<br \/><div class=\"pt-cv-rmwrap\"><a href=\"https:\/\/vhrc.fr\/en\/expos\/menoud-days\/menoud-days-2017\/\" class=\"_self pt-cv-readmore btn btn-success\" target=\"_self\">Lire La Suite\u2026<\/a><\/div><\/div><\/div><\/div>\n<div class=\"col-md-6 col-sm-6 col-xs-12 pt-cv-content-item pt-cv-1-col\" ><div class='pt-cv-ifield'><a href=\"https:\/\/vhrc.fr\/en\/expos\/menoud-days\/menoud-days-2018\/\" class=\"_self pt-cv-href-thumbnail pt-cv-thumb-default\" target=\"_self\" ><img loading=\"lazy\" decoding=\"async\" width=\"400\" height=\"198\" src=\"https:\/\/vhrc.fr\/wp-content\/uploads\/2018\/04\/wmenoud-days-2018-affiche-500x248.jpg\" class=\"pt-cv-thumbnail\" alt=\"\" srcset=\"https:\/\/vhrc.fr\/wp-content\/uploads\/2018\/04\/wmenoud-days-2018-affiche-500x248.jpg 500w, https:\/\/vhrc.fr\/wp-content\/uploads\/2018\/04\/wmenoud-days-2018-affiche-768x381.jpg 768w, https:\/\/vhrc.fr\/wp-content\/uploads\/2018\/04\/wmenoud-days-2018-affiche-800x397.jpg 800w, https:\/\/vhrc.fr\/wp-content\/uploads\/2018\/04\/wmenoud-days-2018-affiche.jpg 1600w\" sizes=\"auto, (max-width: 400px) 100vw, 400px\" \/><\/a>\n<h4 class=\"pt-cv-title\"><a href=\"https:\/\/vhrc.fr\/en\/expos\/menoud-days\/menoud-days-2018\/\" class=\"_self\" target=\"_self\" >Menoud Days 2018<\/a><\/h4>\n<div class=\"pt-cv-content\">INSCRIPTION MENOUD DAYS 05 &amp; 06 Mai 2018 Rencontre des productions de la marque \u00ab MENOUD \u00bb (Ch\u00e2ssis et\/ ou ...<br \/><div class=\"pt-cv-rmwrap\"><a href=\"https:\/\/vhrc.fr\/en\/expos\/menoud-days\/menoud-days-2018\/\" class=\"_self pt-cv-readmore btn btn-success\" target=\"_self\">Lire La Suite\u2026<\/a><\/div><\/div><\/div><\/div>\n<div class=\"col-md-6 col-sm-6 col-xs-12 pt-cv-content-item pt-cv-1-col\" ><div class='pt-cv-ifield'><a href=\"https:\/\/vhrc.fr\/en\/expos\/menoud-days\/menoud-days-2018-session-2\/\" class=\"_self pt-cv-href-thumbnail pt-cv-thumb-default\" target=\"_self\" ><img loading=\"lazy\" decoding=\"async\" width=\"400\" height=\"266\" src=\"https:\/\/vhrc.fr\/wp-content\/uploads\/2018\/05\/31958179_1771047919605047_1145281277478305792_o-500x333.jpg\" class=\"pt-cv-thumbnail\" alt=\"\" srcset=\"https:\/\/vhrc.fr\/wp-content\/uploads\/2018\/05\/31958179_1771047919605047_1145281277478305792_o-500x333.jpg 500w, https:\/\/vhrc.fr\/wp-content\/uploads\/2018\/05\/31958179_1771047919605047_1145281277478305792_o-768x512.jpg 768w, https:\/\/vhrc.fr\/wp-content\/uploads\/2018\/05\/31958179_1771047919605047_1145281277478305792_o-800x533.jpg 800w, https:\/\/vhrc.fr\/wp-content\/uploads\/2018\/05\/31958179_1771047919605047_1145281277478305792_o.jpg 1128w\" sizes=\"auto, (max-width: 400px) 100vw, 400px\" \/><\/a>\n<h4 class=\"pt-cv-title\"><a href=\"https:\/\/vhrc.fr\/en\/expos\/menoud-days\/menoud-days-2018-session-2\/\" class=\"_self\" target=\"_self\" >Menoud Days 2018 Session 2<\/a><\/h4>\n<div class=\"pt-cv-content\">11 ao\u00fbt \u2013 12 ao\u00fbt 2018 Circuit Jack Paillard Pouilley-Fran\u00e7ais https:\/\/www.facebook.com\/events\/141028849898154\/ ...<br \/><div class=\"pt-cv-rmwrap\"><a href=\"https:\/\/vhrc.fr\/en\/expos\/menoud-days\/menoud-days-2018-session-2\/\" class=\"_self pt-cv-readmore btn btn-success\" target=\"_self\">Lire La Suite\u2026<\/a><\/div><\/div><\/div><\/div>\n<div class=\"col-md-6 col-sm-6 col-xs-12 pt-cv-content-item pt-cv-1-col\" ><div class='pt-cv-ifield'><a href=\"https:\/\/vhrc.fr\/en\/expos\/menoud-days\/menoud-days-2019\/\" class=\"_self pt-cv-href-thumbnail pt-cv-thumb-default\" target=\"_self\" ><img loading=\"lazy\" decoding=\"async\" width=\"400\" height=\"155\" src=\"https:\/\/vhrc.fr\/wp-content\/uploads\/2020\/01\/vhrc-62323066_2312024435704254_2454749718639542272_o-400x155.jpg\" class=\"pt-cv-thumbnail\" alt=\"\" srcset=\"https:\/\/vhrc.fr\/wp-content\/uploads\/2020\/01\/vhrc-62323066_2312024435704254_2454749718639542272_o-400x155.jpg 400w, https:\/\/vhrc.fr\/wp-content\/uploads\/2020\/01\/vhrc-62323066_2312024435704254_2454749718639542272_o-800x309.jpg 800w, https:\/\/vhrc.fr\/wp-content\/uploads\/2020\/01\/vhrc-62323066_2312024435704254_2454749718639542272_o-768x297.jpg 768w, https:\/\/vhrc.fr\/wp-content\/uploads\/2020\/01\/vhrc-62323066_2312024435704254_2454749718639542272_o.jpg 960w\" sizes=\"auto, (max-width: 400px) 100vw, 400px\" \/><\/a>\n<h4 class=\"pt-cv-title\"><a href=\"https:\/\/vhrc.fr\/en\/expos\/menoud-days\/menoud-days-2019\/\" class=\"_self\" target=\"_self\" >Menoud Days 2019<\/a><\/h4>\n<div class=\"pt-cv-content\">Mai Juillet Octobre ...<br \/><div class=\"pt-cv-rmwrap\"><a href=\"https:\/\/vhrc.fr\/en\/expos\/menoud-days\/menoud-days-2019\/\" class=\"_self pt-cv-readmore btn btn-success\" target=\"_self\">Lire La Suite\u2026<\/a><\/div><\/div><\/div><\/div>\n<div class=\"col-md-6 col-sm-6 col-xs-12 pt-cv-content-item pt-cv-1-col\" ><div class='pt-cv-ifield'><a href=\"https:\/\/vhrc.fr\/en\/expos\/menoud-days\/menoud-days-2020\/\" class=\"_self pt-cv-href-thumbnail pt-cv-thumb-default\" target=\"_self\" ><img loading=\"lazy\" decoding=\"async\" width=\"400\" height=\"267\" src=\"https:\/\/vhrc.fr\/wp-content\/uploads\/2020\/01\/vhrc-md2020-400x267.jpg\" class=\"pt-cv-thumbnail\" alt=\"menoud days 2020\" srcset=\"https:\/\/vhrc.fr\/wp-content\/uploads\/2020\/01\/vhrc-md2020-400x267.jpg 400w, https:\/\/vhrc.fr\/wp-content\/uploads\/2020\/01\/vhrc-md2020-800x533.jpg 800w, https:\/\/vhrc.fr\/wp-content\/uploads\/2020\/01\/vhrc-md2020-768x512.jpg 768w, https:\/\/vhrc.fr\/wp-content\/uploads\/2020\/01\/vhrc-md2020-1536x1024.jpg 1536w, https:\/\/vhrc.fr\/wp-content\/uploads\/2020\/01\/vhrc-md2020.jpg 1620w\" sizes=\"auto, (max-width: 400px) 100vw, 400px\" \/><\/a>\n<h4 class=\"pt-cv-title\"><a href=\"https:\/\/vhrc.fr\/en\/expos\/menoud-days\/menoud-days-2020\/\" class=\"_self\" target=\"_self\" >Menoud Days 2020<\/a><\/h4>\n<div class=\"pt-cv-content\">Menoud Days 2020 16 et 17 Mai 2020 \u00e0 Besan\u00e7on 19 et 20 Septembre \u00e0 Macon ...<br \/><div class=\"pt-cv-rmwrap\"><a href=\"https:\/\/vhrc.fr\/en\/expos\/menoud-days\/menoud-days-2020\/\" class=\"_self pt-cv-readmore btn btn-success\" target=\"_self\">Lire La Suite\u2026<\/a><\/div><\/div><\/div><\/div><\/div><\/div><\/div>","protected":false},"excerpt":{"rendered":"<p>Les rassemblements de la marque suisse Menoud<\/p>","protected":false},"author":5,"featured_media":8450,"parent":8423,"menu_order":0,"comment_status":"closed","ping_status":"closed","template":"","meta":{"colormag_page_container_layout":"default_layout","colormag_page_sidebar_layout":"default_layout","footnotes":""},"class_list":["post-9406","page","type-page","status-publish","has-post-thumbnail","hentry"],"_links":{"self":[{"href":"https:\/\/vhrc.fr\/en\/wp-json\/wp\/v2\/pages\/9406","targetHints":{"allow":["GET"]}}],"collection":[{"href":"https:\/\/vhrc.fr\/en\/wp-json\/wp\/v2\/pages"}],"about":[{"href":"https:\/\/vhrc.fr\/en\/wp-json\/wp\/v2\/types\/page"}],"author":[{"embeddable":true,"href":"https:\/\/vhrc.fr\/en\/wp-json\/wp\/v2\/users\/5"}],"replies":[{"embeddable":true,"href":"https:\/\/vhrc.fr\/en\/wp-json\/wp\/v2\/comments?post=9406"}],"version-history":[{"count":2,"href":"https:\/\/vhrc.fr\/en\/wp-json\/wp\/v2\/pages\/9406\/revisions"}],"predecessor-version":[{"id":9409,"href":"https:\/\/vhrc.fr\/en\/wp-json\/wp\/v2\/pages\/9406\/revisions\/9409"}],"up":[{"embeddable":true,"href":"https:\/\/vhrc.fr\/en\/wp-json\/wp\/v2\/pages\/8423"}],"wp:featuredmedia":[{"embeddable":true,"href":"https:\/\/vhrc.fr\/en\/wp-json\/wp\/v2\/media\/8450"}],"wp:attachment":[{"href":"https:\/\/vhrc.fr\/en\/wp-json\/wp\/v2\/media?parent=9406"}],"curies":[{"name":"wp","href":"https:\/\/api.w.org\/{rel}","templated":true}]}}