{"id":9448,"date":"2020-01-07T17:18:27","date_gmt":"2020-01-07T16:18:27","guid":{"rendered":"http:\/\/vhrc.fr\/?page_id=9448"},"modified":"2025-07-08T09:22:05","modified_gmt":"2025-07-08T08:22:05","slug":"amicale-macon-vintage-2019","status":"publish","type":"page","link":"https:\/\/vhrc.fr\/en\/expos\/macon-vintage\/amicale-macon-vintage-2019\/","title":{"rendered":"Amicale Macon Vintage 2019"},"content":{"rendered":"<div class=\"k_xk17wkj1j x_xk17wnww4 clearfix\">\n<div class=\"clearfix j_xk17wkkvy\">\n<div class=\"clearfix _42ef\">\n<div class=\"h_xk17wkkvx\">\n<div>\n<div class=\"_6a _5u5j\">\n<div class=\"_6a _5u5j _6b\">\n<h5 id=\"u_5t_a\" class=\"_7tae _14f3 _14f5 _5pbw _5vra\" data-ft=\"{&quot;tn&quot;:&quot;C&quot;}\"><span class=\"fwn fcg\"><span class=\"fwb fcg\" data-ft=\"{&quot;tn&quot;:&quot;k&quot;}\"><a href=\"https:\/\/www.facebook.com\/CAMM71\/?__tn__=kC-R&amp;eid=ARAB2359zFAVOgVh1EPL_KgFztWIC8xguJfS3IK2sWvcBiuAtp3pXWtSd6OEfEdE6FPONPqOxSfLcs9I&amp;hc_ref=ARSu6lFnPzX9OGIOQgd2u4Dyp3JLgIYQdyPWGOprvrBut_XbsUSL2lDrAOLP6JaCP2U&amp;fref=nf&amp;__xts__%5B0%5D=68.ARDXrv7vLAPjlY_RfN7mPEQIN-xySPOpiYslIhqOJgEGtzbKX1wrHX-pGCV5sS7TrRgGuSrnlsRVAJI7TVCdgrflpw_5B9Ng2LsxfQSjdvQ-q27SYjqD4KBvcmsm2dRs6kqQ-ofLS1NZjQMoBaarQ1rTyxqfjaRXRWwgWgDUrra73XJq0biYb7ANR7sGDoSUVML7c5Jy58ZbiQ5Bi6RJw3kdpl3KAaz-iBpHP9dw_8Lz8eb2O_l2CZhvqIQnVzUwhAyfbgEtE6d5ptAxRfYw_loQcyP1nuHfzOT2CZMWb3fvF8dE9hRt8BPbWXKKDUJ7y8jxQE6n-Q1NwPl7G0hQNRQ\" data-hovercard=\"\/ajax\/hovercard\/page.php?id=199482840619657&amp;extragetparams=%7B%22__tn__%22%3A%22%2CdkC-R-R%22%2C%22eid%22%3A%22ARAB2359zFAVOgVh1EPL_KgFztWIC8xguJfS3IK2sWvcBiuAtp3pXWtSd6OEfEdE6FPONPqOxSfLcs9I%22%2C%22hc_ref%22%3A%22ARSu6lFnPzX9OGIOQgd2u4Dyp3JLgIYQdyPWGOprvrBut_XbsUSL2lDrAOLP6JaCP2U%22%2C%22fref%22%3A%22nf%22%7D\" data-hovercard-prefer-more-content-show=\"1\" data-hovercard-referer=\"ARSu6lFnPzX9OGIOQgd2u4Dyp3JLgIYQdyPWGOprvrBut_XbsUSL2lDrAOLP6JaCP2U\">Club Auto Models M\u00e2connais<\/a><\/span><\/span><\/h5>\n<p><a href=\"http:\/\/vhrc.fr\/wp-content\/uploads\/2020\/01\/macon-vintage-2020.jpg\"><img loading=\"lazy\" decoding=\"async\" class=\"alignnone size-thumbnail wp-image-9418\" src=\"http:\/\/vhrc.fr\/wp-content\/uploads\/2020\/01\/macon-vintage-2020-150x150.jpg\" alt=\"\" width=\"150\" height=\"150\" \/><\/a><\/p>\n<div id=\"feed_subtitle_199482840619657;479666499267955;;9\" class=\"_5pcp _5lel _2jyu _232_\" data-testid=\"story-subtitle\"><span class=\"n_xk17wj1cs\"><span class=\"fsm fwn fcg\"><a class=\"_5pcq\" href=\"https:\/\/www.facebook.com\/CAMM71\/photos\/a.199558627278745\/479666469267958\/?type=3&amp;__xts__%5B0%5D=68.ARDXrv7vLAPjlY_RfN7mPEQIN-xySPOpiYslIhqOJgEGtzbKX1wrHX-pGCV5sS7TrRgGuSrnlsRVAJI7TVCdgrflpw_5B9Ng2LsxfQSjdvQ-q27SYjqD4KBvcmsm2dRs6kqQ-ofLS1NZjQMoBaarQ1rTyxqfjaRXRWwgWgDUrra73XJq0biYb7ANR7sGDoSUVML7c5Jy58ZbiQ5Bi6RJw3kdpl3KAaz-iBpHP9dw_8Lz8eb2O_l2CZhvqIQnVzUwhAyfbgEtE6d5ptAxRfYw_loQcyP1nuHfzOT2CZMWb3fvF8dE9hRt8BPbWXKKDUJ7y8jxQE6n-Q1NwPl7G0hQNRQ&amp;__tn__=-R\" target=\"\" rel=\"theater noopener noreferrer\"><abbr class=\"_5ptz\" title=\"08\/07\/2019 13:31\" data-utime=\"1562585485\" data-shorten=\"1\"><span id=\"js_3k0\" class=\"timestampContent\">8 juillet 2019<\/span><\/abbr><\/a><\/span><\/span><span class=\"_6spk\" role=\"presentation\" aria-hidden=\"true\"> \u00b7 <\/span><i class=\"lock img sp_RLFL6-1bUHS_1_5x sx_03478e\"><\/i><\/div>\n<\/div>\n<\/div>\n<\/div>\n<\/div>\n<\/div>\n<\/div>\n<\/div>\n<div id=\"js_3k1\" class=\"_5pbx userContent _3576\" data-testid=\"post_message\" data-ft=\"{&quot;tn&quot;:&quot;K&quot;}\">\n<div id=\"id_5e14ae4fc2a079123423938\" class=\"text_exposed_root text_exposed\">\n<p>Rencontre Amicale vintage + moto<br \/>\n6\/7 juillet 2019 (2e \u00e9dition)<\/p>\n<p>Merci \u00e0 toute les personnes pr\u00e9sentes lors de ce Week end.<br \/>\nApr\u00e8s une premi\u00e8re \u00e9dition timide en 2017, cette seconde \u00e9dition a enfin pris \u00e0 la sauce avec pas loin pas loin de 20 participants sans oublier les motards 1\/5 qui \u00e9taient convi\u00e9s \u00e0 l&rsquo;\u00e9v\u00e9nement <span class=\"_5mfr\"><span class=\"_6qdm\">&#x1f60e;<\/span><\/span><\/p>\n<div class=\"text_exposed_show\">\n<p>RDV en 2020 pour \u00e9dition encore plus folle ! On compte sur vous !! <span class=\"_5mfr\"><span class=\"_6qdm\">&#x1f609;<\/span><\/span><\/p>\n<p>Photos \u00e0 retrouver dans notre album d\u00e9di\u00e9 ainsi que sur la page de l&rsquo;\u00e9v\u00e9nement post\u00e9 par la communaut\u00e9 dont le liens figure ci dessous (rubrique \u00ab\u00a0discussion\u00a0\u00bb)<\/p>\n<div id='gallery-1' class='gallery galleryid-9448 gallery-columns-3 gallery-size-colormag-featured-image'><figure class='gallery-item'>\n\t\t\t<div class='gallery-icon portrait'>\n\t\t\t\t<a href='https:\/\/vhrc.fr\/wp-content\/uploads\/2020\/01\/vhrc-macon-2019-01.jpg'><img loading=\"lazy\" decoding=\"async\" width=\"334\" height=\"445\" src=\"https:\/\/vhrc.fr\/wp-content\/uploads\/2020\/01\/vhrc-macon-2019-01.jpg\" class=\"attachment-colormag-featured-image size-colormag-featured-image\" alt=\"\" aria-describedby=\"gallery-1-9449\" srcset=\"https:\/\/vhrc.fr\/wp-content\/uploads\/2020\/01\/vhrc-macon-2019-01.jpg 338w, https:\/\/vhrc.fr\/wp-content\/uploads\/2020\/01\/vhrc-macon-2019-01-300x400.jpg 300w\" sizes=\"auto, (max-width: 334px) 100vw, 334px\" \/><\/a>\n\t\t\t<\/div>\n\t\t\t\t<figcaption class='wp-caption-text gallery-caption' id='gallery-1-9449'>\n\t\t\t\tclio custom\n\t\t\t\t<\/figcaption><\/figure><figure class='gallery-item'>\n\t\t\t<div class='gallery-icon landscape'>\n\t\t\t\t<a href='https:\/\/vhrc.fr\/wp-content\/uploads\/2020\/01\/vhrc-macon-2019-02.jpg'><img loading=\"lazy\" decoding=\"async\" width=\"593\" height=\"445\" src=\"https:\/\/vhrc.fr\/wp-content\/uploads\/2020\/01\/vhrc-macon-2019-02.jpg\" class=\"attachment-colormag-featured-image size-colormag-featured-image\" alt=\"\" aria-describedby=\"gallery-1-9450\" srcset=\"https:\/\/vhrc.fr\/wp-content\/uploads\/2020\/01\/vhrc-macon-2019-02.jpg 600w, https:\/\/vhrc.fr\/wp-content\/uploads\/2020\/01\/vhrc-macon-2019-02-400x300.jpg 400w\" sizes=\"auto, (max-width: 593px) 100vw, 593px\" \/><\/a>\n\t\t\t<\/div>\n\t\t\t\t<figcaption class='wp-caption-text gallery-caption' id='gallery-1-9450'>\n\t\t\t\t309 peugeot\n\t\t\t\t<\/figcaption><\/figure><figure class='gallery-item'>\n\t\t\t<div class='gallery-icon portrait'>\n\t\t\t\t<a href='https:\/\/vhrc.fr\/wp-content\/uploads\/2020\/01\/vhrc-macon-2019-03.jpg'><img loading=\"lazy\" decoding=\"async\" width=\"334\" height=\"445\" src=\"https:\/\/vhrc.fr\/wp-content\/uploads\/2020\/01\/vhrc-macon-2019-03.jpg\" class=\"attachment-colormag-featured-image size-colormag-featured-image\" alt=\"\" aria-describedby=\"gallery-1-9451\" srcset=\"https:\/\/vhrc.fr\/wp-content\/uploads\/2020\/01\/vhrc-macon-2019-03.jpg 338w, https:\/\/vhrc.fr\/wp-content\/uploads\/2020\/01\/vhrc-macon-2019-03-300x400.jpg 300w\" sizes=\"auto, (max-width: 334px) 100vw, 334px\" \/><\/a>\n\t\t\t<\/div>\n\t\t\t\t<figcaption class='wp-caption-text gallery-caption' id='gallery-1-9451'>\n\t\t\t\traco indy\n\t\t\t\t<\/figcaption><\/figure><figure class='gallery-item'>\n\t\t\t<div class='gallery-icon portrait'>\n\t\t\t\t<a href='https:\/\/vhrc.fr\/wp-content\/uploads\/2020\/01\/vhrc-macon-2019-04.jpg'><img loading=\"lazy\" decoding=\"async\" width=\"322\" height=\"445\" src=\"https:\/\/vhrc.fr\/wp-content\/uploads\/2020\/01\/vhrc-macon-2019-04.jpg\" class=\"attachment-colormag-featured-image size-colormag-featured-image\" alt=\"\" aria-describedby=\"gallery-1-9452\" srcset=\"https:\/\/vhrc.fr\/wp-content\/uploads\/2020\/01\/vhrc-macon-2019-04.jpg 326w, https:\/\/vhrc.fr\/wp-content\/uploads\/2020\/01\/vhrc-macon-2019-04-290x400.jpg 290w\" sizes=\"auto, (max-width: 322px) 100vw, 322px\" \/><\/a>\n\t\t\t<\/div>\n\t\t\t\t<figcaption class='wp-caption-text gallery-caption' id='gallery-1-9452'>\n\t\t\t\tpodium macon vintage 2019\n\t\t\t\t<\/figcaption><\/figure>\n\t\t<\/div>\n\n<\/div>\n<\/div>\n<\/div>","protected":false},"excerpt":{"rendered":"<p>Club Auto Models M\u00e2connais 8 juillet 2019 \u00b7 Rencontre Amicale vintage + moto 6\/7 juillet 2019 (2e \u00e9dition) Merci \u00e0<\/p>","protected":false},"author":5,"featured_media":9418,"parent":9412,"menu_order":0,"comment_status":"closed","ping_status":"closed","template":"","meta":{"colormag_page_container_layout":"default_layout","colormag_page_sidebar_layout":"default_layout","footnotes":""},"class_list":["post-9448","page","type-page","status-publish","has-post-thumbnail","hentry"],"_links":{"self":[{"href":"https:\/\/vhrc.fr\/en\/wp-json\/wp\/v2\/pages\/9448","targetHints":{"allow":["GET"]}}],"collection":[{"href":"https:\/\/vhrc.fr\/en\/wp-json\/wp\/v2\/pages"}],"about":[{"href":"https:\/\/vhrc.fr\/en\/wp-json\/wp\/v2\/types\/page"}],"author":[{"embeddable":true,"href":"https:\/\/vhrc.fr\/en\/wp-json\/wp\/v2\/users\/5"}],"replies":[{"embeddable":true,"href":"https:\/\/vhrc.fr\/en\/wp-json\/wp\/v2\/comments?post=9448"}],"version-history":[{"count":1,"href":"https:\/\/vhrc.fr\/en\/wp-json\/wp\/v2\/pages\/9448\/revisions"}],"predecessor-version":[{"id":9453,"href":"https:\/\/vhrc.fr\/en\/wp-json\/wp\/v2\/pages\/9448\/revisions\/9453"}],"up":[{"embeddable":true,"href":"https:\/\/vhrc.fr\/en\/wp-json\/wp\/v2\/pages\/9412"}],"wp:featuredmedia":[{"embeddable":true,"href":"https:\/\/vhrc.fr\/en\/wp-json\/wp\/v2\/media\/9418"}],"wp:attachment":[{"href":"https:\/\/vhrc.fr\/en\/wp-json\/wp\/v2\/media?parent=9448"}],"curies":[{"name":"wp","href":"https:\/\/api.w.org\/{rel}","templated":true}]}}