{"id":9508,"date":"2020-01-08T11:08:47","date_gmt":"2020-01-08T10:08:47","guid":{"rendered":"http:\/\/vhrc.fr\/?page_id=9508"},"modified":"2025-07-08T09:22:05","modified_gmt":"2025-07-08T08:22:05","slug":"menoud-days-2020","status":"publish","type":"page","link":"https:\/\/vhrc.fr\/en\/expos\/menoud-days\/menoud-days-2020\/","title":{"rendered":"Menoud Days 2020"},"content":{"rendered":"<h1>Menoud Days 2020<\/h1>\n<p>16 et 17 Mai 2020 \u00e0 Besan\u00e7on<\/p>\n<p>19 et 20 Septembre \u00e0 Macon<\/p>\n<p><a href=\"http:\/\/vhrc.fr\/wp-content\/uploads\/2020\/01\/vhrc-md2020.jpg\"><img loading=\"lazy\" decoding=\"async\" class=\"alignnone wp-image-9509 size-full\" src=\"http:\/\/vhrc.fr\/wp-content\/uploads\/2020\/01\/vhrc-md2020.jpg\" alt=\"menoud days 2020\" width=\"1620\" height=\"1080\" srcset=\"https:\/\/vhrc.fr\/wp-content\/uploads\/2020\/01\/vhrc-md2020.jpg 1620w, https:\/\/vhrc.fr\/wp-content\/uploads\/2020\/01\/vhrc-md2020-400x267.jpg 400w, https:\/\/vhrc.fr\/wp-content\/uploads\/2020\/01\/vhrc-md2020-800x533.jpg 800w, https:\/\/vhrc.fr\/wp-content\/uploads\/2020\/01\/vhrc-md2020-768x512.jpg 768w, https:\/\/vhrc.fr\/wp-content\/uploads\/2020\/01\/vhrc-md2020-1536x1024.jpg 1536w\" sizes=\"auto, (max-width: 1620px) 100vw, 1620px\" \/><\/a><\/p>","protected":false},"excerpt":{"rendered":"<p>Menoud Days 2020 16 et 17 Mai 2020 \u00e0 Besan\u00e7on 19 et 20 Septembre \u00e0 Macon<\/p>","protected":false},"author":5,"featured_media":9509,"parent":9406,"menu_order":0,"comment_status":"closed","ping_status":"closed","template":"","meta":{"colormag_page_container_layout":"default_layout","colormag_page_sidebar_layout":"default_layout","footnotes":""},"class_list":["post-9508","page","type-page","status-publish","has-post-thumbnail","hentry"],"_links":{"self":[{"href":"https:\/\/vhrc.fr\/en\/wp-json\/wp\/v2\/pages\/9508","targetHints":{"allow":["GET"]}}],"collection":[{"href":"https:\/\/vhrc.fr\/en\/wp-json\/wp\/v2\/pages"}],"about":[{"href":"https:\/\/vhrc.fr\/en\/wp-json\/wp\/v2\/types\/page"}],"author":[{"embeddable":true,"href":"https:\/\/vhrc.fr\/en\/wp-json\/wp\/v2\/users\/5"}],"replies":[{"embeddable":true,"href":"https:\/\/vhrc.fr\/en\/wp-json\/wp\/v2\/comments?post=9508"}],"version-history":[{"count":1,"href":"https:\/\/vhrc.fr\/en\/wp-json\/wp\/v2\/pages\/9508\/revisions"}],"predecessor-version":[{"id":9510,"href":"https:\/\/vhrc.fr\/en\/wp-json\/wp\/v2\/pages\/9508\/revisions\/9510"}],"up":[{"embeddable":true,"href":"https:\/\/vhrc.fr\/en\/wp-json\/wp\/v2\/pages\/9406"}],"wp:featuredmedia":[{"embeddable":true,"href":"https:\/\/vhrc.fr\/en\/wp-json\/wp\/v2\/media\/9509"}],"wp:attachment":[{"href":"https:\/\/vhrc.fr\/en\/wp-json\/wp\/v2\/media?parent=9508"}],"curies":[{"name":"wp","href":"https:\/\/api.w.org\/{rel}","templated":true}]}}