{"id":9539,"date":"2020-01-09T14:21:04","date_gmt":"2020-01-09T13:21:04","guid":{"rendered":"http:\/\/vhrc.fr\/?page_id=9539"},"modified":"2025-07-08T09:23:25","modified_gmt":"2025-07-08T08:23:25","slug":"new-era","status":"publish","type":"page","link":"https:\/\/vhrc.fr\/en\/voitures\/new-era\/","title":{"rendered":"New Era"},"content":{"rendered":"<p>&nbsp;<\/p>\n<p><span class=\"tlid-translation translation\" lang=\"fr\">New Era a fabriqu\u00e9 des voitures et des camions vraiment incroyables. De nombreux mod\u00e8les ont \u00e9t\u00e9 cr\u00e9\u00e9s dont:<br \/>\n&#8211; Monster Truck<br \/>\n&#8211; Stadium Truck<br \/>\n&#8211; Dune Digger<br \/>\n&#8211; Dragster Pro Stock<br \/>\n&#8211; Dragster Funny Car<br \/>\n&#8211; Top Fuel Dragster<br \/>\n&#8211; 32 Hot Rod<br \/>\n&#8211; Grand National<br \/>\n&#8211; Indy Car<br \/>\n&#8211; Super voitures de sport am\u00e9ricaines<br \/>\n* Iroc Z camaro<br \/>\n*Corvette<br \/>\n*Cobra<br \/>\n* Trans Am<br \/>\n<\/span><\/p>\n<h3><span class=\"tlid-translation translation\" lang=\"fr\">plus d&rsquo;informations sur <a href=\"http:\/\/quarterscalelegends.com\/new-era.html\">http:\/\/quarterscalelegends.com\/new-era.html<\/a><\/span><\/h3>\n<p><span class=\"tlid-translation translation\" lang=\"fr\"><br \/>\nLes voitures et camions New Era \u00e9taient tous constitu\u00e9s de cadres de tubes. Les moteurs allaient d&rsquo;un moteur standard de 23 cm3 \u00e0 un moteur Sachs monstre de 80 cm3! Certaines voitures \u00e9taient entra\u00een\u00e9es par courroie, mais la majorit\u00e9 des voitures et des camions avaient un tr\u00e8s bon essieu arri\u00e8re \u00e0 changement rapide similaire \u00e0 l&rsquo;arri\u00e8re Skellenger (SEco).<\/span><\/p>\n<p>Diff\u00e9rentes pi\u00e8ces de rechange \u00e9taient disponibles via New Era.<\/p>\n<p>-De nombreuses configurations de moteurs,<br \/>\n* 40cc 4PS, 55cc 7PS, 70cc 9PS, 80cc,<br \/>\nConley V8 (non autoris\u00e9 via Conley)<br \/>\n&#8211; Filets de fen\u00eatre<br \/>\n&#8211; Pot accord\u00e9e<br \/>\n&#8211; Freins \u00e0 disque avant<br \/>\n&#8211; barres \u00e0 pas invers\u00e9s<br \/>\n&#8211; Barres \u00e0 roulettes anti cabrage<br \/>\n&#8211; Kits d\u00e9coration int\u00e9rieur<br \/>\n&#8211; Parachutes<br \/>\n&#8211; 2 vitesses<\/p>\n<p>Malheureusement, New Era ne vend plus de voitures ou de camions \u00e0 l&rsquo;\u00e9chelle 1\/4 m\u00eame s&rsquo;ils les r\u00e9pertorient sur leur site Web. Les pi\u00e8ces et les voitures ne sont plus disponibles depuis la fin des ann\u00e9es 90, sans v\u00e9ritable explication. New Era \u00e9tait connue pour avoir copi\u00e9 d&rsquo;autres conceptions et carrosseries de fabricants ainsi que de mauvaises transactions commerciales pendant la construction de voitures \u00e0 l&rsquo;\u00e9chelle 1\/4.<\/p>\n<p>Voici quelques-unes des sp\u00e9cifications g\u00e9n\u00e9rales d&rsquo;origine.<br \/>\n-Embrayage centrifuge qui permet des d\u00e9marrages faciles, un ralenti en douceur et une acc\u00e9l\u00e9ration rapide<br \/>\n-Cadre en acier tubulaire soud\u00e9 \u00e0 l&rsquo;arc h\u00e9lico\u00efdal 4130, \u00e0 l&rsquo;\u00e9chelle du dernier tube<br \/>\n-Cadre enduit de poudre noire<br \/>\n&#8211; Roulements \u00e0 billes de pr\u00e9cision partout<br \/>\n-Le kit comprend chaque \u00e9crou, boulon, rondelle, mat\u00e9riel radio, r\u00e9servoir de carburant<\/p>\n<p>&nbsp;<\/p>","protected":false},"excerpt":{"rendered":"<p>&nbsp; New Era a fabriqu\u00e9 des voitures et des camions vraiment incroyables. De nombreux mod\u00e8les ont \u00e9t\u00e9 cr\u00e9\u00e9s dont: &#8211;<\/p>","protected":false},"author":5,"featured_media":9540,"parent":138,"menu_order":0,"comment_status":"closed","ping_status":"closed","template":"","meta":{"colormag_page_container_layout":"default_layout","colormag_page_sidebar_layout":"default_layout","footnotes":""},"class_list":["post-9539","page","type-page","status-publish","has-post-thumbnail","hentry"],"_links":{"self":[{"href":"https:\/\/vhrc.fr\/en\/wp-json\/wp\/v2\/pages\/9539","targetHints":{"allow":["GET"]}}],"collection":[{"href":"https:\/\/vhrc.fr\/en\/wp-json\/wp\/v2\/pages"}],"about":[{"href":"https:\/\/vhrc.fr\/en\/wp-json\/wp\/v2\/types\/page"}],"author":[{"embeddable":true,"href":"https:\/\/vhrc.fr\/en\/wp-json\/wp\/v2\/users\/5"}],"replies":[{"embeddable":true,"href":"https:\/\/vhrc.fr\/en\/wp-json\/wp\/v2\/comments?post=9539"}],"version-history":[{"count":2,"href":"https:\/\/vhrc.fr\/en\/wp-json\/wp\/v2\/pages\/9539\/revisions"}],"predecessor-version":[{"id":9542,"href":"https:\/\/vhrc.fr\/en\/wp-json\/wp\/v2\/pages\/9539\/revisions\/9542"}],"up":[{"embeddable":true,"href":"https:\/\/vhrc.fr\/en\/wp-json\/wp\/v2\/pages\/138"}],"wp:featuredmedia":[{"embeddable":true,"href":"https:\/\/vhrc.fr\/en\/wp-json\/wp\/v2\/media\/9540"}],"wp:attachment":[{"href":"https:\/\/vhrc.fr\/en\/wp-json\/wp\/v2\/media?parent=9539"}],"curies":[{"name":"wp","href":"https:\/\/api.w.org\/{rel}","templated":true}]}}