{"id":9598,"date":"2020-03-02T10:37:34","date_gmt":"2020-03-02T09:37:34","guid":{"rendered":"http:\/\/vhrc.fr\/?page_id=9598"},"modified":"2025-07-08T09:23:25","modified_gmt":"2025-07-08T08:23:25","slug":"2020-vhrc-m1-montpellier","status":"publish","type":"page","link":"https:\/\/vhrc.fr\/en\/historique\/vhrc-lhistorique\/2020-vhrc\/2020-vhrc-m1-montpellier\/","title":{"rendered":"2020 VHRC M1 Montpellier"},"content":{"rendered":"<h1>premi\u00e8re manche au parc Grammont \u00e0 Montpellier<\/h1>\n<div id='gallery-1' class='gallery galleryid-9598 gallery-columns-3 gallery-size-colormag-featured-image'><figure class='gallery-item'>\n\t\t\t<div class='gallery-icon landscape'>\n\t\t\t\t<a href='https:\/\/vhrc.fr\/wp-content\/uploads\/2020\/03\/vhrc-2020-m1-montpellier-GEDC3066.jpg'><img loading=\"lazy\" decoding=\"async\" width=\"730\" height=\"445\" src=\"https:\/\/vhrc.fr\/wp-content\/uploads\/2020\/03\/vhrc-2020-m1-montpellier-GEDC3066-730x445.jpg\" class=\"attachment-colormag-featured-image size-colormag-featured-image\" alt=\"\" aria-describedby=\"gallery-1-9602\" \/><\/a>\n\t\t\t<\/div>\n\t\t\t\t<figcaption class='wp-caption-text gallery-caption' id='gallery-1-9602'>\n\t\t\t\tpodium vhrc 2020\n\t\t\t\t<\/figcaption><\/figure><figure class='gallery-item'>\n\t\t\t<div class='gallery-icon landscape'>\n\t\t\t\t<a href='https:\/\/vhrc.fr\/wp-content\/uploads\/2020\/03\/vhrc-2020-m1-montpellier-GEDC3049.jpg'><img loading=\"lazy\" decoding=\"async\" width=\"730\" height=\"445\" src=\"https:\/\/vhrc.fr\/wp-content\/uploads\/2020\/03\/vhrc-2020-m1-montpellier-GEDC3049-730x445.jpg\" class=\"attachment-colormag-featured-image size-colormag-featured-image\" alt=\"\" \/><\/a>\n\t\t\t<\/div><\/figure><figure class='gallery-item'>\n\t\t\t<div class='gallery-icon landscape'>\n\t\t\t\t<a href='https:\/\/vhrc.fr\/wp-content\/uploads\/2020\/03\/vhrc-2020-m1-montpellier-GEDC3050.jpg'><img loading=\"lazy\" decoding=\"async\" width=\"730\" height=\"445\" src=\"https:\/\/vhrc.fr\/wp-content\/uploads\/2020\/03\/vhrc-2020-m1-montpellier-GEDC3050-730x445.jpg\" class=\"attachment-colormag-featured-image size-colormag-featured-image\" alt=\"\" \/><\/a>\n\t\t\t<\/div><\/figure><figure class='gallery-item'>\n\t\t\t<div class='gallery-icon landscape'>\n\t\t\t\t<a href='https:\/\/vhrc.fr\/wp-content\/uploads\/2020\/03\/vhrc-2020-m1-montpellier-GEDC3051.jpg'><img loading=\"lazy\" decoding=\"async\" width=\"730\" height=\"445\" src=\"https:\/\/vhrc.fr\/wp-content\/uploads\/2020\/03\/vhrc-2020-m1-montpellier-GEDC3051-730x445.jpg\" class=\"attachment-colormag-featured-image size-colormag-featured-image\" alt=\"\" \/><\/a>\n\t\t\t<\/div><\/figure><figure class='gallery-item'>\n\t\t\t<div class='gallery-icon landscape'>\n\t\t\t\t<a href='https:\/\/vhrc.fr\/wp-content\/uploads\/2020\/03\/vhrc-2020-m1-montpellier-GEDC3052.jpg'><img loading=\"lazy\" decoding=\"async\" width=\"730\" height=\"445\" src=\"https:\/\/vhrc.fr\/wp-content\/uploads\/2020\/03\/vhrc-2020-m1-montpellier-GEDC3052-730x445.jpg\" class=\"attachment-colormag-featured-image size-colormag-featured-image\" alt=\"\" \/><\/a>\n\t\t\t<\/div><\/figure><figure class='gallery-item'>\n\t\t\t<div class='gallery-icon landscape'>\n\t\t\t\t<a href='https:\/\/vhrc.fr\/wp-content\/uploads\/2020\/03\/vhrc-2020-m1-montpellier-GEDC3053.jpg'><img loading=\"lazy\" decoding=\"async\" width=\"730\" height=\"445\" src=\"https:\/\/vhrc.fr\/wp-content\/uploads\/2020\/03\/vhrc-2020-m1-montpellier-GEDC3053-730x445.jpg\" class=\"attachment-colormag-featured-image size-colormag-featured-image\" alt=\"\" \/><\/a>\n\t\t\t<\/div><\/figure><figure class='gallery-item'>\n\t\t\t<div class='gallery-icon landscape'>\n\t\t\t\t<a href='https:\/\/vhrc.fr\/wp-content\/uploads\/2020\/03\/vhrc-2020-m1-montpellier-GEDC3054.jpg'><img loading=\"lazy\" decoding=\"async\" width=\"730\" height=\"445\" src=\"https:\/\/vhrc.fr\/wp-content\/uploads\/2020\/03\/vhrc-2020-m1-montpellier-GEDC3054-730x445.jpg\" class=\"attachment-colormag-featured-image size-colormag-featured-image\" alt=\"\" \/><\/a>\n\t\t\t<\/div><\/figure><figure class='gallery-item'>\n\t\t\t<div class='gallery-icon landscape'>\n\t\t\t\t<a href='https:\/\/vhrc.fr\/wp-content\/uploads\/2020\/03\/vhrc-2020-m1-montpellier-GEDC3055.jpg'><img loading=\"lazy\" decoding=\"async\" width=\"730\" height=\"445\" src=\"https:\/\/vhrc.fr\/wp-content\/uploads\/2020\/03\/vhrc-2020-m1-montpellier-GEDC3055-730x445.jpg\" class=\"attachment-colormag-featured-image size-colormag-featured-image\" alt=\"\" \/><\/a>\n\t\t\t<\/div><\/figure><figure class='gallery-item'>\n\t\t\t<div class='gallery-icon landscape'>\n\t\t\t\t<a href='https:\/\/vhrc.fr\/wp-content\/uploads\/2020\/03\/vhrc-2020-m1-montpellier-GEDC3056.jpg'><img loading=\"lazy\" decoding=\"async\" width=\"730\" height=\"445\" src=\"https:\/\/vhrc.fr\/wp-content\/uploads\/2020\/03\/vhrc-2020-m1-montpellier-GEDC3056-730x445.jpg\" class=\"attachment-colormag-featured-image size-colormag-featured-image\" alt=\"\" \/><\/a>\n\t\t\t<\/div><\/figure><figure class='gallery-item'>\n\t\t\t<div class='gallery-icon landscape'>\n\t\t\t\t<a href='https:\/\/vhrc.fr\/wp-content\/uploads\/2020\/03\/vhrc-2020-m1-montpellier-GEDC3057.jpg'><img loading=\"lazy\" decoding=\"async\" width=\"730\" height=\"445\" src=\"https:\/\/vhrc.fr\/wp-content\/uploads\/2020\/03\/vhrc-2020-m1-montpellier-GEDC3057-730x445.jpg\" class=\"attachment-colormag-featured-image size-colormag-featured-image\" alt=\"\" \/><\/a>\n\t\t\t<\/div><\/figure><figure class='gallery-item'>\n\t\t\t<div class='gallery-icon landscape'>\n\t\t\t\t<a href='https:\/\/vhrc.fr\/wp-content\/uploads\/2020\/03\/vhrc-2020-m1-montpellier-GEDC3058.jpg'><img loading=\"lazy\" decoding=\"async\" width=\"730\" height=\"445\" src=\"https:\/\/vhrc.fr\/wp-content\/uploads\/2020\/03\/vhrc-2020-m1-montpellier-GEDC3058-730x445.jpg\" class=\"attachment-colormag-featured-image size-colormag-featured-image\" alt=\"\" \/><\/a>\n\t\t\t<\/div><\/figure><figure class='gallery-item'>\n\t\t\t<div class='gallery-icon landscape'>\n\t\t\t\t<a href='https:\/\/vhrc.fr\/wp-content\/uploads\/2020\/03\/vhrc-2020-m1-montpellier-GEDC3059.jpg'><img loading=\"lazy\" decoding=\"async\" width=\"730\" height=\"445\" src=\"https:\/\/vhrc.fr\/wp-content\/uploads\/2020\/03\/vhrc-2020-m1-montpellier-GEDC3059-730x445.jpg\" class=\"attachment-colormag-featured-image size-colormag-featured-image\" alt=\"\" \/><\/a>\n\t\t\t<\/div><\/figure><figure class='gallery-item'>\n\t\t\t<div class='gallery-icon landscape'>\n\t\t\t\t<a href='https:\/\/vhrc.fr\/wp-content\/uploads\/2020\/03\/vhrc-2020-m1-montpellier-GEDC3060.jpg'><img loading=\"lazy\" decoding=\"async\" width=\"730\" height=\"445\" src=\"https:\/\/vhrc.fr\/wp-content\/uploads\/2020\/03\/vhrc-2020-m1-montpellier-GEDC3060-730x445.jpg\" class=\"attachment-colormag-featured-image size-colormag-featured-image\" alt=\"\" \/><\/a>\n\t\t\t<\/div><\/figure><figure class='gallery-item'>\n\t\t\t<div class='gallery-icon landscape'>\n\t\t\t\t<a href='https:\/\/vhrc.fr\/wp-content\/uploads\/2020\/03\/vhrc-2020-m1-montpellier-GEDC3061.jpg'><img loading=\"lazy\" decoding=\"async\" width=\"730\" height=\"445\" src=\"https:\/\/vhrc.fr\/wp-content\/uploads\/2020\/03\/vhrc-2020-m1-montpellier-GEDC3061-730x445.jpg\" class=\"attachment-colormag-featured-image size-colormag-featured-image\" alt=\"\" \/><\/a>\n\t\t\t<\/div><\/figure><figure class='gallery-item'>\n\t\t\t<div class='gallery-icon landscape'>\n\t\t\t\t<a href='https:\/\/vhrc.fr\/wp-content\/uploads\/2020\/03\/vhrc-2020-m1-montpellier-GEDC3062.jpg'><img loading=\"lazy\" decoding=\"async\" width=\"730\" height=\"445\" src=\"https:\/\/vhrc.fr\/wp-content\/uploads\/2020\/03\/vhrc-2020-m1-montpellier-GEDC3062-730x445.jpg\" class=\"attachment-colormag-featured-image size-colormag-featured-image\" alt=\"\" \/><\/a>\n\t\t\t<\/div><\/figure><figure class='gallery-item'>\n\t\t\t<div class='gallery-icon landscape'>\n\t\t\t\t<a href='https:\/\/vhrc.fr\/wp-content\/uploads\/2020\/03\/vhrc-2020-m1-montpellier-GEDC3063.jpg'><img loading=\"lazy\" decoding=\"async\" width=\"146\" height=\"110\" src=\"https:\/\/vhrc.fr\/wp-content\/uploads\/2020\/03\/vhrc-2020-m1-montpellier-GEDC3063.jpg\" class=\"attachment-colormag-featured-image size-colormag-featured-image\" alt=\"\" \/><\/a>\n\t\t\t<\/div><\/figure><figure class='gallery-item'>\n\t\t\t<div class='gallery-icon landscape'>\n\t\t\t\t<a href='https:\/\/vhrc.fr\/wp-content\/uploads\/2020\/03\/vhrc-2020-m1-montpellier-GEDC3064.jpg'><img loading=\"lazy\" decoding=\"async\" width=\"730\" height=\"445\" src=\"https:\/\/vhrc.fr\/wp-content\/uploads\/2020\/03\/vhrc-2020-m1-montpellier-GEDC3064-730x445.jpg\" class=\"attachment-colormag-featured-image size-colormag-featured-image\" alt=\"\" \/><\/a>\n\t\t\t<\/div><\/figure><figure class='gallery-item'>\n\t\t\t<div class='gallery-icon landscape'>\n\t\t\t\t<a href='https:\/\/vhrc.fr\/wp-content\/uploads\/2020\/03\/vhrc-2020-m1-montpellier-GEDC3065.jpg'><img loading=\"lazy\" decoding=\"async\" width=\"146\" height=\"110\" src=\"https:\/\/vhrc.fr\/wp-content\/uploads\/2020\/03\/vhrc-2020-m1-montpellier-GEDC3065.jpg\" class=\"attachment-colormag-featured-image size-colormag-featured-image\" alt=\"\" \/><\/a>\n\t\t\t<\/div><\/figure>\n\t\t<\/div>\n\n<h1>r\u00e9sum\u00e9<\/h1>\n<p>Cinq pilotes seulement\u00a0\u00bb sous un beau soleil.<\/p>\n<p>L&rsquo;organisation a bien fonctionn\u00e9, 3 qualifs de 8 &lsquo; le matin.<\/p>\n<p>Trois finales de 10&rsquo; l&rsquo;apr\u00e9s midi \u00a0\u00a0\u00a0 .<\/p>\n<p>Les pilotes:<\/p>\n<p>Daniel Begou,aura un probl\u00e8me d&#8217;embrayage en qualif. Terminera deux dans les finales.<\/p>\n<p>Brice\u00a0 Giardini, Mini Cooper, intouchable ,fera 1 en qualif et 1er Podium .<\/p>\n<p>Maurice Blan\u00e9s, ne\u00a0 fera pas les finales probl\u00e8me m\u00e9canique.<\/p>\n<p>Laurent Bastien,grillera trois servo \u00e0 l\u2019acc\u00e9l\u00e9ration dans la journ\u00e9e.<\/p>\n<p>Luc Giardini, changera de voiture pour les finales, casse du coude d&rsquo;\u00e9chappement.<\/p>\n<p>Nous avons eu beaucoup de plaisir a se retrouver et a rouler en \u00ab\u00a0compet\u00a0\u00bb au VHRC 1\/4 a Montpellier.<\/p>\n<p>Les engag\u00e9s\u00a0:<\/p>\n<p>Daniel BEGOU\u00a0\u00a0\u00a0\u00a0\u00a0\u00a0\u00a0\u00a0\u00a0\u00a0\u00a0 Spider 905\u00a0\u00a0\u00a0\u00a0\u00a0\u00a0\u00a0\u00a0\u00a0\u00a0\u00a0 \u00a0 \u00a0\u00a0 Histo.<\/p>\n<p>Brice\u00a0 GIARDINI\u00a0\u00a0\u00a0\u00a0\u00a0\u00a0\u00a0 Mini COOPER\u00a0\u00a0\u00a0\u00a0\u00a0 Libre<\/p>\n<p>Maurice BLANES\u00a0\u00a0\u00a0\u00a0\u00a0\u00a0 Porsche 930\u00a0\u00a0\u00a0\u00a0\u00a0\u00a0\u00a0\u00a0\u00a0\u00a0\u00a0 Histo<\/p>\n<p>Laurent BASTIEN\u00a0\u00a0 \u00a0\u00a0\u00a0\u00a0Spider 905\u00a0\u00a0\u00a0\u00a0\u00a0\u00a0\u00a0\u00a0\u00a0\u00a0\u00a0\u00a0 Histo<\/p>\n<p>Luc\u00a0 GIARDINI\u00a0\u00a0\u00a0\u00a0\u00a0\u00a0\u00a0\u00a0 \u00a0B , Ferrari\u00a0\u00a0\u00a0\u00a0\u00a0\u00a0\u00a0\u00a0\u00a0\u00a0\u00a0\u00a0\u00a0 \u00a0 Libre.<\/p>\n<p>&nbsp;<\/p>","protected":false},"excerpt":{"rendered":"<p>premi\u00e8re manche au parc Grammont \u00e0 Montpellier r\u00e9sum\u00e9 Cinq pilotes seulement\u00a0\u00bb sous un beau soleil. L&rsquo;organisation a bien fonctionn\u00e9, 3<\/p>","protected":false},"author":5,"featured_media":2135,"parent":9465,"menu_order":0,"comment_status":"closed","ping_status":"closed","template":"","meta":{"colormag_page_container_layout":"default_layout","colormag_page_sidebar_layout":"default_layout","footnotes":""},"class_list":["post-9598","page","type-page","status-publish","has-post-thumbnail","hentry"],"_links":{"self":[{"href":"https:\/\/vhrc.fr\/en\/wp-json\/wp\/v2\/pages\/9598","targetHints":{"allow":["GET"]}}],"collection":[{"href":"https:\/\/vhrc.fr\/en\/wp-json\/wp\/v2\/pages"}],"about":[{"href":"https:\/\/vhrc.fr\/en\/wp-json\/wp\/v2\/types\/page"}],"author":[{"embeddable":true,"href":"https:\/\/vhrc.fr\/en\/wp-json\/wp\/v2\/users\/5"}],"replies":[{"embeddable":true,"href":"https:\/\/vhrc.fr\/en\/wp-json\/wp\/v2\/comments?post=9598"}],"version-history":[{"count":4,"href":"https:\/\/vhrc.fr\/en\/wp-json\/wp\/v2\/pages\/9598\/revisions"}],"predecessor-version":[{"id":9622,"href":"https:\/\/vhrc.fr\/en\/wp-json\/wp\/v2\/pages\/9598\/revisions\/9622"}],"up":[{"embeddable":true,"href":"https:\/\/vhrc.fr\/en\/wp-json\/wp\/v2\/pages\/9465"}],"wp:featuredmedia":[{"embeddable":true,"href":"https:\/\/vhrc.fr\/en\/wp-json\/wp\/v2\/media\/2135"}],"wp:attachment":[{"href":"https:\/\/vhrc.fr\/en\/wp-json\/wp\/v2\/media?parent=9598"}],"curies":[{"name":"wp","href":"https:\/\/api.w.org\/{rel}","templated":true}]}}