{"id":9826,"date":"2021-10-10T14:20:07","date_gmt":"2021-10-10T13:20:07","guid":{"rendered":"http:\/\/vhrc.fr\/?page_id=9826"},"modified":"2025-07-08T09:23:25","modified_gmt":"2025-07-08T08:23:25","slug":"2021-vhrc-beaumont-monteux","status":"publish","type":"page","link":"https:\/\/vhrc.fr\/en\/historique\/vhrc-lhistorique\/2021-vhrc\/2021-vhrc-beaumont-monteux\/","title":{"rendered":"2021 VHRC Beaumont Monteux"},"content":{"rendered":"<h1>le 3 Octobre 2021<\/h1>\n<p><a href=\"http:\/\/vhrc.fr\/wp-content\/uploads\/2021\/10\/244424451_10225875966062694_976426665045660290_n.jpg\"><img loading=\"lazy\" decoding=\"async\" class=\"alignnone size-large wp-image-9849\" src=\"http:\/\/vhrc.fr\/wp-content\/uploads\/2021\/10\/244424451_10225875966062694_976426665045660290_n-800x450.jpg\" alt=\"\" width=\"800\" height=\"450\" srcset=\"https:\/\/vhrc.fr\/wp-content\/uploads\/2021\/10\/244424451_10225875966062694_976426665045660290_n-800x450.jpg 800w, https:\/\/vhrc.fr\/wp-content\/uploads\/2021\/10\/244424451_10225875966062694_976426665045660290_n-400x225.jpg 400w, https:\/\/vhrc.fr\/wp-content\/uploads\/2021\/10\/244424451_10225875966062694_976426665045660290_n-768x432.jpg 768w, https:\/\/vhrc.fr\/wp-content\/uploads\/2021\/10\/244424451_10225875966062694_976426665045660290_n-18x10.jpg 18w, https:\/\/vhrc.fr\/wp-content\/uploads\/2021\/10\/244424451_10225875966062694_976426665045660290_n.jpg 1423w\" sizes=\"auto, (max-width: 800px) 100vw, 800px\" \/><\/a><\/p>\n<p>Les pilotes se sont retrouv\u00e9s pour cette unique manche du VHRC 2021.<br \/>\nApr\u00e8s une longue pause, les inscriptions ont \u00e9t\u00e9 nombreuses : pas moins de 9<br \/>\npilotes en Historique et 8 pilotes en Libre.<br \/>\nLe club, le BMVRC (Beaumont Monteux 26) a re\u00e7u le VHRC dans le cadre d\u2019une<br \/>\ncourse de ligue 1\/5 (12 pilotes en FF et 6 pilotes en GT).<br \/>\nCot\u00e9 des stands, les habitu\u00e9s sont pr\u00e9sents : Luc, Maurice, Daniel, Julien, JC,<br \/>\nMarc, Nicolas, et R\u00e9mi.<br \/>\nUn pilote local, en la personne de Pascal B en historique, sera pr\u00e9sent.<br \/>\nEllen en historique, accompagn\u00e9e de deux m\u00e9canos\/pilotes (Alex et Guillaume en<br \/>\nlibre) seront de la partie d\u00e8s le samedi apr\u00e8s-midi.<br \/>\nMickael et Pascal (en libre) du club de Macon arriveront dimanche matin pour<br \/>\nd\u00e9couvrir ce magnifique circuit.<br \/>\nLe VHRC a vu aussi les inscriptions de deux jeunes pilotes : Lucas (Historique) et<br \/>\nHugo (Libre). Ils auront bluff\u00e9 les autres pilotes par leurs pilotages durant tout<br \/>\nle week-end : bravo !<\/p>\n<p>Samedi : essai libre pour les pilotes.<\/p>\n<figure id=\"attachment_9851\" aria-describedby=\"caption-attachment-9851\" style=\"width: 800px\" class=\"wp-caption alignnone\"><a href=\"http:\/\/vhrc.fr\/wp-content\/uploads\/2021\/10\/244461633_10225875973382877_7242720420212001806_n.jpg\"><img loading=\"lazy\" decoding=\"async\" class=\"size-large wp-image-9851\" src=\"http:\/\/vhrc.fr\/wp-content\/uploads\/2021\/10\/244461633_10225875973382877_7242720420212001806_n-800x600.jpg\" alt=\"\" width=\"800\" height=\"600\" srcset=\"https:\/\/vhrc.fr\/wp-content\/uploads\/2021\/10\/244461633_10225875973382877_7242720420212001806_n-800x600.jpg 800w, https:\/\/vhrc.fr\/wp-content\/uploads\/2021\/10\/244461633_10225875973382877_7242720420212001806_n-400x300.jpg 400w, https:\/\/vhrc.fr\/wp-content\/uploads\/2021\/10\/244461633_10225875973382877_7242720420212001806_n-768x576.jpg 768w, https:\/\/vhrc.fr\/wp-content\/uploads\/2021\/10\/244461633_10225875973382877_7242720420212001806_n-1536x1152.jpg 1536w, https:\/\/vhrc.fr\/wp-content\/uploads\/2021\/10\/244461633_10225875973382877_7242720420212001806_n-16x12.jpg 16w, https:\/\/vhrc.fr\/wp-content\/uploads\/2021\/10\/244461633_10225875973382877_7242720420212001806_n.jpg 2048w\" sizes=\"auto, (max-width: 800px) 100vw, 800px\" \/><\/a><figcaption id=\"caption-attachment-9851\" class=\"wp-caption-text\">porsche echelle 1:4<\/figcaption><\/figure>\n<h2>Dimanche matin : trois qualifications de 8 minutes.<\/h2>\n<h3>Historique :<\/h3>\n<h3><a href=\"http:\/\/vhrc.fr\/wp-content\/uploads\/2021\/10\/qualifs-libre.jpg\"><img loading=\"lazy\" decoding=\"async\" class=\"alignnone size-full wp-image-9829\" src=\"http:\/\/vhrc.fr\/wp-content\/uploads\/2021\/10\/qualifs-libre.jpg\" alt=\"\" width=\"929\" height=\"259\" srcset=\"https:\/\/vhrc.fr\/wp-content\/uploads\/2021\/10\/qualifs-libre.jpg 929w, https:\/\/vhrc.fr\/wp-content\/uploads\/2021\/10\/qualifs-libre-400x112.jpg 400w, https:\/\/vhrc.fr\/wp-content\/uploads\/2021\/10\/qualifs-libre-800x223.jpg 800w, https:\/\/vhrc.fr\/wp-content\/uploads\/2021\/10\/qualifs-libre-768x214.jpg 768w, https:\/\/vhrc.fr\/wp-content\/uploads\/2021\/10\/qualifs-libre-18x5.jpg 18w\" sizes=\"auto, (max-width: 929px) 100vw, 929px\" \/><\/a><br \/>\nLibre :<\/h3>\n<h2><a href=\"http:\/\/vhrc.fr\/wp-content\/uploads\/2021\/10\/qualif-histo.jpg\"><img loading=\"lazy\" decoding=\"async\" class=\"alignnone size-full wp-image-9828\" src=\"http:\/\/vhrc.fr\/wp-content\/uploads\/2021\/10\/qualif-histo.jpg\" alt=\"\" width=\"951\" height=\"265\" srcset=\"https:\/\/vhrc.fr\/wp-content\/uploads\/2021\/10\/qualif-histo.jpg 951w, https:\/\/vhrc.fr\/wp-content\/uploads\/2021\/10\/qualif-histo-400x111.jpg 400w, https:\/\/vhrc.fr\/wp-content\/uploads\/2021\/10\/qualif-histo-800x223.jpg 800w, https:\/\/vhrc.fr\/wp-content\/uploads\/2021\/10\/qualif-histo-768x214.jpg 768w, https:\/\/vhrc.fr\/wp-content\/uploads\/2021\/10\/qualif-histo-18x5.jpg 18w\" sizes=\"auto, (max-width: 951px) 100vw, 951px\" \/><\/a><br \/>\nDimanche apr\u00e8s-midi : deux finales de 15 minutes.<br \/>\nHistorique :<br \/>\nFinale 1 :<\/h2>\n<p>Les pilotes s\u2019\u00e9lancent apr\u00e8s s\u2019\u00eatre mis en grille. R\u00e9mi sera suivi de pr\u00e8s par Lucas d\u00e8s le<br \/>\nd\u00e9but de la manche. Pascal, une fois la 3\u00e8me place reprise, tentera de remonter sur Lucas<br \/>\nmais il lui manquera 3 secondes \u00e0 la fin de la manche (casse d\u2019une couronne dans le<br \/>\ndernier tour). Julien fera une sortie de piste apr\u00e8s une touchette dans le peloton.<br \/>\nReprendra la piste et se placera 4\u00e8me de cette manche. Nicolas, avec sa porsche blanche,<br \/>\nse placera 4\u00e8me avant de c\u00e9der une position \u00e0 Julien. Marc et Daniel se disputeront la<br \/>\n6 \u00e8me et 7\u00e8me place de la course. Daniel prendra l\u2019avantage pour 6 secondes apr\u00e8s 15<br \/>\nminutes de course. Maurice suivra le groupe devant lui mais devra lever le pied et<br \/>\nenroulera les tours r\u00e9guliers. Ellen prendra le d\u00e9part mais devra stopper sa progression<br \/>\ncar son accus n\u2019est pas assez charg\u00e9.<\/p>\n<h2>Finale 2 :<\/h2>\n<p>R\u00e9mi vire en t\u00eate au premier virage et creusera rapidement l\u2019\u00e9cart. Lucas se d\u00e9tachera<br \/>\nde Julien afin d\u2019assurer une belle 2nd place de cette finale historique. Julien arrivera \u00e0<br \/>\ngarder le gain d\u2019une position sur la grille et finira 3\u00e8me (Pascal ne prendra pas le<br \/>\nd\u00e9part). Nicolas, Marc Maurice et Daniel attaqueront fort pour avoir la 4\u00e8me position :<br \/>\nc\u2019est Nicolas qui s\u2019en sortira le mieux, suivi de Daniel qui perdra sa direction pendant la<br \/>\ncourse. Marc sera contraint \u00e0 l\u2019abandon : t\u00eate de cardan HS. Maurice abandonnera<br \/>\naussi : couronne HS. Ellen devra arr\u00eater sa porsche rose sur casse d\u2019une couronne de<br \/>\ntransmission.<\/p>\n<p>Meilleur temps historique :<br \/>\nRemi 21.068<br \/>\nJulien 22.645<br \/>\nPascal 21.307<br \/>\nLucas 22.170<br \/>\nMarc 23.855<br \/>\nDaniel 23.831<br \/>\nMaurice 26.820<br \/>\nEllen 27.420<br \/>\nNicolas 22.771<\/p>\n<h2><a href=\"http:\/\/vhrc.fr\/wp-content\/uploads\/2021\/10\/244408521_10225875972262849_2100210244523969174_n.jpg\"><img loading=\"lazy\" decoding=\"async\" class=\"alignnone size-large wp-image-9852\" src=\"http:\/\/vhrc.fr\/wp-content\/uploads\/2021\/10\/244408521_10225875972262849_2100210244523969174_n-800x600.jpg\" alt=\"\" width=\"800\" height=\"600\" srcset=\"https:\/\/vhrc.fr\/wp-content\/uploads\/2021\/10\/244408521_10225875972262849_2100210244523969174_n-800x600.jpg 800w, https:\/\/vhrc.fr\/wp-content\/uploads\/2021\/10\/244408521_10225875972262849_2100210244523969174_n-400x300.jpg 400w, https:\/\/vhrc.fr\/wp-content\/uploads\/2021\/10\/244408521_10225875972262849_2100210244523969174_n-768x576.jpg 768w, https:\/\/vhrc.fr\/wp-content\/uploads\/2021\/10\/244408521_10225875972262849_2100210244523969174_n-1536x1152.jpg 1536w, https:\/\/vhrc.fr\/wp-content\/uploads\/2021\/10\/244408521_10225875972262849_2100210244523969174_n-16x12.jpg 16w, https:\/\/vhrc.fr\/wp-content\/uploads\/2021\/10\/244408521_10225875972262849_2100210244523969174_n.jpg 2048w\" sizes=\"auto, (max-width: 800px) 100vw, 800px\" \/><\/a><\/h2>\n<h2>Libre :<br \/>\nFinale 1 :<\/h2>\n<p>Les pilotes se mettent en grille puis le d\u00e9part est donn\u00e9. R\u00e9mi gardera la t\u00eate de la<br \/>\ncourse. Hugo s\u2019accrochera avec Luc en d\u00e9but de course puis repartira \u00e0 l\u2019attaque. Alex,<br \/>\nen Alfa concept 92, prendra du plaisir sur ce circuit avant de casser une couronne de<br \/>\ntransmission. Pascal roulera proche de Mickael et de Guillaume. Guillaume glissera sur la<br \/>\nligne droite et Mickael ne pourra l\u2019\u00e9viter : abandon des deux pilotes. Luc, une fois 2nd<br \/>\n,<br \/>\nroulera sur un rythme soutenu pour se mettre \u00e0 l\u2019abri de Hugo qui remonte fort. Hugo ne<br \/>\npourra pas rattraper le tour de retard et finira 3\u00e8me de cette manche. Jean-Claude<br \/>\nouvrira les portes aux pilotes plus rapides et s\u2019amusera avec ce nouveau ch\u00e2ssis.<\/p>\n<h2>Finale 2 :<\/h2>\n<p>Le d\u00e9part est donn\u00e9 ; R\u00e9mi restera en t\u00eate suivi d\u2019Hugo ; Luc fera une faute lui faisant<br \/>\nperdre du temps. Luc remontera et nous assisterons \u00e0 une belle passe d\u2019armes entre<br \/>\nHugo et Luc : les deux en Spider 905. Pascal, en pneus historique fera sa course devant<br \/>\nMickael qui abandonnera : casse de son servo d\u2019acc\u00e9l\u00e9rateur apr\u00e8s une courbe : gros<br \/>\nchoc pour son auto. Guillaume s\u2019amusera avec sa Porsche, et roulera avec Alex. Alex<br \/>\ndevra stopper son effort sur la casse de son moyeu de roux arri\u00e8re. Jean-Claude<br \/>\nam\u00e9liorera ses temps et profitera des abandons pour remonter 6\u00e8me de cette manche.<\/p>\n<p>Meilleur temps Libre<br \/>\nRemi 21.879<br \/>\nLuc 21.970<br \/>\nHugo 22.051<br \/>\nPascal 24.658<br \/>\nMickael 22.175<br \/>\nGuillaume 26.240<br \/>\nAlex 26.887<br \/>\nJean Claude 34.151<\/p>\n<p><a href=\"http:\/\/vhrc.fr\/wp-content\/uploads\/2021\/10\/2.jpg\"><img loading=\"lazy\" decoding=\"async\" class=\"alignnone size-full wp-image-9827\" src=\"http:\/\/vhrc.fr\/wp-content\/uploads\/2021\/10\/2.jpg\" alt=\"\" width=\"830\" height=\"195\" srcset=\"https:\/\/vhrc.fr\/wp-content\/uploads\/2021\/10\/2.jpg 830w, https:\/\/vhrc.fr\/wp-content\/uploads\/2021\/10\/2-400x94.jpg 400w, https:\/\/vhrc.fr\/wp-content\/uploads\/2021\/10\/2-800x188.jpg 800w, https:\/\/vhrc.fr\/wp-content\/uploads\/2021\/10\/2-768x180.jpg 768w, https:\/\/vhrc.fr\/wp-content\/uploads\/2021\/10\/2-18x4.jpg 18w\" sizes=\"auto, (max-width: 830px) 100vw, 830px\" \/><\/a><\/p>\n<div id='gallery-1' class='gallery galleryid-9826 gallery-columns-3 gallery-size-colormag-featured-image'><figure class='gallery-item'>\n\t\t\t<div class='gallery-icon landscape'>\n\t\t\t\t<a href='https:\/\/vhrc.fr\/en\/historique\/vhrc-lhistorique\/2021-vhrc\/2021-vhrc-beaumont-monteux\/maurice-b\/'><img loading=\"lazy\" decoding=\"async\" width=\"800\" height=\"445\" src=\"https:\/\/vhrc.fr\/wp-content\/uploads\/2021\/10\/maurice-b-800x445.jpg\" class=\"attachment-colormag-featured-image size-colormag-featured-image\" alt=\"\" aria-describedby=\"gallery-1-9830\" \/><\/a>\n\t\t\t<\/div>\n\t\t\t\t<figcaption class='wp-caption-text gallery-caption' id='gallery-1-9830'>\n\t\t\t\tmaurice b\n\t\t\t\t<\/figcaption><\/figure><figure class='gallery-item'>\n\t\t\t<div class='gallery-icon landscape'>\n\t\t\t\t<a href='https:\/\/vhrc.fr\/en\/historique\/vhrc-lhistorique\/2021-vhrc\/2021-vhrc-beaumont-monteux\/luc-g\/'><img loading=\"lazy\" decoding=\"async\" width=\"800\" height=\"445\" src=\"https:\/\/vhrc.fr\/wp-content\/uploads\/2021\/10\/luc-g-800x445.jpg\" class=\"attachment-colormag-featured-image size-colormag-featured-image\" alt=\"\" aria-describedby=\"gallery-1-9831\" \/><\/a>\n\t\t\t<\/div>\n\t\t\t\t<figcaption class='wp-caption-text gallery-caption' id='gallery-1-9831'>\n\t\t\t\tluc g\n\t\t\t\t<\/figcaption><\/figure><figure class='gallery-item'>\n\t\t\t<div class='gallery-icon landscape'>\n\t\t\t\t<a href='https:\/\/vhrc.fr\/en\/historique\/vhrc-lhistorique\/2021-vhrc\/2021-vhrc-beaumont-monteux\/pascal-b\/'><img loading=\"lazy\" decoding=\"async\" width=\"800\" height=\"445\" src=\"https:\/\/vhrc.fr\/wp-content\/uploads\/2021\/10\/pascal-b-800x445.jpg\" class=\"attachment-colormag-featured-image size-colormag-featured-image\" alt=\"\" aria-describedby=\"gallery-1-9832\" \/><\/a>\n\t\t\t<\/div>\n\t\t\t\t<figcaption class='wp-caption-text gallery-caption' id='gallery-1-9832'>\n\t\t\t\tpascal b\n\t\t\t\t<\/figcaption><\/figure><figure class='gallery-item'>\n\t\t\t<div class='gallery-icon landscape'>\n\t\t\t\t<a href='https:\/\/vhrc.fr\/en\/historique\/vhrc-lhistorique\/2021-vhrc\/2021-vhrc-beaumont-monteux\/guillaume\/'><img loading=\"lazy\" decoding=\"async\" width=\"800\" height=\"445\" src=\"https:\/\/vhrc.fr\/wp-content\/uploads\/2021\/10\/guillaume-800x445.jpg\" class=\"attachment-colormag-featured-image size-colormag-featured-image\" alt=\"\" aria-describedby=\"gallery-1-9833\" \/><\/a>\n\t\t\t<\/div>\n\t\t\t\t<figcaption class='wp-caption-text gallery-caption' id='gallery-1-9833'>\n\t\t\t\tguillaume\n\t\t\t\t<\/figcaption><\/figure><figure class='gallery-item'>\n\t\t\t<div class='gallery-icon landscape'>\n\t\t\t\t<a href='https:\/\/vhrc.fr\/en\/historique\/vhrc-lhistorique\/2021-vhrc\/2021-vhrc-beaumont-monteux\/niciolas-pilote-gt-alex-et-mickael\/'><img loading=\"lazy\" decoding=\"async\" width=\"800\" height=\"445\" src=\"https:\/\/vhrc.fr\/wp-content\/uploads\/2021\/10\/niciolas-pilote-gt-alex-et-mickael-800x445.jpg\" class=\"attachment-colormag-featured-image size-colormag-featured-image\" alt=\"\" aria-describedby=\"gallery-1-9834\" \/><\/a>\n\t\t\t<\/div>\n\t\t\t\t<figcaption class='wp-caption-text gallery-caption' id='gallery-1-9834'>\n\t\t\t\tniciolas pilote gt alex et mickael\n\t\t\t\t<\/figcaption><\/figure><figure class='gallery-item'>\n\t\t\t<div class='gallery-icon landscape'>\n\t\t\t\t<a href='https:\/\/vhrc.fr\/en\/historique\/vhrc-lhistorique\/2021-vhrc\/2021-vhrc-beaumont-monteux\/jean-claude\/'><img loading=\"lazy\" decoding=\"async\" width=\"800\" height=\"445\" src=\"https:\/\/vhrc.fr\/wp-content\/uploads\/2021\/10\/jean-claude-800x445.jpg\" class=\"attachment-colormag-featured-image size-colormag-featured-image\" alt=\"\" aria-describedby=\"gallery-1-9835\" \/><\/a>\n\t\t\t<\/div>\n\t\t\t\t<figcaption class='wp-caption-text gallery-caption' id='gallery-1-9835'>\n\t\t\t\tjean claude\n\t\t\t\t<\/figcaption><\/figure><figure class='gallery-item'>\n\t\t\t<div class='gallery-icon landscape'>\n\t\t\t\t<a href='https:\/\/vhrc.fr\/en\/historique\/vhrc-lhistorique\/2021-vhrc\/2021-vhrc-beaumont-monteux\/nicolas\/'><img loading=\"lazy\" decoding=\"async\" width=\"800\" height=\"445\" src=\"https:\/\/vhrc.fr\/wp-content\/uploads\/2021\/10\/nicolas-800x445.jpg\" class=\"attachment-colormag-featured-image size-colormag-featured-image\" alt=\"\" aria-describedby=\"gallery-1-9836\" \/><\/a>\n\t\t\t<\/div>\n\t\t\t\t<figcaption class='wp-caption-text gallery-caption' id='gallery-1-9836'>\n\t\t\t\tnicolas\n\t\t\t\t<\/figcaption><\/figure><figure class='gallery-item'>\n\t\t\t<div class='gallery-icon landscape'>\n\t\t\t\t<a href='https:\/\/vhrc.fr\/en\/historique\/vhrc-lhistorique\/2021-vhrc\/2021-vhrc-beaumont-monteux\/christophe-hugo-lucas-cecile-christophe\/'><img loading=\"lazy\" decoding=\"async\" width=\"800\" height=\"445\" src=\"https:\/\/vhrc.fr\/wp-content\/uploads\/2021\/10\/Christophe-Hugo-Lucas-Cecile-Christophe-800x445.jpg\" class=\"attachment-colormag-featured-image size-colormag-featured-image\" alt=\"\" aria-describedby=\"gallery-1-9837\" \/><\/a>\n\t\t\t<\/div>\n\t\t\t\t<figcaption class='wp-caption-text gallery-caption' id='gallery-1-9837'>\n\t\t\t\tChristophe Hugo Lucas C\u00e9cile Christophe\n\t\t\t\t<\/figcaption><\/figure><figure class='gallery-item'>\n\t\t\t<div class='gallery-icon landscape'>\n\t\t\t\t<a href='https:\/\/vhrc.fr\/en\/historique\/vhrc-lhistorique\/2021-vhrc\/2021-vhrc-beaumont-monteux\/pascal-b-b\/'><img loading=\"lazy\" decoding=\"async\" width=\"800\" height=\"445\" src=\"https:\/\/vhrc.fr\/wp-content\/uploads\/2021\/10\/Pascal-B-b-800x445.jpg\" class=\"attachment-colormag-featured-image size-colormag-featured-image\" alt=\"\" aria-describedby=\"gallery-1-9838\" \/><\/a>\n\t\t\t<\/div>\n\t\t\t\t<figcaption class='wp-caption-text gallery-caption' id='gallery-1-9838'>\n\t\t\t\tPascal B\n\t\t\t\t<\/figcaption><\/figure><figure class='gallery-item'>\n\t\t\t<div class='gallery-icon landscape'>\n\t\t\t\t<a href='https:\/\/vhrc.fr\/en\/historique\/vhrc-lhistorique\/2021-vhrc\/2021-vhrc-beaumont-monteux\/ellen-guillaume\/'><img loading=\"lazy\" decoding=\"async\" width=\"800\" height=\"445\" src=\"https:\/\/vhrc.fr\/wp-content\/uploads\/2021\/10\/Ellen-Guillaume-800x445.jpg\" class=\"attachment-colormag-featured-image size-colormag-featured-image\" alt=\"\" aria-describedby=\"gallery-1-9839\" \/><\/a>\n\t\t\t<\/div>\n\t\t\t\t<figcaption class='wp-caption-text gallery-caption' id='gallery-1-9839'>\n\t\t\t\tEllen Guillaume\n\t\t\t\t<\/figcaption><\/figure>\n\t\t<\/div>\n\n<h1>R\u00e9sum\u00e9<\/h1>\n<p>Un grand plaisir de revenir sur les circuits ce week-end pour l\u2019ensemble des pilotes ;<br \/>\nvotre investissement et votre fair-play t\u00e9moignent votre attachement pour l\u2019\u00e9chelle<br \/>\n1\/4.<\/p>\n<p>article par R\u00e9mi C<\/p>","protected":false},"excerpt":{"rendered":"<p>le 3 Octobre 2021 Les pilotes se sont retrouv\u00e9s pour cette unique manche du VHRC 2021. Apr\u00e8s une longue pause,<\/p>","protected":false},"author":5,"featured_media":9837,"parent":9822,"menu_order":0,"comment_status":"closed","ping_status":"closed","template":"","meta":{"colormag_page_container_layout":"default_layout","colormag_page_sidebar_layout":"default_layout","footnotes":""},"class_list":["post-9826","page","type-page","status-publish","has-post-thumbnail","hentry"],"_links":{"self":[{"href":"https:\/\/vhrc.fr\/en\/wp-json\/wp\/v2\/pages\/9826","targetHints":{"allow":["GET"]}}],"collection":[{"href":"https:\/\/vhrc.fr\/en\/wp-json\/wp\/v2\/pages"}],"about":[{"href":"https:\/\/vhrc.fr\/en\/wp-json\/wp\/v2\/types\/page"}],"author":[{"embeddable":true,"href":"https:\/\/vhrc.fr\/en\/wp-json\/wp\/v2\/users\/5"}],"replies":[{"embeddable":true,"href":"https:\/\/vhrc.fr\/en\/wp-json\/wp\/v2\/comments?post=9826"}],"version-history":[{"count":4,"href":"https:\/\/vhrc.fr\/en\/wp-json\/wp\/v2\/pages\/9826\/revisions"}],"predecessor-version":[{"id":9853,"href":"https:\/\/vhrc.fr\/en\/wp-json\/wp\/v2\/pages\/9826\/revisions\/9853"}],"up":[{"embeddable":true,"href":"https:\/\/vhrc.fr\/en\/wp-json\/wp\/v2\/pages\/9822"}],"wp:featuredmedia":[{"embeddable":true,"href":"https:\/\/vhrc.fr\/en\/wp-json\/wp\/v2\/media\/9837"}],"wp:attachment":[{"href":"https:\/\/vhrc.fr\/en\/wp-json\/wp\/v2\/media?parent=9826"}],"curies":[{"name":"wp","href":"https:\/\/api.w.org\/{rel}","templated":true}]}}