{"id":992,"date":"2010-06-25T09:24:20","date_gmt":"2010-06-25T08:24:20","guid":{"rendered":"http:\/\/vhrc.fr\/?page_id=992"},"modified":"2010-07-15T07:10:00","modified_gmt":"2010-07-15T06:10:00","slug":"2010-manche-4-vhrc-a-saint-affrique","status":"publish","type":"page","link":"https:\/\/vhrc.fr\/en\/historique\/vhrc-lhistorique\/2010vhrc\/2010-manche-4-vhrc-a-saint-affrique\/","title":{"rendered":"2010 M4 Saint Affrique"},"content":{"rendered":"<h2>r\u00e9sum\u00e9 de la course<\/h2>\n<h3>Cinq pilotes du <span style=\"color: #0000ff;\"><strong>VHRC<\/strong><\/span> ont fait le d\u00e9placement,dans l\u2019Aveyron \u00e0 St Affrique.<\/h3>\n<p><img decoding=\"async\" class=\"ngg-singlepic ngg-none\" src=\"http:\/\/vhrc.fr\/wp-content\/gallery\/vhrc-2010-manche-4-a-saint-affrique\/vhrc_saint_affrique_2010_011.jpg\" alt=\"GE DIGITAL CAMERA\" \/><\/p>\n<p>Superbe circuit,tr\u00e8s rapide,ou la Paella ,le Roquefort (papillon) et les vins des Costi\u00e8res venaient agr\u00e9menter une journ\u00e9e de course.<br \/>\nLes organisateurs ont du faire le forcing avec 52 pilotes, 2 cat. 1\/10 \u00e9l\u00e9ct. 2cat. 1\/10 thermique, une 1\/8 thermique, 2 cat.\u00a0 1\/5 &#8230;et le <span style=\"color: #0000ff;\"><strong>VHRC<\/strong><\/span>, du boulot \u00e0 g\u00e9rer!<\/p>\n<h3>Dimanche matin sous une brume  rafraichissante \u00e0 7h30\u00a0:le <span style=\"color: #0000ff;\"><strong>VHRC<\/strong><\/span><\/h3>\n<p><span style=\"color: #0000ff;\"><strong><img decoding=\"async\" class=\"ngg-singlepic ngg-none\" src=\"http:\/\/vhrc.fr\/wp-content\/gallery\/vhrc-2010-manche-4-a-saint-affrique\/vhrc_saint_affrique_2010_021.jpg\" alt=\"vhrc_saint_affrique_2010_021\" \/><br \/>\n<\/strong><\/span><\/p>\n<p>Daniel,Patrick, Gilles et son fils,Luc\u2026\u2026.Thierry qui arriva vers 8h15 juste avant la 1\u00e9re Qualif.<br \/>\nLa majorit\u00e9 des pilotes  \u00e9tait  l\u00e0  depuis la veille soit \u00e0  l\u2019h\u00f4tel ou en camping sous la tente (Gilles et son fils). Cela est n\u00e9cessaire car nous avons gal\u00e9r\u00e9 a r\u00e9gler les moteurs \u00e0 cause de  la canicule.<\/p>\n<h3>Au menu:  3 qualifs\u00a0 de 5\u2019 et  une finale de 20\u2019 (houla\u00a0!)<\/h3>\n<p>Nos qualifs se d\u00e9roul\u00e9rent si je puis dire \u00e0 la fraiche\u2026\u202612t pour la petite<br \/>\nHistoire les 1\/5 firent 13t : le \u00bc se tient bien\u00a0!<br \/>\nLa finale a 15h15,temp\u00e9ratrure du goudron 68\u00b0&#8230; (Mazette\u00a0!)<br \/>\nAu sein du <span style=\"color: #0000ff;\"><strong>VHRC<\/strong><\/span> on  s\u2019interroge , les pneus vont-ils tenir\u00a0? le moteur va \u2013t-il s\u2019\u00e9ffondrer\u00a0? 20\u2019 &#8230;?<br \/>\nApr\u00e8s concertation,la devise aller jusqu\u2019au bout ,donc ne pas attaquer avant 10\u2019\u2026\u2026\u2026..fabuleux cet esprit course au <strong><span style=\"color: #0000ff;\">VHRC<\/span><\/strong> !<br \/>\nNous voila partis pour 20\u2019 avec le trac aux bouts des doigts\u00a0!<br \/>\nPatrick prend la t\u00eate.suivi de Luc, Gilles, Daniel et Thierry\u2026\u2026Pendant6\u2019<br \/>\nTous les pilotes suivent le train, tout va bien\u00a0!<br \/>\nPuis une vis de fus\u00e9e  arri\u00e8re du Spider de Patrick d\u00e9cide de prendre la retraite\u2026<\/p>\n<p><img decoding=\"async\" class=\"ngg-singlepic ngg-none\" src=\"http:\/\/vhrc.fr\/wp-content\/gallery\/vhrc-2010-manche-4-a-saint-affrique\/vhrc_saint_affrique_2010_020.jpg\" alt=\"vhrc_saint_affrique_2010_020\" \/><br \/>\nRepartira mais loin..dommage\u00a0!<br \/>\nLuc prit la t\u00eate jusqu&rsquo;\u00e0 12\u2019 ,fait une faute en bout de ligne droite, Gilles le passe\u2026 et la  gardera la t\u00eate jusqu\u2019au drapeau \u00e0 Damier.<br \/>\nDaniel en 3\u00e9 position,nous fait un festival de pilotage,faisant  corps avec sa Porsche jusqu \u2018a 2 tours de la fin  ou un cardan lache.<br \/>\nThierry  \u00e0 4 tours de la fin l\u2019auto d\u00e9croche saute\u2026\u2026.le pneu ar droit est entrain de s\u2019ouvrir,        terminera la course &#8230;<\/p>\n<p><img decoding=\"async\" class=\"ngg-singlepic ngg-none\" src=\"http:\/\/vhrc.fr\/wp-content\/gallery\/vhrc-2010-manche-4-a-saint-affrique\/vhrc_saint_affrique_2010_015.jpg\" alt=\"vhrc_saint_affrique_2010_015\" \/><\/p>\n<h2>R\u00e9sultats<\/h2>\n<p>Gilles  Bouisson\u00a0:Imp\u00e9rial.Gagne  sur Porsche \u00e0 St Affrique en 2010.<\/p>\n<h2>Conclusion<\/h2>\n<p>Les conditions climatiques \u00e9taient extr\u00eames ! Mais le sourire \u00e9tait   sur toutes les l\u00e9vres, on s\u2019est r\u00e9gal\u00e9\u00a0;  on reviendra\u00a0!<\/p>\n<h2>Photos<\/h2>\n<p>[nggallery id=44 template=caption ]<\/p>\n<h2>pr\u00e9sentation<\/h2>\n<p>Le 11 Juillet, Course \u00e0 Saint-Affrique:<\/p>\n<p>1\/4,1\/5,  1\/8, 1\/10 Thermique en  Officiel;<\/p>\n<p>1\/10 ELECTRIQUE En Cat\u00e9gorie  Amicale ! (Pas de classement officiel) Faisons l&rsquo;effort de nous  d\u00e9placer.<\/p>\n<p>Venez Nombreux <img decoding=\"async\" src=\"http:\/\/www.petitrc.com\/_forumphp\/images\/smilies\/wink.gif\" alt=\"\" \/><\/p>\n<p>Une Ambiance des plus chaleureuses, un contexte magnifique (Au  milieu  des Montagnes &#8230;) Une Belle piste avec une Grande ligne droite  (qu&rsquo;on  peut demander toutefois \u00e0 couper pour les Manches Electriques  car des  passages le permettent)<br \/>\n<a href=\"http:\/\/vhrc.fr\/wp-content\/uploads\/2010\/06\/30-14h47m56s_IMG_0914.jpg\"><img loading=\"lazy\" decoding=\"async\" class=\"alignnone size-medium wp-image-993\" title=\"30-14h47m56s_IMG_0914\" src=\"http:\/\/vhrc.fr\/wp-content\/uploads\/2010\/06\/30-14h47m56s_IMG_0914-300x225.jpg\" alt=\"\" width=\"300\" height=\"225\" \/><\/a><br \/>\nStand avec \u00e9lectricit\u00e9 a  toutes les tables soufflette,lavabo pilotes, WC, parking handicap\u00e9s<\/p>\n<h2><a href=\"http:\/\/vhrc.fr\/pdf\/ENGAGEMENT_PILOTE_11juillet2010_saint_affrique.pdf\" target=\"_blank\">fiche inscription<\/a><a href=\"http:\/\/vhrc.fr\/pdf\/ENGAGEMENT_PILOTE_11juillet2010_saint_affrique.pdf\" target=\"_blank\"><img loading=\"lazy\" decoding=\"async\" class=\"alignnone size-full wp-image-994\" title=\"E_PDF\" src=\"http:\/\/vhrc.fr\/wp-content\/uploads\/2010\/06\/E_PDF.png\" alt=\"\" width=\"107\" height=\"107\" srcset=\"https:\/\/vhrc.fr\/wp-content\/uploads\/2010\/06\/E_PDF.png 107w, https:\/\/vhrc.fr\/wp-content\/uploads\/2010\/06\/E_PDF-64x64.png 64w\" sizes=\"auto, (max-width: 107px) 100vw, 107px\" \/><\/a><\/h2>\n","protected":false},"excerpt":{"rendered":"<p>r\u00e9sum\u00e9 de la course Cinq pilotes du VHRC ont fait le d\u00e9placement,dans l\u2019Aveyron \u00e0 St Affrique. Superbe circuit,tr\u00e8s rapide,ou la<\/p>","protected":false},"author":5,"featured_media":993,"parent":379,"menu_order":0,"comment_status":"open","ping_status":"open","template":"","meta":{"colormag_page_container_layout":"default_layout","colormag_page_sidebar_layout":"default_layout","footnotes":""},"class_list":["post-992","page","type-page","status-publish","has-post-thumbnail","hentry"],"_links":{"self":[{"href":"https:\/\/vhrc.fr\/en\/wp-json\/wp\/v2\/pages\/992","targetHints":{"allow":["GET"]}}],"collection":[{"href":"https:\/\/vhrc.fr\/en\/wp-json\/wp\/v2\/pages"}],"about":[{"href":"https:\/\/vhrc.fr\/en\/wp-json\/wp\/v2\/types\/page"}],"author":[{"embeddable":true,"href":"https:\/\/vhrc.fr\/en\/wp-json\/wp\/v2\/users\/5"}],"replies":[{"embeddable":true,"href":"https:\/\/vhrc.fr\/en\/wp-json\/wp\/v2\/comments?post=992"}],"version-history":[{"count":5,"href":"https:\/\/vhrc.fr\/en\/wp-json\/wp\/v2\/pages\/992\/revisions"}],"predecessor-version":[{"id":1037,"href":"https:\/\/vhrc.fr\/en\/wp-json\/wp\/v2\/pages\/992\/revisions\/1037"}],"up":[{"embeddable":true,"href":"https:\/\/vhrc.fr\/en\/wp-json\/wp\/v2\/pages\/379"}],"wp:featuredmedia":[{"embeddable":true,"href":"https:\/\/vhrc.fr\/en\/wp-json\/wp\/v2\/media\/993"}],"wp:attachment":[{"href":"https:\/\/vhrc.fr\/en\/wp-json\/wp\/v2\/media?parent=992"}],"curies":[{"name":"wp","href":"https:\/\/api.w.org\/{rel}","templated":true}]}}