{"id":9939,"date":"2025-06-03T09:00:33","date_gmt":"2025-06-03T08:00:33","guid":{"rendered":"https:\/\/vhrc.fr\/?page_id=9939"},"modified":"2025-07-08T09:23:25","modified_gmt":"2025-07-08T08:23:25","slug":"rcbodyshop-maquettes-automobiles","status":"publish","type":"page","link":"https:\/\/vhrc.fr\/en\/voitures\/rcbodyshop-maquettes-automobiles\/","title":{"rendered":"RCbodyShop Maquettes automobiles"},"content":{"rendered":"<p>Depuis 2010, St\u00e9phane HEYBERGER\u00a0 alias <a href=\"https:\/\/www.instagram.com\/rcbodyshop\/\">RCbodyShop<\/a> a un atelier de fabrication de carrosseries et de voitures radio command\u00e9es.<\/p>\n<p>Au d\u00e9but sp\u00e9cialis\u00e9 dans les carrosseries thermoform\u00e9es en Lexan, il a ensuite d\u00e9velopp\u00e9 des prototypes en fibre de verre et impression 3d.<\/p>\n<p>On peut aussi faire r\u00e9aliser des autocollants et accessoires sur mesure.<\/p>\n<p>Les mod\u00e8les sont souvent au 1:5 et 1:4, mais des mod\u00e8les plus grands existent jusqu&rsquo;\u00e0 l&rsquo;\u00e9chelle 1:1 ou 1:2.<\/p>\n<p>Des sculptures automobiles et des meubles \u00ab\u00a0automobiles\u00a0\u00bb se trouvent aussi chez <a href=\"https:\/\/linktr.ee\/rcbodyshop\">RCbodyShop<\/a>.<\/p>\n<p>&nbsp;<\/p>","protected":false},"excerpt":{"rendered":"<p>Depuis 2010, St\u00e9phane HEYBERGER\u00a0 alias RCbodyShop a un atelier de fabrication de carrosseries et de voitures radio command\u00e9es. Au d\u00e9but<\/p>","protected":false},"author":5,"featured_media":9941,"parent":138,"menu_order":1,"comment_status":"closed","ping_status":"closed","template":"","meta":{"colormag_page_container_layout":"default_layout","colormag_page_sidebar_layout":"default_layout","footnotes":""},"class_list":["post-9939","page","type-page","status-publish","has-post-thumbnail","hentry"],"_links":{"self":[{"href":"https:\/\/vhrc.fr\/en\/wp-json\/wp\/v2\/pages\/9939","targetHints":{"allow":["GET"]}}],"collection":[{"href":"https:\/\/vhrc.fr\/en\/wp-json\/wp\/v2\/pages"}],"about":[{"href":"https:\/\/vhrc.fr\/en\/wp-json\/wp\/v2\/types\/page"}],"author":[{"embeddable":true,"href":"https:\/\/vhrc.fr\/en\/wp-json\/wp\/v2\/users\/5"}],"replies":[{"embeddable":true,"href":"https:\/\/vhrc.fr\/en\/wp-json\/wp\/v2\/comments?post=9939"}],"version-history":[{"count":1,"href":"https:\/\/vhrc.fr\/en\/wp-json\/wp\/v2\/pages\/9939\/revisions"}],"predecessor-version":[{"id":9940,"href":"https:\/\/vhrc.fr\/en\/wp-json\/wp\/v2\/pages\/9939\/revisions\/9940"}],"up":[{"embeddable":true,"href":"https:\/\/vhrc.fr\/en\/wp-json\/wp\/v2\/pages\/138"}],"wp:featuredmedia":[{"embeddable":true,"href":"https:\/\/vhrc.fr\/en\/wp-json\/wp\/v2\/media\/9941"}],"wp:attachment":[{"href":"https:\/\/vhrc.fr\/en\/wp-json\/wp\/v2\/media?parent=9939"}],"curies":[{"name":"wp","href":"https:\/\/api.w.org\/{rel}","templated":true}]}}